{"id":719406,"date":"2025-08-27T18:21:37","date_gmt":"2025-08-27T15:21:37","guid":{"rendered":"https:\/\/roveyayinevi.com.tr\/index.php\/urun\/bakir-renkli-kayin-agaclari-sherlock-holmes-2\/"},"modified":"2026-04-16T02:27:33","modified_gmt":"2026-04-15T23:27:33","slug":"bakir-renkli-kayin-agaclari-sherlock-holmes-2","status":"publish","type":"product","link":"https:\/\/roveyayinevi.com.tr\/index.php\/urun\/bakir-renkli-kayin-agaclari-sherlock-holmes-2\/","title":{"rendered":"Bak\u0131r Renkli Kay\u0131n A\u011fa\u00e7lar\u0131 &#8211; Sherlock Holmes"},"content":{"rendered":"<p>Arthur Conan Doyle\u2019un yaratt\u0131\u011f\u0131 ve b\u00fct\u00fcn d\u00fcnyada b\u00fcy\u00fck bir heyecan, merak ve keyifle okunan Sherlock Holmes maceralar\u0131 \u00fclkemizde de b\u00fcy\u00fck bir kitle taraf\u0131ndan ayn\u0131 heyecan ve zevkle okunmaktad\u0131r.K\u0131sa polisiye \u00f6yk\u00fc edebiyat\u0131n\u0131n \u00f6nc\u00fcs\u00fc \u0130ngiliz yazar Arthur Conan Doyle\u2019dan olduk\u00e7a heyecanl\u0131 ve bir o kadar da e\u011flenceli alt\u0131 harikul\u00e2de hikaye.\u00d6zellikle Holmes\u2019un az\u0131l\u0131 d\u00fc\u015fman\u0131 ve su\u00e7un profes\u00f6r\u00fc olarak an\u0131lan Dr. Moriarty ile ya\u015fad\u0131\u011f\u0131 \u00f6l\u00fcmc\u00fcl macera \u201cSherlock Holmes Tehlikede\u201d bu kitab\u0131n favori \u00f6yk\u00fcs\u00fcd\u00fcr.Keyifli okumalar dileriz.<\/p>\n","protected":false},"excerpt":{"rendered":"<p>Arthur Conan Doyle\u2019un yaratt\u0131\u011f\u0131 ve b\u00fct\u00fcn d\u00fcnyada b\u00fcy\u00fck bir heyecan, merak ve keyifle okunan Sherlock Holmes maceralar\u0131 \u00fclkemizde de b\u00fcy\u00fck bir kitle taraf\u0131ndan ayn\u0131 heyecan ve<span class=\"excerpt-hellip\"> [\u2026]<\/span><\/p>\n","protected":false},"featured_media":0,"template":"","meta":{"_monsterinsights_skip_tracking":false,"_monsterinsights_sitenote_active":false,"_monsterinsights_sitenote_note":"","_monsterinsights_sitenote_category":0},"product_brand":[],"product_cat":[12291,12711],"product_tag":[],"class_list":{"0":"post-719406","1":"product","2":"type-product","3":"status-publish","5":"product_cat-edebiyat","6":"product_cat-roman-oyku","7":"pa_cilt-ciltsiz","8":"pa_tur-kitap","9":"pa_yayinevi-parola-yayinlari","10":"pa_yazar-sir-arthur-conan-doyle","12":"first","13":"instock","14":"sale","15":"shipping-taxable","16":"purchasable","17":"product-type-simple"},"_links":{"self":[{"href":"https:\/\/roveyayinevi.com.tr\/index.php\/wp-json\/wp\/v2\/product\/719406","targetHints":{"allow":["GET"]}}],"collection":[{"href":"https:\/\/roveyayinevi.com.tr\/index.php\/wp-json\/wp\/v2\/product"}],"about":[{"href":"https:\/\/roveyayinevi.com.tr\/index.php\/wp-json\/wp\/v2\/types\/product"}],"wp:attachment":[{"href":"https:\/\/roveyayinevi.com.tr\/index.php\/wp-json\/wp\/v2\/media?parent=719406"}],"wp:term":[{"taxonomy":"product_brand","embeddable":true,"href":"https:\/\/roveyayinevi.com.tr\/index.php\/wp-json\/wp\/v2\/product_brand?post=719406"},{"taxonomy":"product_cat","embeddable":true,"href":"https:\/\/roveyayinevi.com.tr\/index.php\/wp-json\/wp\/v2\/product_cat?post=719406"},{"taxonomy":"product_tag","embeddable":true,"href":"https:\/\/roveyayinevi.com.tr\/index.php\/wp-json\/wp\/v2\/product_tag?post=719406"}],"curies":[{"name":"wp","href":"https:\/\/api.w.org\/{rel}","templated":true}]}}