{"id":719405,"date":"2025-08-27T18:21:36","date_gmt":"2025-08-27T15:21:36","guid":{"rendered":"https:\/\/roveyayinevi.com.tr\/index.php\/urun\/bir-kimlik-vakasi-sherlock-holmes\/"},"modified":"2026-04-16T02:27:33","modified_gmt":"2026-04-15T23:27:33","slug":"bir-kimlik-vakasi-sherlock-holmes","status":"publish","type":"product","link":"https:\/\/roveyayinevi.com.tr\/index.php\/urun\/bir-kimlik-vakasi-sherlock-holmes\/","title":{"rendered":"Bir Kimlik Vakas\u0131 &#8211; Sherlock Holmes"},"content":{"rendered":"<p>Polisiye edebiyat bir\u00e7ok \u00fclkede ve \u00fclkemizde, \u00f6zellikle son y\u0131llarda okuyucu say\u0131s\u0131 artan bir t\u00fcr olmaya ba\u015flam\u0131\u015ft\u0131r. Ayr\u0131ca ciddi edebiyat \u00e7evrelerinde, ele\u015ftirmenler taraf\u0131ndan nihayet hak etti\u011fi ilgiyi g\u00f6rmeye ba\u015flayan polisiye t\u00fcr yeniden alt\u0131n \u00e7a\u011f\u0131n\u0131 yakalam\u0131\u015ft\u0131r. B\u00fct\u00fcn D\u00fcnya\u2019n\u0131n en g\u00f6zde polisiye roman ve k\u0131sa polisiye hik\u00e2ye yazar\u0131 Sir Arthur Conan Doyle\u2019un gerilim dolu, heyecan temposu y\u00fcksek k\u0131sa hik\u00e2yelerinin yer ald\u0131\u011f\u0131, \u0130ngiltere\u2019nin hi\u00e7 bilmedi\u011finiz cadde, dar ve karanl\u0131k sokaklar\u0131nda \u201cBir Kimlik Vakas\u0131\u201d ile dola\u015fmaya haz\u0131r m\u0131s\u0131n\u0131z?\u201cBir Kimlik Vakas\u0131\u201d ad\u0131yla yay\u0131nlad\u0131\u011f\u0131m\u0131z bu kitab\u0131n ard\u0131ndan di\u011fer Holmes maceralar\u0131n\u0131 ve t\u00fcr\u00fcn en iyilerini yay\u0131nlamaya devam edece\u011fiz.<\/p>\n","protected":false},"excerpt":{"rendered":"<p>Polisiye edebiyat bir\u00e7ok \u00fclkede ve \u00fclkemizde, \u00f6zellikle son y\u0131llarda okuyucu say\u0131s\u0131 artan bir t\u00fcr olmaya ba\u015flam\u0131\u015ft\u0131r. Ayr\u0131ca ciddi edebiyat \u00e7evrelerinde, ele\u015ftirmenler taraf\u0131ndan nihayet hak etti\u011fi ilgiyi<span class=\"excerpt-hellip\"> [\u2026]<\/span><\/p>\n","protected":false},"featured_media":0,"template":"","meta":{"_monsterinsights_skip_tracking":false,"_monsterinsights_sitenote_active":false,"_monsterinsights_sitenote_note":"","_monsterinsights_sitenote_category":0},"product_brand":[],"product_cat":[12291,15445],"product_tag":[],"class_list":{"0":"post-719405","1":"product","2":"type-product","3":"status-publish","5":"product_cat-edebiyat","6":"product_cat-polisiye","7":"pa_cilt-ciltsiz","8":"pa_tur-kitap","9":"pa_yayinevi-parola-yayinlari","10":"pa_yazar-sir-arthur-conan-doyle","12":"first","13":"instock","14":"sale","15":"shipping-taxable","16":"purchasable","17":"product-type-simple"},"_links":{"self":[{"href":"https:\/\/roveyayinevi.com.tr\/index.php\/wp-json\/wp\/v2\/product\/719405","targetHints":{"allow":["GET"]}}],"collection":[{"href":"https:\/\/roveyayinevi.com.tr\/index.php\/wp-json\/wp\/v2\/product"}],"about":[{"href":"https:\/\/roveyayinevi.com.tr\/index.php\/wp-json\/wp\/v2\/types\/product"}],"wp:attachment":[{"href":"https:\/\/roveyayinevi.com.tr\/index.php\/wp-json\/wp\/v2\/media?parent=719405"}],"wp:term":[{"taxonomy":"product_brand","embeddable":true,"href":"https:\/\/roveyayinevi.com.tr\/index.php\/wp-json\/wp\/v2\/product_brand?post=719405"},{"taxonomy":"product_cat","embeddable":true,"href":"https:\/\/roveyayinevi.com.tr\/index.php\/wp-json\/wp\/v2\/product_cat?post=719405"},{"taxonomy":"product_tag","embeddable":true,"href":"https:\/\/roveyayinevi.com.tr\/index.php\/wp-json\/wp\/v2\/product_tag?post=719405"}],"curies":[{"name":"wp","href":"https:\/\/api.w.org\/{rel}","templated":true}]}}