{"id":719404,"date":"2025-08-27T18:21:35","date_gmt":"2025-08-27T15:21:35","guid":{"rendered":"https:\/\/roveyayinevi.com.tr\/index.php\/urun\/dortlerin-esrari-sherlock-holmes-2\/"},"modified":"2026-04-16T02:27:33","modified_gmt":"2026-04-15T23:27:33","slug":"dortlerin-esrari-sherlock-holmes-2","status":"publish","type":"product","link":"https:\/\/roveyayinevi.com.tr\/index.php\/urun\/dortlerin-esrari-sherlock-holmes-2\/","title":{"rendered":"D\u00f6rtlerin Esrar\u0131 &#8211; Sherlock Holmes"},"content":{"rendered":"<p>B\u00fct\u00fcn d\u00fcnyada milyonlarca okurun b\u00fcy\u00fck bir heyecan ve tutku ile takip etti\u011fi Sherlock Holmes maceralar\u0131n\u0131n yarat\u0131c\u0131s\u0131 Arthur Conan Doyle\u2019un k\u0131sa hikayeleri d\u0131\u015f\u0131nda kaleme ald\u0131\u011f\u0131 d\u00f6rt roman\u0131ndan biridir.D\u00f6rtlerin Esrar\u0131 maceras\u0131 Hindistan\u2019da patlak veren b\u00fcy\u00fck ve kanl\u0131 Sih isyan\u0131 ile ba\u015flay\u0131p, \u0130ngiltere\u2019de umulmad\u0131k bir anda geli\u015fen ilgin\u00e7 ve kanl\u0131 olaylarla devam eder.K\u0131sa zamanda i\u00e7inden \u00e7\u0131k\u0131lmaz bir hal alan olaylar yuma\u011f\u0131n\u0131 b\u00fcy\u00fck tehlikelere at\u0131larak kahraman\u0131m\u0131z Sherlock Holmes ve yak\u0131n dostu Dr. Watson \u00e7\u00f6zmeye \u00e7al\u0131\u015facaklar.<\/p>\n","protected":false},"excerpt":{"rendered":"<p>B\u00fct\u00fcn d\u00fcnyada milyonlarca okurun b\u00fcy\u00fck bir heyecan ve tutku ile takip etti\u011fi Sherlock Holmes maceralar\u0131n\u0131n yarat\u0131c\u0131s\u0131 Arthur Conan Doyle\u2019un k\u0131sa hikayeleri d\u0131\u015f\u0131nda kaleme ald\u0131\u011f\u0131 d\u00f6rt roman\u0131ndan<span class=\"excerpt-hellip\"> [\u2026]<\/span><\/p>\n","protected":false},"featured_media":0,"template":"","meta":{"_monsterinsights_skip_tracking":false,"_monsterinsights_sitenote_active":false,"_monsterinsights_sitenote_note":"","_monsterinsights_sitenote_category":0},"product_brand":[],"product_cat":[12291,15445],"product_tag":[],"class_list":{"0":"post-719404","1":"product","2":"type-product","3":"status-publish","5":"product_cat-edebiyat","6":"product_cat-polisiye","7":"pa_cilt-ciltsiz","8":"pa_tur-kitap","9":"pa_yayinevi-parola-yayinlari","10":"pa_yazar-sir-arthur-conan-doyle","12":"first","13":"instock","14":"sale","15":"shipping-taxable","16":"purchasable","17":"product-type-simple"},"_links":{"self":[{"href":"https:\/\/roveyayinevi.com.tr\/index.php\/wp-json\/wp\/v2\/product\/719404","targetHints":{"allow":["GET"]}}],"collection":[{"href":"https:\/\/roveyayinevi.com.tr\/index.php\/wp-json\/wp\/v2\/product"}],"about":[{"href":"https:\/\/roveyayinevi.com.tr\/index.php\/wp-json\/wp\/v2\/types\/product"}],"wp:attachment":[{"href":"https:\/\/roveyayinevi.com.tr\/index.php\/wp-json\/wp\/v2\/media?parent=719404"}],"wp:term":[{"taxonomy":"product_brand","embeddable":true,"href":"https:\/\/roveyayinevi.com.tr\/index.php\/wp-json\/wp\/v2\/product_brand?post=719404"},{"taxonomy":"product_cat","embeddable":true,"href":"https:\/\/roveyayinevi.com.tr\/index.php\/wp-json\/wp\/v2\/product_cat?post=719404"},{"taxonomy":"product_tag","embeddable":true,"href":"https:\/\/roveyayinevi.com.tr\/index.php\/wp-json\/wp\/v2\/product_tag?post=719404"}],"curies":[{"name":"wp","href":"https:\/\/api.w.org\/{rel}","templated":true}]}}