{"id":719403,"date":"2025-08-27T18:21:35","date_gmt":"2025-08-27T15:21:35","guid":{"rendered":"https:\/\/roveyayinevi.com.tr\/index.php\/urun\/bos-ev-sherlock-holmes\/"},"modified":"2026-04-16T02:27:33","modified_gmt":"2026-04-15T23:27:33","slug":"bos-ev-sherlock-holmes","status":"publish","type":"product","link":"https:\/\/roveyayinevi.com.tr\/index.php\/urun\/bos-ev-sherlock-holmes\/","title":{"rendered":"Bo\u015f Ev &#8211; Sherlock Holmes"},"content":{"rendered":"<p>\u0130ngiliz yazar Arthur Conan Doyle\u2019un yaratt\u0131\u011f\u0131 ve b\u00fct\u00fcn d\u00fcnyada b\u00fcy\u00fck bir heyecan, merak ve keyifle okunan, ola\u011fan\u00fcst\u00fc   Sherlock Holmes maceralar\u0131 \u00fclkemizde de b\u00fcy\u00fck bir kitle taraf\u0131ndan ayn\u0131 merak, heyecan ve keyifle okunmaktad\u0131r.Bu kitab\u0131m\u0131zda yine en g\u00fczel k\u0131sa Sherlock Holmes maceralar\u0131 yer al\u0131yor. Yay\u0131nevimizin klasik polisiye maceralar dizisinde yer alan \u201cBo\u015f Ev\u201d ile seriye devam ediyoruz.Sayfalar\u0131 \u00e7evirdik\u00e7e heyecan dozu artan Sherlock Holmes maceralar\u0131n\u0131n yer ald\u0131\u011f\u0131 \u201cBo\u015f Ev\u201d ile sizi ba\u015f ba\u015fa b\u0131rak\u0131yor ve keyifli okumalar diliyoruz.<\/p>\n","protected":false},"excerpt":{"rendered":"<p>\u0130ngiliz yazar Arthur Conan Doyle\u2019un yaratt\u0131\u011f\u0131 ve b\u00fct\u00fcn d\u00fcnyada b\u00fcy\u00fck bir heyecan, merak ve keyifle okunan, ola\u011fan\u00fcst\u00fc Sherlock Holmes maceralar\u0131 \u00fclkemizde de b\u00fcy\u00fck bir kitle taraf\u0131ndan<span class=\"excerpt-hellip\"> [\u2026]<\/span><\/p>\n","protected":false},"featured_media":0,"template":"","meta":{"_monsterinsights_skip_tracking":false,"_monsterinsights_sitenote_active":false,"_monsterinsights_sitenote_note":"","_monsterinsights_sitenote_category":0},"product_brand":[],"product_cat":[12291,15445],"product_tag":[],"class_list":{"0":"post-719403","1":"product","2":"type-product","3":"status-publish","5":"product_cat-edebiyat","6":"product_cat-polisiye","7":"pa_cilt-ciltsiz","8":"pa_tur-kitap","9":"pa_yayinevi-parola-yayinlari","10":"pa_yazar-sir-arthur-conan-doyle","12":"first","13":"instock","14":"sale","15":"shipping-taxable","16":"purchasable","17":"product-type-simple"},"_links":{"self":[{"href":"https:\/\/roveyayinevi.com.tr\/index.php\/wp-json\/wp\/v2\/product\/719403","targetHints":{"allow":["GET"]}}],"collection":[{"href":"https:\/\/roveyayinevi.com.tr\/index.php\/wp-json\/wp\/v2\/product"}],"about":[{"href":"https:\/\/roveyayinevi.com.tr\/index.php\/wp-json\/wp\/v2\/types\/product"}],"wp:attachment":[{"href":"https:\/\/roveyayinevi.com.tr\/index.php\/wp-json\/wp\/v2\/media?parent=719403"}],"wp:term":[{"taxonomy":"product_brand","embeddable":true,"href":"https:\/\/roveyayinevi.com.tr\/index.php\/wp-json\/wp\/v2\/product_brand?post=719403"},{"taxonomy":"product_cat","embeddable":true,"href":"https:\/\/roveyayinevi.com.tr\/index.php\/wp-json\/wp\/v2\/product_cat?post=719403"},{"taxonomy":"product_tag","embeddable":true,"href":"https:\/\/roveyayinevi.com.tr\/index.php\/wp-json\/wp\/v2\/product_tag?post=719403"}],"curies":[{"name":"wp","href":"https:\/\/api.w.org\/{rel}","templated":true}]}}