{"id":719396,"date":"2025-08-27T18:21:29","date_gmt":"2025-08-27T15:21:29","guid":{"rendered":"https:\/\/roveyayinevi.com.tr\/index.php\/urun\/kipri-gibi-bir-adam-sevdim\/"},"modified":"2026-04-16T02:27:33","modified_gmt":"2026-04-15T23:27:33","slug":"kipri-gibi-bir-adam-sevdim","status":"publish","type":"product","link":"https:\/\/roveyayinevi.com.tr\/index.php\/urun\/kipri-gibi-bir-adam-sevdim\/","title":{"rendered":"Kipri Gibi Bir Adam Sevdim"},"content":{"rendered":"<p>Kirpi gibi adamlara ve kirpi gibi adamlar\u0131 seven keklik kad\u0131nlara, Nabz\u0131m\u0131n bo\u015fluklar\u0131ndan damarlar\u0131ma d\u00fc\u015fen bir adam tan\u0131d\u0131m. Baz\u0131 adamlar\u0131n mayas\u0131nda baz\u0131 kad\u0131nlar\u0131 severek \u00f6ld\u00fcrmek vard\u0131r. Baz\u0131 adamlar silah de\u011fil, sevgisini kullan\u0131r. Baz\u0131 adamlar o kadar yaln\u0131zd\u0131r ki, sizin varl\u0131\u011f\u0131n\u0131z, y\u0131llar boyunca sar\u0131l\u0131p annesi bildi\u011fi yaln\u0131zl\u0131\u011f\u0131na olu\u015fturulmu\u015f bir \u00f6l\u00fcm tehdididir ve s\u0131rf bu y\u00fczden sizden ka\u00e7arak yaln\u0131zl\u0131klar\u0131n\u0131 korumaya \u00e7al\u0131\u015f\u0131rlar. Baz\u0131 adamlar\u0131n s\u0131rt\u0131nda bir be\u015fik vard\u0131r, \u00e7ocuk yan\u0131m\u0131z\u0131 orada uyuturuz. Baz\u0131 adamlar\u0131n s\u0131rt\u0131 bir mezard\u0131r, \u00f6l\u00fcm d\u00f6\u015fe\u011fidir, orada \u00f6l\u00fc bulunuruz. Baz\u0131 adamlar kirpi gibidir, s\u0131rt\u0131na yatman\u0131z\u0131 ister ama bilmez, s\u0131rt\u0131nda ne kadar diken varsa hepsi i\u00e7imizi delip ge\u00e7er. Baz\u0131 adamlar vard\u0131r i\u015fte. Buz gibi bir okyanusun i\u00e7ine dald\u0131\u011f\u0131n\u0131z\u0131 san\u0131rs\u0131n\u0131z, g\u00f6zlerinizi bir a\u00e7ars\u0131n\u0131z ate\u015flerin i\u00e7indesinizdir. Baz\u0131 adamlar vard\u0131r, sizi \u015feytan\u0131n mele\u011fi sevdi\u011fi kadar sever ama eline ge\u00e7irdi mi de yakmadan b\u0131rakmaz. \u00c7\u00fcnk\u00fc \u015feytan\u0131n kalbi ate\u015ftir, melek g\u00f6z\u00fcn\u00fc o kalbe dikerseyanmay\u0131 g\u00f6ze alm\u0131\u015f demektir. <\/p>\n","protected":false},"excerpt":{"rendered":"<p>Kirpi gibi adamlara ve kirpi gibi adamlar\u0131 seven keklik kad\u0131nlara, Nabz\u0131m\u0131n bo\u015fluklar\u0131ndan damarlar\u0131ma d\u00fc\u015fen bir adam tan\u0131d\u0131m. Baz\u0131 adamlar\u0131n mayas\u0131nda baz\u0131 kad\u0131nlar\u0131 severek \u00f6ld\u00fcrmek vard\u0131r. Baz\u0131<span class=\"excerpt-hellip\"> [\u2026]<\/span><\/p>\n","protected":false},"featured_media":0,"template":"","meta":{"_monsterinsights_skip_tracking":false,"_monsterinsights_sitenote_active":false,"_monsterinsights_sitenote_note":"","_monsterinsights_sitenote_category":0},"product_brand":[],"product_cat":[12777,12291],"product_tag":[],"class_list":{"0":"post-719396","1":"product","2":"type-product","3":"status-publish","5":"product_cat-deneme","6":"product_cat-edebiyat","7":"pa_cilt-ciltsiz","8":"pa_tur-kitap","9":"pa_yayinevi-dokuz-yayinlari","10":"pa_yazar-binnur-safak-nigiz","12":"first","13":"instock","14":"sale","15":"shipping-taxable","16":"purchasable","17":"product-type-simple"},"_links":{"self":[{"href":"https:\/\/roveyayinevi.com.tr\/index.php\/wp-json\/wp\/v2\/product\/719396","targetHints":{"allow":["GET"]}}],"collection":[{"href":"https:\/\/roveyayinevi.com.tr\/index.php\/wp-json\/wp\/v2\/product"}],"about":[{"href":"https:\/\/roveyayinevi.com.tr\/index.php\/wp-json\/wp\/v2\/types\/product"}],"wp:attachment":[{"href":"https:\/\/roveyayinevi.com.tr\/index.php\/wp-json\/wp\/v2\/media?parent=719396"}],"wp:term":[{"taxonomy":"product_brand","embeddable":true,"href":"https:\/\/roveyayinevi.com.tr\/index.php\/wp-json\/wp\/v2\/product_brand?post=719396"},{"taxonomy":"product_cat","embeddable":true,"href":"https:\/\/roveyayinevi.com.tr\/index.php\/wp-json\/wp\/v2\/product_cat?post=719396"},{"taxonomy":"product_tag","embeddable":true,"href":"https:\/\/roveyayinevi.com.tr\/index.php\/wp-json\/wp\/v2\/product_tag?post=719396"}],"curies":[{"name":"wp","href":"https:\/\/api.w.org\/{rel}","templated":true}]}}