{"id":719395,"date":"2025-08-27T18:21:29","date_gmt":"2025-08-27T15:21:29","guid":{"rendered":"https:\/\/roveyayinevi.com.tr\/index.php\/urun\/iki-devrim-uzerine\/"},"modified":"2026-04-16T02:27:33","modified_gmt":"2026-04-15T23:27:33","slug":"iki-devrim-uzerine","status":"publish","type":"product","link":"https:\/\/roveyayinevi.com.tr\/index.php\/urun\/iki-devrim-uzerine\/","title":{"rendered":"\u0130ki Devrim \u00dczerine"},"content":{"rendered":"<p>\u201c\u0130htilaflar nedeniyle bazen yeni teoriler geli\u015ftirildi, ancak bunlar kazayla ger\u00e7ekle\u015fti ve tiranl\u0131\u011fa kar\u015f\u0131 en b\u00fcy\u00fck arg\u00fcman eski yasalara sadakatti. Frans\u0131z Devrimi taraf\u0131ndan ortaya \u00e7\u0131kar\u0131lan de\u011fi\u015fimden bu yana, sosyal devletin k\u00f6t\u00fcl\u00fckleri ve kusurlar\u0131 taraf\u0131ndan uyand\u0131r\u0131lan b\u00fcy\u00fck ama\u00e7lar, medeni d\u00fcnya genelinde kal\u0131c\u0131 ve enerjik g\u00fc\u00e7ler gibi hareket etmeye ba\u015flad\u0131. Onlar, bildirecek bir peygambere, onlar\u0131 savunacak bir destekleyiciye ihtiyac\u0131 olmayacak \u015fekilde spontane ve sald\u0131rgan, fakat pop\u00fcler, mant\u0131ks\u0131z ve neredeyse kar\u015f\u0131 konulmazd\u0131r. Devrim, k\u0131smen doktrinleri, k\u0131smen de olaylar\u0131n dolayl\u0131 etkisi nedeniyle bu de\u011fi\u015fikli\u011fi etkiledi. O, insanlara isteklerini ve ihtiya\u00e7lar\u0131n\u0131 haklar\u0131n\u0131n en \u00fcst\u00fcn kriteri olarak g\u00f6rmelerini \u00f6\u011fretti.\u201d \u201cG\u00fc\u00e7 yozla\u015ft\u0131r\u0131r, mutlak g\u00fc\u00e7 mutlaka yozla\u015ft\u0131r\u0131r.\u201d c\u00fcmlesiyle bilinen \u00fcnl\u00fc d\u00fc\u015f\u00fcn\u00fcr LordActon\u2019\u0131n Amerikan ve Frans\u0131z Devrimleri \u00fczerine d\u00fc\u015f\u00fcnceleri ilk kez T\u00fcrk\u00e7ede. <\/p>\n","protected":false},"excerpt":{"rendered":"<p>\u201c\u0130htilaflar nedeniyle bazen yeni teoriler geli\u015ftirildi, ancak bunlar kazayla ger\u00e7ekle\u015fti ve tiranl\u0131\u011fa kar\u015f\u0131 en b\u00fcy\u00fck arg\u00fcman eski yasalara sadakatti. Frans\u0131z Devrimi taraf\u0131ndan ortaya \u00e7\u0131kar\u0131lan de\u011fi\u015fimden bu<span class=\"excerpt-hellip\"> [\u2026]<\/span><\/p>\n","protected":false},"featured_media":0,"template":"","meta":{"_monsterinsights_skip_tracking":false,"_monsterinsights_sitenote_active":false,"_monsterinsights_sitenote_note":"","_monsterinsights_sitenote_category":0},"product_brand":[],"product_cat":[13590,12337],"product_tag":[],"class_list":{"0":"post-719395","1":"product","2":"type-product","3":"status-publish","5":"product_cat-arastirma-inceleme-politika-siyaset","6":"product_cat-politika-siyaset","7":"pa_cilt-ciltsiz","8":"pa_tur-kitap","9":"pa_yayinevi-liberus","10":"pa_yazar-lord-acton","12":"first","13":"instock","14":"sale","15":"shipping-taxable","16":"purchasable","17":"product-type-simple"},"_links":{"self":[{"href":"https:\/\/roveyayinevi.com.tr\/index.php\/wp-json\/wp\/v2\/product\/719395","targetHints":{"allow":["GET"]}}],"collection":[{"href":"https:\/\/roveyayinevi.com.tr\/index.php\/wp-json\/wp\/v2\/product"}],"about":[{"href":"https:\/\/roveyayinevi.com.tr\/index.php\/wp-json\/wp\/v2\/types\/product"}],"wp:attachment":[{"href":"https:\/\/roveyayinevi.com.tr\/index.php\/wp-json\/wp\/v2\/media?parent=719395"}],"wp:term":[{"taxonomy":"product_brand","embeddable":true,"href":"https:\/\/roveyayinevi.com.tr\/index.php\/wp-json\/wp\/v2\/product_brand?post=719395"},{"taxonomy":"product_cat","embeddable":true,"href":"https:\/\/roveyayinevi.com.tr\/index.php\/wp-json\/wp\/v2\/product_cat?post=719395"},{"taxonomy":"product_tag","embeddable":true,"href":"https:\/\/roveyayinevi.com.tr\/index.php\/wp-json\/wp\/v2\/product_tag?post=719395"}],"curies":[{"name":"wp","href":"https:\/\/api.w.org\/{rel}","templated":true}]}}