{"id":719394,"date":"2025-08-27T18:21:28","date_gmt":"2025-08-27T15:21:28","guid":{"rendered":"https:\/\/roveyayinevi.com.tr\/index.php\/urun\/amak-i-hayal-4\/"},"modified":"2026-04-16T02:27:33","modified_gmt":"2026-04-15T23:27:33","slug":"amak-i-hayal-4","status":"publish","type":"product","link":"https:\/\/roveyayinevi.com.tr\/index.php\/urun\/amak-i-hayal-4\/","title":{"rendered":"A&#8217;mak-\u0131 Hayal"},"content":{"rendered":"<p>\u201cBen niyet ettim ki bu hayat\u0131; d\u00fcnyaya niye geldi\u011fimizi, ne olaca\u011f\u0131m\u0131z\u0131, bizi g\u00f6ndereni anlamadan terk etmeyeyim. Ah ne olurdu ki bu suallere ben ispat\u00ee veya ink\u00e2r\u00ee birer cevab verebileyim!\u201d\u015eehbenderzade Filibeli Ahmed Hilmi, da\u011f\u0131l\u0131p par\u00e7alanm\u0131\u015f bir insan\u0131n tasavvufi olgunla\u015fma hik\u00e2yesini \u00e7ok katmanl\u0131 edebi bir bi\u00e7imle anlat\u0131rken okuru hayali ve hakiki yolculuklara \u00e7\u0131kar\u0131yor.Tasavvufi, felsefi, sosyal ve fantastik olan\u0131n T\u00fcrk edebiyat\u0131nda benzeri g\u00f6r\u00fclmemi\u015f bir kar\u0131\u015f\u0131m\u0131 olan A\u2019m\u00e2k-\u0131 Hayal\u2019de ak\u0131l hastanelerinden mezarl\u0131klara say\u0131s\u0131z mek\u00e2n\u0131 ziyaret edecek, yirminci y\u00fczy\u0131l\u0131n ba\u015f\u0131nda Osmanl\u0131 toplumundaki d\u00fc\u015f\u00fcnce tart\u0131\u015fmalar\u0131 ve inan\u00e7 krizlerine dair izler bulacaksan\u0131z.<\/p>\n","protected":false},"excerpt":{"rendered":"<p>\u201cBen niyet ettim ki bu hayat\u0131; d\u00fcnyaya niye geldi\u011fimizi, ne olaca\u011f\u0131m\u0131z\u0131, bizi g\u00f6ndereni anlamadan terk etmeyeyim. Ah ne olurdu ki bu suallere ben ispat\u00ee veya ink\u00e2r\u00ee<span class=\"excerpt-hellip\"> [\u2026]<\/span><\/p>\n","protected":false},"featured_media":0,"template":"","meta":{"_monsterinsights_skip_tracking":false,"_monsterinsights_sitenote_active":false,"_monsterinsights_sitenote_note":"","_monsterinsights_sitenote_category":0},"product_brand":[],"product_cat":[12291,12711],"product_tag":[],"class_list":{"0":"post-719394","1":"product","2":"type-product","3":"status-publish","5":"product_cat-edebiyat","6":"product_cat-roman-oyku","7":"pa_cilt-ciltsiz","8":"pa_tur-kitap","9":"pa_yayinevi-turkuvaz-kitap","10":"pa_yazar-filibeli-ahmed-hilmi","12":"first","13":"instock","14":"sale","15":"shipping-taxable","16":"purchasable","17":"product-type-simple"},"_links":{"self":[{"href":"https:\/\/roveyayinevi.com.tr\/index.php\/wp-json\/wp\/v2\/product\/719394","targetHints":{"allow":["GET"]}}],"collection":[{"href":"https:\/\/roveyayinevi.com.tr\/index.php\/wp-json\/wp\/v2\/product"}],"about":[{"href":"https:\/\/roveyayinevi.com.tr\/index.php\/wp-json\/wp\/v2\/types\/product"}],"wp:attachment":[{"href":"https:\/\/roveyayinevi.com.tr\/index.php\/wp-json\/wp\/v2\/media?parent=719394"}],"wp:term":[{"taxonomy":"product_brand","embeddable":true,"href":"https:\/\/roveyayinevi.com.tr\/index.php\/wp-json\/wp\/v2\/product_brand?post=719394"},{"taxonomy":"product_cat","embeddable":true,"href":"https:\/\/roveyayinevi.com.tr\/index.php\/wp-json\/wp\/v2\/product_cat?post=719394"},{"taxonomy":"product_tag","embeddable":true,"href":"https:\/\/roveyayinevi.com.tr\/index.php\/wp-json\/wp\/v2\/product_tag?post=719394"}],"curies":[{"name":"wp","href":"https:\/\/api.w.org\/{rel}","templated":true}]}}