{"id":719393,"date":"2025-08-27T18:21:27","date_gmt":"2025-08-27T15:21:27","guid":{"rendered":"https:\/\/roveyayinevi.com.tr\/index.php\/urun\/mrs-dalloway-3\/"},"modified":"2026-04-16T02:27:33","modified_gmt":"2026-04-15T23:27:33","slug":"mrs-dalloway-3","status":"publish","type":"product","link":"https:\/\/roveyayinevi.com.tr\/index.php\/urun\/mrs-dalloway-3\/","title":{"rendered":"Mrs. Dalloway"},"content":{"rendered":"<p>Clarissa Dalloway ve Septimus Warren Smith. Hi\u00e7 kar\u015f\u0131la\u015fmam\u0131\u015f ama hik\u00e2yeleri bir \u015fekilde i\u00e7 i\u00e7e \u00f6r\u00fclm\u00fc\u015f iki insan. Virginia Woolf, bilin\u00e7 ak\u0131\u015f\u0131 tekni\u011fiyle yazd\u0131\u011f\u0131 benzersiz roman\u0131 Mrs. Dalloway\u2019de zaman\u0131 e\u011fip b\u00fckerek ve hayat\u0131 ya\u015fand\u0131\u011f\u0131 gibi de\u011fil hat\u0131rland\u0131\u011f\u0131 gibi anlatarak okuru, karakterlerinin zihninde bir yolcu- lu\u011fa \u00e7\u0131kar\u0131yor.<\/p>\n","protected":false},"excerpt":{"rendered":"<p>Clarissa Dalloway ve Septimus Warren Smith. Hi\u00e7 kar\u015f\u0131la\u015fmam\u0131\u015f ama hik\u00e2yeleri bir \u015fekilde i\u00e7 i\u00e7e \u00f6r\u00fclm\u00fc\u015f iki insan. Virginia Woolf, bilin\u00e7 ak\u0131\u015f\u0131 tekni\u011fiyle yazd\u0131\u011f\u0131 benzersiz roman\u0131 Mrs.<span class=\"excerpt-hellip\"> [\u2026]<\/span><\/p>\n","protected":false},"featured_media":0,"template":"","meta":{"_monsterinsights_skip_tracking":false,"_monsterinsights_sitenote_active":false,"_monsterinsights_sitenote_note":"","_monsterinsights_sitenote_category":0},"product_brand":[],"product_cat":[12291,12711],"product_tag":[],"class_list":{"0":"post-719393","1":"product","2":"type-product","3":"status-publish","5":"product_cat-edebiyat","6":"product_cat-roman-oyku","7":"pa_cilt-ciltsiz","8":"pa_tur-kitap","9":"pa_yayinevi-turkuvaz-kitap","10":"pa_yazar-virginia-woolf","12":"first","13":"instock","14":"sale","15":"shipping-taxable","16":"purchasable","17":"product-type-simple"},"_links":{"self":[{"href":"https:\/\/roveyayinevi.com.tr\/index.php\/wp-json\/wp\/v2\/product\/719393","targetHints":{"allow":["GET"]}}],"collection":[{"href":"https:\/\/roveyayinevi.com.tr\/index.php\/wp-json\/wp\/v2\/product"}],"about":[{"href":"https:\/\/roveyayinevi.com.tr\/index.php\/wp-json\/wp\/v2\/types\/product"}],"wp:attachment":[{"href":"https:\/\/roveyayinevi.com.tr\/index.php\/wp-json\/wp\/v2\/media?parent=719393"}],"wp:term":[{"taxonomy":"product_brand","embeddable":true,"href":"https:\/\/roveyayinevi.com.tr\/index.php\/wp-json\/wp\/v2\/product_brand?post=719393"},{"taxonomy":"product_cat","embeddable":true,"href":"https:\/\/roveyayinevi.com.tr\/index.php\/wp-json\/wp\/v2\/product_cat?post=719393"},{"taxonomy":"product_tag","embeddable":true,"href":"https:\/\/roveyayinevi.com.tr\/index.php\/wp-json\/wp\/v2\/product_tag?post=719393"}],"curies":[{"name":"wp","href":"https:\/\/api.w.org\/{rel}","templated":true}]}}