{"id":719388,"date":"2025-08-27T18:21:24","date_gmt":"2025-08-27T15:21:24","guid":{"rendered":"https:\/\/roveyayinevi.com.tr\/index.php\/urun\/hayat-sizi-seviyor\/"},"modified":"2026-04-08T02:34:42","modified_gmt":"2026-04-07T23:34:42","slug":"hayat-sizi-seviyor","status":"publish","type":"product","link":"https:\/\/roveyayinevi.com.tr\/index.php\/urun\/hayat-sizi-seviyor\/","title":{"rendered":"Hayat Sizi Seviyor!"},"content":{"rendered":"<p>Louise Hay\u2019in milyonlarca insan\u0131n ya\u015fam\u0131nda mucizeler yaratan olumlamas\u0131 \u2018Hayat Sizi Seviyor\u2019, sizlere kendinizi ve \u00e7evrenizi d\u00f6n\u00fc\u015ft\u00fcrmenin anahtar\u0131n\u0131 veriyor. Louise Hay ve Robert Holden, yo\u011fun ve samimi bir dizi sohbetle sevginin g\u00fcc\u00fcne, ger\u00e7e\u011fin g\u00fcler y\u00fczl\u00fc do\u011fas\u0131na ve ger\u00e7ekte kim oldu\u011funuza dair cevaplar sunuyorlar. Hayat Sizi Seviyor pek \u00e7ok ilham verici hikaye, faydal\u0131 meditasyon ve ya\u015fam\u0131n\u0131z\u0131 de\u011fi\u015ftirecek uygulamalarla dolu. Louise ile Robert\u2019\u0131n yedi spirit\u00fcel uygulama \u00fczerine kurulu felsefesini keyifle okurken, her sayfada hayat\u0131n\u0131z\u0131n sevgi \u00e7emberiyle ku\u015fat\u0131ld\u0131\u011f\u0131n\u0131 hissedeceksiniz.<\/p>\n","protected":false},"excerpt":{"rendered":"<p>Louise Hay\u2019in milyonlarca insan\u0131n ya\u015fam\u0131nda mucizeler yaratan olumlamas\u0131 \u2018Hayat Sizi Seviyor\u2019, sizlere kendinizi ve \u00e7evrenizi d\u00f6n\u00fc\u015ft\u00fcrmenin anahtar\u0131n\u0131 veriyor. Louise Hay ve Robert Holden, yo\u011fun ve samimi<span class=\"excerpt-hellip\"> [\u2026]<\/span><\/p>\n","protected":false},"featured_media":0,"template":"","meta":{"_monsterinsights_skip_tracking":false,"_monsterinsights_sitenote_active":false,"_monsterinsights_sitenote_note":"","_monsterinsights_sitenote_category":0},"product_brand":[],"product_cat":[12364,12376],"product_tag":[],"class_list":{"0":"post-719388","1":"product","2":"type-product","3":"status-publish","5":"product_cat-genel-konular","6":"product_cat-kisisel-gelisim","7":"pa_cilt-ciltsiz","8":"pa_tur-kitap","9":"pa_yayinevi-diyojen-yayincilik","10":"pa_yazar-louise-l-hay","12":"first","13":"instock","14":"sale","15":"shipping-taxable","16":"purchasable","17":"product-type-simple"},"_links":{"self":[{"href":"https:\/\/roveyayinevi.com.tr\/index.php\/wp-json\/wp\/v2\/product\/719388","targetHints":{"allow":["GET"]}}],"collection":[{"href":"https:\/\/roveyayinevi.com.tr\/index.php\/wp-json\/wp\/v2\/product"}],"about":[{"href":"https:\/\/roveyayinevi.com.tr\/index.php\/wp-json\/wp\/v2\/types\/product"}],"wp:attachment":[{"href":"https:\/\/roveyayinevi.com.tr\/index.php\/wp-json\/wp\/v2\/media?parent=719388"}],"wp:term":[{"taxonomy":"product_brand","embeddable":true,"href":"https:\/\/roveyayinevi.com.tr\/index.php\/wp-json\/wp\/v2\/product_brand?post=719388"},{"taxonomy":"product_cat","embeddable":true,"href":"https:\/\/roveyayinevi.com.tr\/index.php\/wp-json\/wp\/v2\/product_cat?post=719388"},{"taxonomy":"product_tag","embeddable":true,"href":"https:\/\/roveyayinevi.com.tr\/index.php\/wp-json\/wp\/v2\/product_tag?post=719388"}],"curies":[{"name":"wp","href":"https:\/\/api.w.org\/{rel}","templated":true}]}}