{"id":719387,"date":"2025-08-27T18:21:23","date_gmt":"2025-08-27T15:21:23","guid":{"rendered":"https:\/\/roveyayinevi.com.tr\/index.php\/urun\/sinirlar\/"},"modified":"2026-04-16T02:27:33","modified_gmt":"2026-04-15T23:27:33","slug":"sinirlar","status":"publish","type":"product","link":"https:\/\/roveyayinevi.com.tr\/index.php\/urun\/sinirlar\/","title":{"rendered":"S\u0131n\u0131rlar"},"content":{"rendered":"<p>Hayat\u0131n\u0131z\u0131 kontrol etmekte zorlan\u0131yor musunuz?\u0130nsanlar sizden faydalan\u0131yorlar m\u0131?Hay\u0131r demekte zorlan\u0131yor musunuz?\u0130stekleriniz ger\u00e7ekle\u015fmedi\u011fi i\u00e7in hayal k\u0131r\u0131kl\u0131\u011f\u0131na u\u011fruyor musunuz?Birisi zaman\u0131n\u0131z\u0131, sevginizi, enerjinizi ya da paran\u0131z\u0131 istedi\u011finde nas\u0131l cevap vermelisiniz? S\u0131n\u0131rlar kim oldu\u011funuzu ve kim olmad\u0131\u011f\u0131n\u0131z\u0131 g\u00f6sterir. S\u0131n\u0131rlar hayat\u0131n\u0131za y\u00f6n veren ki\u015fisel \u00e7izgilerdir. Zihinsel, fiziksel ve ruhsal s\u0131n\u0131rlar\u0131n\u0131z\u0131 \u00f6\u011frendikten sonra, insanlar\u0131n size ne yapt\u0131r\u0131p yapt\u0131ramayacaklar\u0131n\u0131 a\u00e7\u0131k ve net olarak siz belirleyin. Bu kitapta \u00f6\u011frenecekleriniz, hayat\u0131n\u0131zda bir\u00e7ok \u015feyi de\u011fi\u015ftirecek.Sevmedi\u011finiz yeme\u011fi yemeyin, istemedi\u011finiz ortamda bulunmay\u0131n, e\u015finiz y\u00fcr\u00fcy\u00fc\u015f yapmay\u0131 sevmiyor diye onunla televizyon seyretmeyi kabul etmeyin. S\u0131n\u0131rlar\u0131n\u0131z\u0131n i\u00e7inde ki\u015fisel alan\u0131n\u0131z ve bu alan\u0131n i\u00e7inde duygular\u0131n\u0131z, yapmak istedikleriniz ve ihtiya\u00e7lar\u0131n\u0131z, d\u0131\u015f\u0131nda ise istemedikleriniz vard\u0131r. Siz nerede durmak istiyorsunuz?<\/p>\n","protected":false},"excerpt":{"rendered":"<p>Hayat\u0131n\u0131z\u0131 kontrol etmekte zorlan\u0131yor musunuz?\u0130nsanlar sizden faydalan\u0131yorlar m\u0131?Hay\u0131r demekte zorlan\u0131yor musunuz?\u0130stekleriniz ger\u00e7ekle\u015fmedi\u011fi i\u00e7in hayal k\u0131r\u0131kl\u0131\u011f\u0131na u\u011fruyor musunuz?Birisi zaman\u0131n\u0131z\u0131, sevginizi, enerjinizi ya da paran\u0131z\u0131 istedi\u011finde nas\u0131l cevap<span class=\"excerpt-hellip\"> [\u2026]<\/span><\/p>\n","protected":false},"featured_media":0,"template":"","meta":{"_monsterinsights_skip_tracking":false,"_monsterinsights_sitenote_active":false,"_monsterinsights_sitenote_note":"","_monsterinsights_sitenote_category":0},"product_brand":[],"product_cat":[12364,12376],"product_tag":[],"class_list":{"0":"post-719387","1":"product","2":"type-product","3":"status-publish","5":"product_cat-genel-konular","6":"product_cat-kisisel-gelisim","7":"pa_cilt-ciltsiz","8":"pa_tur-kitap","9":"pa_yayinevi-diyojen-yayincilik","10":"pa_yazar-henry-cloud-john-townsend","12":"first","13":"instock","14":"sale","15":"shipping-taxable","16":"purchasable","17":"product-type-simple"},"_links":{"self":[{"href":"https:\/\/roveyayinevi.com.tr\/index.php\/wp-json\/wp\/v2\/product\/719387","targetHints":{"allow":["GET"]}}],"collection":[{"href":"https:\/\/roveyayinevi.com.tr\/index.php\/wp-json\/wp\/v2\/product"}],"about":[{"href":"https:\/\/roveyayinevi.com.tr\/index.php\/wp-json\/wp\/v2\/types\/product"}],"wp:attachment":[{"href":"https:\/\/roveyayinevi.com.tr\/index.php\/wp-json\/wp\/v2\/media?parent=719387"}],"wp:term":[{"taxonomy":"product_brand","embeddable":true,"href":"https:\/\/roveyayinevi.com.tr\/index.php\/wp-json\/wp\/v2\/product_brand?post=719387"},{"taxonomy":"product_cat","embeddable":true,"href":"https:\/\/roveyayinevi.com.tr\/index.php\/wp-json\/wp\/v2\/product_cat?post=719387"},{"taxonomy":"product_tag","embeddable":true,"href":"https:\/\/roveyayinevi.com.tr\/index.php\/wp-json\/wp\/v2\/product_tag?post=719387"}],"curies":[{"name":"wp","href":"https:\/\/api.w.org\/{rel}","templated":true}]}}