{"id":719386,"date":"2025-08-27T18:21:23","date_gmt":"2025-08-27T15:21:23","guid":{"rendered":"https:\/\/roveyayinevi.com.tr\/index.php\/urun\/avatarlarin-istilasi-super-kahraman\/"},"modified":"2026-04-16T02:27:33","modified_gmt":"2026-04-15T23:27:33","slug":"avatarlarin-istilasi-super-kahraman","status":"publish","type":"product","link":"https:\/\/roveyayinevi.com.tr\/index.php\/urun\/avatarlarin-istilasi-super-kahraman\/","title":{"rendered":"Avatarlar\u0131n \u0130stilas\u0131-S\u00fcper Kahraman"},"content":{"rendered":"<p>O bir s\u00fcper kahraman oldu\u011funun fark\u0131nda olmayan s\u00fcper kahraman. O bir Memokuzu. O bir MK. S\u00fcper kahraman olman\u0131n \u00f6yle kolay olmad\u0131\u011f\u0131n\u0131, maceralar\u0131n onu tatilde bile b\u0131rakmayaca\u011f\u0131n\u0131n ise fark\u0131nda de\u011fil! Ta ki evlerinin kap\u0131s\u0131 \u00e7al\u0131n\u0131p da Bay Ses ve K\u0131rm\u0131z\u0131 Sa\u00e7l\u0131 Ses\u2019i kar\u015f\u0131s\u0131nda g\u00f6rene kadar.\u00dc\u00e7 k\u00f6pr\u00fcl\u00fc \u015fehrin denizlerinde garip ara\u00e7lar g\u00f6r\u00fclmeye, bal\u0131k\u00e7\u0131 motorlar\u0131 ortadan kaybolmaya ba\u015flam\u0131\u015ft\u0131r. Bilim insanlar\u0131 \u00e7aresiz, \u015fehirde ya\u015fayanlar \u015fa\u015fk\u0131nd\u0131r. S\u0131rlar, gizemler, kaybolanlar denilince de akla bir tek s\u00fcper kahraman gelir; Memokuzu. Ama bu sefer i\u015fi biraz daha zor, kar\u015f\u0131s\u0131nda \u00e7ok zeki, her t\u00fcrl\u00fc olas\u0131l\u0131\u011f\u0131 hesaplayan, tuzakl\u0131 oyunlar haz\u0131rlayan bir yapay zek\u00e2 var. Ama yapay zek\u00e2n\u0131n da i\u015fi zor, \u00e7\u00fcnk\u00fc her t\u00fcrl\u00fc sorunu \u00e7\u00f6zmeye programlanm\u0131\u015f zek\u00e2da bir s\u00fcper kahramanla daha \u00f6nce kar\u015f\u0131la\u015fmad\u0131.Memokuzu\u2019nun bu macerada onun kadar zeki, heyecanl\u0131, h\u0131zl\u0131 yard\u0131mc\u0131lara ihtiyac\u0131 var.Haydi sevgili okur,D\u00dc\u015e\u00dcN, \u00dcRET, YAZ.S\u00fcper Kahraman\u2019a yard\u0131m et!<\/p>\n","protected":false},"excerpt":{"rendered":"<p>O bir s\u00fcper kahraman oldu\u011funun fark\u0131nda olmayan s\u00fcper kahraman. O bir Memokuzu. O bir MK. S\u00fcper kahraman olman\u0131n \u00f6yle kolay olmad\u0131\u011f\u0131n\u0131, maceralar\u0131n onu tatilde bile b\u0131rakmayaca\u011f\u0131n\u0131n<span class=\"excerpt-hellip\"> [\u2026]<\/span><\/p>\n","protected":false},"featured_media":0,"template":"","meta":{"_monsterinsights_skip_tracking":false,"_monsterinsights_sitenote_active":false,"_monsterinsights_sitenote_note":"","_monsterinsights_sitenote_category":0},"product_brand":[],"product_cat":[12274,12284],"product_tag":[],"class_list":{"0":"post-719386","1":"product","2":"type-product","3":"status-publish","5":"product_cat-cocuk-ve-genclik-kitaplari","6":"product_cat-hikayeler","7":"pa_cilt-ciltsiz","8":"pa_tur-kitap","9":"pa_yayinevi-timas-cocuk","10":"pa_yazar-seniz-bas","12":"first","13":"instock","14":"sale","15":"shipping-taxable","16":"purchasable","17":"product-type-simple"},"_links":{"self":[{"href":"https:\/\/roveyayinevi.com.tr\/index.php\/wp-json\/wp\/v2\/product\/719386","targetHints":{"allow":["GET"]}}],"collection":[{"href":"https:\/\/roveyayinevi.com.tr\/index.php\/wp-json\/wp\/v2\/product"}],"about":[{"href":"https:\/\/roveyayinevi.com.tr\/index.php\/wp-json\/wp\/v2\/types\/product"}],"wp:attachment":[{"href":"https:\/\/roveyayinevi.com.tr\/index.php\/wp-json\/wp\/v2\/media?parent=719386"}],"wp:term":[{"taxonomy":"product_brand","embeddable":true,"href":"https:\/\/roveyayinevi.com.tr\/index.php\/wp-json\/wp\/v2\/product_brand?post=719386"},{"taxonomy":"product_cat","embeddable":true,"href":"https:\/\/roveyayinevi.com.tr\/index.php\/wp-json\/wp\/v2\/product_cat?post=719386"},{"taxonomy":"product_tag","embeddable":true,"href":"https:\/\/roveyayinevi.com.tr\/index.php\/wp-json\/wp\/v2\/product_tag?post=719386"}],"curies":[{"name":"wp","href":"https:\/\/api.w.org\/{rel}","templated":true}]}}