{"id":719385,"date":"2025-08-27T18:21:22","date_gmt":"2025-08-27T15:21:22","guid":{"rendered":"https:\/\/roveyayinevi.com.tr\/index.php\/urun\/citlembik\/"},"modified":"2026-04-16T02:27:33","modified_gmt":"2026-04-15T23:27:33","slug":"citlembik","status":"publish","type":"product","link":"https:\/\/roveyayinevi.com.tr\/index.php\/urun\/citlembik\/","title":{"rendered":"\u00c7itlembik"},"content":{"rendered":"<p>\u00c7itlembik, hayvan dostlar\u0131 ile birlikte b\u00fcy\u00fcl\u00fc bir ormanda ya\u015fayan mini minnac\u0131k bir k\u0131z \u00e7ocu\u011fu. Kendisi minik ama hayalleri kocaman. Bu hayallerden biri de Ay ile tan\u0131\u015f\u0131p konu\u015fmak. Ama Ay \u00f6yle uzakta ki ona ula\u015fmak m\u00fcmk\u00fcn de\u011fil. Bir \u00e7\u00f6z\u00fcm yolu bulmak i\u00e7in Bayku\u015f\u2019a dan\u0131\u015fan \u00c7itlembik acaba hayvan dostlar\u0131n\u0131n da yard\u0131m\u0131yla Ay ile tan\u0131\u015f\u0131p konu\u015fmay\u0131 ba\u015farabilecek mi?Naoko Stoop\u2019un ah\u015fap \u00fczerine \u00e7izilmi\u015f muhte\u015fem resimlerle hayat verdi\u011fi \u00c7itlembik, merak\u0131, hayal g\u00fcc\u00fc ve hayat sevinciyle b\u00fcy\u00fck, k\u00fc\u00e7\u00fck herkesin kalbini fethedecek.<\/p>\n","protected":false},"excerpt":{"rendered":"<p>\u00c7itlembik, hayvan dostlar\u0131 ile birlikte b\u00fcy\u00fcl\u00fc bir ormanda ya\u015fayan mini minnac\u0131k bir k\u0131z \u00e7ocu\u011fu. Kendisi minik ama hayalleri kocaman. Bu hayallerden biri de Ay ile tan\u0131\u015f\u0131p<span class=\"excerpt-hellip\"> [\u2026]<\/span><\/p>\n","protected":false},"featured_media":0,"template":"","meta":{"_monsterinsights_skip_tracking":false,"_monsterinsights_sitenote_active":false,"_monsterinsights_sitenote_note":"","_monsterinsights_sitenote_category":0},"product_brand":[],"product_cat":[12274,12518],"product_tag":[],"class_list":{"0":"post-719385","1":"product","2":"type-product","3":"status-publish","5":"product_cat-cocuk-ve-genclik-kitaplari","6":"product_cat-okul-oncesi-kitaplar","7":"pa_cilt-ciltsiz","8":"pa_tur-kitap","9":"pa_yayinevi-beyaz-balina-yayinlari","10":"pa_yazar-naoko-stoop","12":"first","13":"instock","14":"sale","15":"shipping-taxable","16":"purchasable","17":"product-type-simple"},"_links":{"self":[{"href":"https:\/\/roveyayinevi.com.tr\/index.php\/wp-json\/wp\/v2\/product\/719385","targetHints":{"allow":["GET"]}}],"collection":[{"href":"https:\/\/roveyayinevi.com.tr\/index.php\/wp-json\/wp\/v2\/product"}],"about":[{"href":"https:\/\/roveyayinevi.com.tr\/index.php\/wp-json\/wp\/v2\/types\/product"}],"wp:attachment":[{"href":"https:\/\/roveyayinevi.com.tr\/index.php\/wp-json\/wp\/v2\/media?parent=719385"}],"wp:term":[{"taxonomy":"product_brand","embeddable":true,"href":"https:\/\/roveyayinevi.com.tr\/index.php\/wp-json\/wp\/v2\/product_brand?post=719385"},{"taxonomy":"product_cat","embeddable":true,"href":"https:\/\/roveyayinevi.com.tr\/index.php\/wp-json\/wp\/v2\/product_cat?post=719385"},{"taxonomy":"product_tag","embeddable":true,"href":"https:\/\/roveyayinevi.com.tr\/index.php\/wp-json\/wp\/v2\/product_tag?post=719385"}],"curies":[{"name":"wp","href":"https:\/\/api.w.org\/{rel}","templated":true}]}}