{"id":719383,"date":"2025-08-27T18:21:21","date_gmt":"2025-08-27T15:21:21","guid":{"rendered":"https:\/\/roveyayinevi.com.tr\/index.php\/urun\/baskervillelerin-kopegi-sherlock-holmes-2\/"},"modified":"2026-04-16T02:27:33","modified_gmt":"2026-04-15T23:27:33","slug":"baskervillelerin-kopegi-sherlock-holmes-2","status":"publish","type":"product","link":"https:\/\/roveyayinevi.com.tr\/index.php\/urun\/baskervillelerin-kopegi-sherlock-holmes-2\/","title":{"rendered":"Baskerville&#8217;lerin K\u00f6pe\u011fi &#8211; Sherlock Holmes"},"content":{"rendered":"<p>Baskervilleler\u2019in K\u00f6pe\u011fi, K\u0131z\u0131l Soru\u015fturma, Korku Vadisi, D\u00f6rtlerin Esrar\u0131 roman dizisinin d\u00f6rd\u00fcnc\u00fc roman\u0131d\u0131r. Bir\u00e7ok kez senaryola\u015ft\u0131r\u0131larak beyaz perdeye de aktar\u0131lan, Tv dizisi, radyo tiyatrosu, \u00e7izgi roman uyarlamalar\u0131 da yap\u0131lan Baskervilleler\u2019in K\u00f6pe\u011fi ger\u00e7ekten de \u00e7ok ilgi \u00e7ekici, heyecan dozu y\u00fcksek ve bir solukta okunan Sherlock Holmes maceras\u0131d\u0131r.Ya\u015fanan ak\u0131l almaz olaylar\u0131n ve korkun\u00e7 cinayetlerin \u00e7\u00f6z\u00fcm\u00fc i\u00e7in yard\u0131m\u0131 istenen Sherlock Holmes ve yak\u0131n dostu Dr. Watson, kendilerini birden ancak \u00f6l\u00fcnce kurtulunan bir lanetin i\u00e7inde bulurlar.<\/p>\n","protected":false},"excerpt":{"rendered":"<p>Baskervilleler\u2019in K\u00f6pe\u011fi, K\u0131z\u0131l Soru\u015fturma, Korku Vadisi, D\u00f6rtlerin Esrar\u0131 roman dizisinin d\u00f6rd\u00fcnc\u00fc roman\u0131d\u0131r. Bir\u00e7ok kez senaryola\u015ft\u0131r\u0131larak beyaz perdeye de aktar\u0131lan, Tv dizisi, radyo tiyatrosu, \u00e7izgi roman uyarlamalar\u0131<span class=\"excerpt-hellip\"> [\u2026]<\/span><\/p>\n","protected":false},"featured_media":0,"template":"","meta":{"_monsterinsights_skip_tracking":false,"_monsterinsights_sitenote_active":false,"_monsterinsights_sitenote_note":"","_monsterinsights_sitenote_category":0},"product_brand":[],"product_cat":[12291,12711],"product_tag":[],"class_list":{"0":"post-719383","1":"product","2":"type-product","3":"status-publish","5":"product_cat-edebiyat","6":"product_cat-roman-oyku","7":"pa_cilt-ciltsiz","8":"pa_tur-kitap","9":"pa_yayinevi-parola-yayinlari","10":"pa_yazar-sir-arthur-conan-doyle","12":"first","13":"instock","14":"sale","15":"shipping-taxable","16":"purchasable","17":"product-type-simple"},"_links":{"self":[{"href":"https:\/\/roveyayinevi.com.tr\/index.php\/wp-json\/wp\/v2\/product\/719383","targetHints":{"allow":["GET"]}}],"collection":[{"href":"https:\/\/roveyayinevi.com.tr\/index.php\/wp-json\/wp\/v2\/product"}],"about":[{"href":"https:\/\/roveyayinevi.com.tr\/index.php\/wp-json\/wp\/v2\/types\/product"}],"wp:attachment":[{"href":"https:\/\/roveyayinevi.com.tr\/index.php\/wp-json\/wp\/v2\/media?parent=719383"}],"wp:term":[{"taxonomy":"product_brand","embeddable":true,"href":"https:\/\/roveyayinevi.com.tr\/index.php\/wp-json\/wp\/v2\/product_brand?post=719383"},{"taxonomy":"product_cat","embeddable":true,"href":"https:\/\/roveyayinevi.com.tr\/index.php\/wp-json\/wp\/v2\/product_cat?post=719383"},{"taxonomy":"product_tag","embeddable":true,"href":"https:\/\/roveyayinevi.com.tr\/index.php\/wp-json\/wp\/v2\/product_tag?post=719383"}],"curies":[{"name":"wp","href":"https:\/\/api.w.org\/{rel}","templated":true}]}}