{"id":719382,"date":"2025-08-27T18:21:20","date_gmt":"2025-08-27T15:21:20","guid":{"rendered":"https:\/\/roveyayinevi.com.tr\/index.php\/urun\/visne-bahcesi-5\/"},"modified":"2026-04-16T02:27:33","modified_gmt":"2026-04-15T23:27:33","slug":"visne-bahcesi-5","status":"publish","type":"product","link":"https:\/\/roveyayinevi.com.tr\/index.php\/urun\/visne-bahcesi-5\/","title":{"rendered":"Vi\u015fne Bah\u00e7esi"},"content":{"rendered":"<p>Vi\u015fne Bah\u00e7esi \u00c7ehov&#8217;un art\u0131k yok olma evresine giren &#8220;asilzade yuvalar\u0131&#8221; \u00fczerine kaleme ald\u0131\u011f\u0131 son dramatik eseridir. Ge\u00e7mi\u015fin, \u015fimdinin ve gelece\u011fin temsilcilerinin ayn\u0131 sahnede bulu\u015ftu\u011fu, Ranevskayalar\u0131n ge\u00e7mi\u015ften kopamad\u0131\u011f\u0131, Lopahinlerin \u015fimdiyi ya\u015fayamad\u0131\u011f\u0131 ve Trofimovlar\u0131n hen\u00fcz gelece\u011fi kuramad\u0131\u011f\u0131 bir bah\u00e7ede sergilenen; bir ku\u015fa\u011f\u0131n, bir \u00e7a\u011f\u0131n, bir d\u00fczenin \u00e7\u00f6k\u00fc\u015f \u00f6yk\u00fcs\u00fcd\u00fcr. Sahne gerisinden i\u015fitilen balta sesleriyle k\u00f6klenen Vi\u015fne Bah\u00e7esi ise sadece bir bah\u00e7e de\u011fil, kanl\u0131 yirminci y\u00fczy\u0131l\u0131n e\u015fi\u011findeki Rusya&#8217;n\u0131n ta kendisidir.<\/p>\n","protected":false},"excerpt":{"rendered":"<p>Vi\u015fne Bah\u00e7esi \u00c7ehov&#8217;un art\u0131k yok olma evresine giren &#8220;asilzade yuvalar\u0131&#8221; \u00fczerine kaleme ald\u0131\u011f\u0131 son dramatik eseridir. Ge\u00e7mi\u015fin, \u015fimdinin ve gelece\u011fin temsilcilerinin ayn\u0131 sahnede bulu\u015ftu\u011fu, Ranevskayalar\u0131n ge\u00e7mi\u015ften<span class=\"excerpt-hellip\"> [\u2026]<\/span><\/p>\n","protected":false},"featured_media":0,"template":"","meta":{"_monsterinsights_skip_tracking":false,"_monsterinsights_sitenote_active":false,"_monsterinsights_sitenote_note":"","_monsterinsights_sitenote_category":0},"product_brand":[],"product_cat":[12291,15566],"product_tag":[],"class_list":{"0":"post-719382","1":"product","2":"type-product","3":"status-publish","5":"product_cat-edebiyat","6":"product_cat-oyun","7":"pa_cilt-ciltsiz","8":"pa_tur-kitap","9":"pa_yayinevi-bilgi-yayinevi","10":"pa_yazar-anton-pavlovic-cehov","12":"first","13":"instock","14":"sale","15":"shipping-taxable","16":"purchasable","17":"product-type-simple"},"_links":{"self":[{"href":"https:\/\/roveyayinevi.com.tr\/index.php\/wp-json\/wp\/v2\/product\/719382","targetHints":{"allow":["GET"]}}],"collection":[{"href":"https:\/\/roveyayinevi.com.tr\/index.php\/wp-json\/wp\/v2\/product"}],"about":[{"href":"https:\/\/roveyayinevi.com.tr\/index.php\/wp-json\/wp\/v2\/types\/product"}],"wp:attachment":[{"href":"https:\/\/roveyayinevi.com.tr\/index.php\/wp-json\/wp\/v2\/media?parent=719382"}],"wp:term":[{"taxonomy":"product_brand","embeddable":true,"href":"https:\/\/roveyayinevi.com.tr\/index.php\/wp-json\/wp\/v2\/product_brand?post=719382"},{"taxonomy":"product_cat","embeddable":true,"href":"https:\/\/roveyayinevi.com.tr\/index.php\/wp-json\/wp\/v2\/product_cat?post=719382"},{"taxonomy":"product_tag","embeddable":true,"href":"https:\/\/roveyayinevi.com.tr\/index.php\/wp-json\/wp\/v2\/product_tag?post=719382"}],"curies":[{"name":"wp","href":"https:\/\/api.w.org\/{rel}","templated":true}]}}