{"id":719380,"date":"2025-08-27T18:21:18","date_gmt":"2025-08-27T15:21:18","guid":{"rendered":"https:\/\/roveyayinevi.com.tr\/index.php\/urun\/marti-3\/"},"modified":"2026-04-16T02:27:33","modified_gmt":"2026-04-15T23:27:33","slug":"marti-3","status":"publish","type":"product","link":"https:\/\/roveyayinevi.com.tr\/index.php\/urun\/marti-3\/","title":{"rendered":"Mart\u0131"},"content":{"rendered":"<p>\u201cBir g\u00f6l\u00fcn k\u0131y\u0131s\u0131nda do\u011fup b\u00fcy\u00fcyen gen\u00e7 bir k\u0131z vard\u0131r, sizin gibi biri; g\u00f6l\u00fc adeta bir mart\u0131 gibi sevmekte, bir mart\u0131 kadar da mutlu ve \u00f6zg\u00fcr&#8230; Ancak g\u00fcn\u00fcn birinde adam\u0131n biri gelir, k\u0131z\u0131 g\u00f6r\u00fcr ve yapacak ba\u015fka bir i\u015fi olmad\u0131\u011f\u0131ndan ona k\u0131yar. T\u0131pk\u0131 \u015fu mart\u0131 gibi&#8230;\u201d \u00c7ehov, d\u00fcnya tiyatrosunda kilometre ta\u015f\u0131 say\u0131lan Mart\u0131 oyunuyla Rusya\u2019n\u0131n on dokuzuncu y\u00fczy\u0131lda de\u011fi\u015fen yap\u0131s\u0131na, yeni bir ya\u015fam\u0131n ayak seslerinin g\u00f6lgesi alt\u0131nda kendi k\u00fc\u00e7\u00fck d\u00fcnyalar\u0131na s\u0131k\u0131\u015fm\u0131\u015f insanlar arac\u0131l\u0131\u011f\u0131yla \u0131\u015f\u0131k tutuyor\u2026<\/p>\n","protected":false},"excerpt":{"rendered":"<p>\u201cBir g\u00f6l\u00fcn k\u0131y\u0131s\u0131nda do\u011fup b\u00fcy\u00fcyen gen\u00e7 bir k\u0131z vard\u0131r, sizin gibi biri; g\u00f6l\u00fc adeta bir mart\u0131 gibi sevmekte, bir mart\u0131 kadar da mutlu ve \u00f6zg\u00fcr&#8230; Ancak<span class=\"excerpt-hellip\"> [\u2026]<\/span><\/p>\n","protected":false},"featured_media":0,"template":"","meta":{"_monsterinsights_skip_tracking":false,"_monsterinsights_sitenote_active":false,"_monsterinsights_sitenote_note":"","_monsterinsights_sitenote_category":0},"product_brand":[],"product_cat":[12291,15566],"product_tag":[],"class_list":{"0":"post-719380","1":"product","2":"type-product","3":"status-publish","5":"product_cat-edebiyat","6":"product_cat-oyun","7":"pa_cilt-ciltsiz","8":"pa_tur-kitap","9":"pa_yayinevi-bilgi-yayinevi","10":"pa_yazar-anton-pavlovic-cehov","12":"first","13":"instock","14":"sale","15":"shipping-taxable","16":"purchasable","17":"product-type-simple"},"_links":{"self":[{"href":"https:\/\/roveyayinevi.com.tr\/index.php\/wp-json\/wp\/v2\/product\/719380","targetHints":{"allow":["GET"]}}],"collection":[{"href":"https:\/\/roveyayinevi.com.tr\/index.php\/wp-json\/wp\/v2\/product"}],"about":[{"href":"https:\/\/roveyayinevi.com.tr\/index.php\/wp-json\/wp\/v2\/types\/product"}],"wp:attachment":[{"href":"https:\/\/roveyayinevi.com.tr\/index.php\/wp-json\/wp\/v2\/media?parent=719380"}],"wp:term":[{"taxonomy":"product_brand","embeddable":true,"href":"https:\/\/roveyayinevi.com.tr\/index.php\/wp-json\/wp\/v2\/product_brand?post=719380"},{"taxonomy":"product_cat","embeddable":true,"href":"https:\/\/roveyayinevi.com.tr\/index.php\/wp-json\/wp\/v2\/product_cat?post=719380"},{"taxonomy":"product_tag","embeddable":true,"href":"https:\/\/roveyayinevi.com.tr\/index.php\/wp-json\/wp\/v2\/product_tag?post=719380"}],"curies":[{"name":"wp","href":"https:\/\/api.w.org\/{rel}","templated":true}]}}