{"id":719377,"date":"2025-08-27T18:21:16","date_gmt":"2025-08-27T15:21:16","guid":{"rendered":"https:\/\/roveyayinevi.com.tr\/index.php\/urun\/tarihe-damga-vuran-bilim-insanlari\/"},"modified":"2026-04-16T02:27:33","modified_gmt":"2026-04-15T23:27:33","slug":"tarihe-damga-vuran-bilim-insanlari","status":"publish","type":"product","link":"https:\/\/roveyayinevi.com.tr\/index.php\/urun\/tarihe-damga-vuran-bilim-insanlari\/","title":{"rendered":"Tarihe Damga Vuran Bilim \u0130nsanlar\u0131"},"content":{"rendered":"<p>Bu kitaptaki t\u00fcm bilim insanlar\u0131, d\u00fcnyay\u0131 derinden etkileyen s\u0131ra d\u0131\u015f\u0131 ki\u015filer&#8230;Bilimle pek aran\u0131z yok mu? \u015eimdiye kadar b\u00f6yle d\u00fc\u015f\u00fcnm\u00fc\u015f olabilirsiniz. Ama bu kitapla hem bilime hem de bilim insanlar\u0131na \u00e7ok farkl\u0131 g\u00f6zle bakacaks\u0131n\u0131z. Onlar\u0131n \u00e7al\u0131\u015fma disiplinleri, yetenekleri ve d\u00fcnyaya bak\u0131\u015f a\u00e7\u0131lar\u0131 sizi \u00e7ok \u015fa\u015f\u0131rtacak.Tarihe Damga Vuran Bilim \u0130nsanlar\u0131\u2019nda kar\u015f\u0131n\u0131za \u00e7\u0131kan bilim insanlar\u0131, belki de \u00f6\u011frenim hayat\u0131n\u0131zda size gerekli olan motivasyonu sunacak ve hedeflerinizi daha ileri ta\u015f\u0131man\u0131z\u0131 sa\u011flayacak.Tarihe Damga Vuran Bilim \u0130nsanlar\u0131\u2019nda, insanl\u0131k tarihini bulu\u015flar\u0131yla de\u011fi\u015ftiren ve ileri ta\u015f\u0131yan bilim insanlar\u0131n\u0131n hayat hik\u00e2yelerini, ana ba\u015fl\u0131klar\u0131yla bulacaks\u0131n\u0131z.D\u00fcnyay\u0131 derinden etkileyen ve de\u011fi\u015ftiren bilim insanlar\u0131n\u0131n s\u0131ra d\u0131\u015f\u0131 hik\u00e2yelerini okurken hem \u00e7ok \u015fa\u015f\u0131racak hem de \u00e7ok keyif alacaks\u0131n\u0131z.<\/p>\n","protected":false},"excerpt":{"rendered":"<p>Bu kitaptaki t\u00fcm bilim insanlar\u0131, d\u00fcnyay\u0131 derinden etkileyen s\u0131ra d\u0131\u015f\u0131 ki\u015filer&#8230;Bilimle pek aran\u0131z yok mu? \u015eimdiye kadar b\u00f6yle d\u00fc\u015f\u00fcnm\u00fc\u015f olabilirsiniz. Ama bu kitapla hem bilime hem<span class=\"excerpt-hellip\"> [\u2026]<\/span><\/p>\n","protected":false},"featured_media":0,"template":"","meta":{"_monsterinsights_skip_tracking":false,"_monsterinsights_sitenote_active":false,"_monsterinsights_sitenote_note":"","_monsterinsights_sitenote_category":0},"product_brand":[],"product_cat":[14009,12291],"product_tag":[],"class_list":{"0":"post-719377","1":"product","2":"type-product","3":"status-publish","5":"product_cat-biyografi-otobiyografi-edebiyat","6":"product_cat-edebiyat","7":"pa_cilt-ciltsiz","8":"pa_tur-kitap","9":"pa_yayinevi-mavi-kirpi-yayinlari","10":"pa_yazar-irfan-gurkan-celebi","12":"first","13":"instock","14":"sale","15":"shipping-taxable","16":"purchasable","17":"product-type-simple"},"_links":{"self":[{"href":"https:\/\/roveyayinevi.com.tr\/index.php\/wp-json\/wp\/v2\/product\/719377","targetHints":{"allow":["GET"]}}],"collection":[{"href":"https:\/\/roveyayinevi.com.tr\/index.php\/wp-json\/wp\/v2\/product"}],"about":[{"href":"https:\/\/roveyayinevi.com.tr\/index.php\/wp-json\/wp\/v2\/types\/product"}],"wp:attachment":[{"href":"https:\/\/roveyayinevi.com.tr\/index.php\/wp-json\/wp\/v2\/media?parent=719377"}],"wp:term":[{"taxonomy":"product_brand","embeddable":true,"href":"https:\/\/roveyayinevi.com.tr\/index.php\/wp-json\/wp\/v2\/product_brand?post=719377"},{"taxonomy":"product_cat","embeddable":true,"href":"https:\/\/roveyayinevi.com.tr\/index.php\/wp-json\/wp\/v2\/product_cat?post=719377"},{"taxonomy":"product_tag","embeddable":true,"href":"https:\/\/roveyayinevi.com.tr\/index.php\/wp-json\/wp\/v2\/product_tag?post=719377"}],"curies":[{"name":"wp","href":"https:\/\/api.w.org\/{rel}","templated":true}]}}