{"id":719372,"date":"2025-08-27T18:21:12","date_gmt":"2025-08-27T15:21:12","guid":{"rendered":"https:\/\/roveyayinevi.com.tr\/index.php\/urun\/lanetli-avlu\/"},"modified":"2026-04-16T02:27:33","modified_gmt":"2026-04-15T23:27:33","slug":"lanetli-avlu","status":"publish","type":"product","link":"https:\/\/roveyayinevi.com.tr\/index.php\/urun\/lanetli-avlu\/","title":{"rendered":"Lanetli Avlu"},"content":{"rendered":"<p>Lanetli Avlu, Balkan edebiyat\u0131nda \u00e7\u0131\u011f\u0131r a\u00e7an Nobel \u00f6d\u00fcll\u00fc yazar \u0130vo Andri\u00e7\u2019in hapsedilme deneyimi ve iradenin s\u0131n\u0131rlar\u0131 \u00fczerine \u00e7arp\u0131c\u0131 anlat\u0131s\u0131. Osmanl\u0131 \u0130stanbul\u2019undaki bir hapishanenin \u201clanetli avlusu\u201dnda toplanan M\u00fcsl\u00fcman, Yahudi, H\u0131ristiyan mahk\u00fbmlar cezaevi avlusunun karamsar atmosferine ki\u015fiselle tarihseli birle\u015ftiren \u00f6yk\u00fcleriyle direnmektedirler. Mahk\u00fbmlardan birinin \u00f6yk\u00fcs\u00fc Osmanl\u0131 \u015fehzadesi Cem Sultan\u2019\u0131n s\u00fcrg\u00fcn ve hapis deneyimine a\u00e7\u0131l\u0131rken, bir ba\u015fkas\u0131n\u0131n \u00f6yk\u00fcs\u00fc Balkanlar\u0131n \u00e7ok uluslu miras\u0131ndan baki kalm\u0131\u015f ger\u00e7ek ya\u015fam sahneleri sunmaktad\u0131r. Lanetli Avlu, \u00f6yk\u00fclerine sar\u0131lan insan\u0131n cezaevinin lanetiyle nas\u0131l ba\u015f edebildi\u011fini g\u00f6steren bir ba\u015fyap\u0131t.\u201cAndri\u00e7, Yugoslavya\u2019n\u0131n d\u00fcnyadaki \u015f\u00f6hretine hepimizden \u00e7ok katk\u0131da bulundu.\u201dJos\u0131f Broz T\u0131to<\/p>\n","protected":false},"excerpt":{"rendered":"<p>Lanetli Avlu, Balkan edebiyat\u0131nda \u00e7\u0131\u011f\u0131r a\u00e7an Nobel \u00f6d\u00fcll\u00fc yazar \u0130vo Andri\u00e7\u2019in hapsedilme deneyimi ve iradenin s\u0131n\u0131rlar\u0131 \u00fczerine \u00e7arp\u0131c\u0131 anlat\u0131s\u0131. Osmanl\u0131 \u0130stanbul\u2019undaki bir hapishanenin \u201clanetli avlusu\u201dnda toplanan<span class=\"excerpt-hellip\"> [\u2026]<\/span><\/p>\n","protected":false},"featured_media":0,"template":"","meta":{"_monsterinsights_skip_tracking":false,"_monsterinsights_sitenote_active":false,"_monsterinsights_sitenote_note":"","_monsterinsights_sitenote_category":0},"product_brand":[],"product_cat":[12291,12711],"product_tag":[],"class_list":{"0":"post-719372","1":"product","2":"type-product","3":"status-publish","5":"product_cat-edebiyat","6":"product_cat-roman-oyku","7":"pa_cilt-ciltsiz","8":"pa_tur-kitap","9":"pa_yayinevi-iletisim-yayinlari","10":"pa_yazar-ivo-andric","12":"first","13":"instock","14":"sale","15":"shipping-taxable","16":"purchasable","17":"product-type-simple"},"_links":{"self":[{"href":"https:\/\/roveyayinevi.com.tr\/index.php\/wp-json\/wp\/v2\/product\/719372","targetHints":{"allow":["GET"]}}],"collection":[{"href":"https:\/\/roveyayinevi.com.tr\/index.php\/wp-json\/wp\/v2\/product"}],"about":[{"href":"https:\/\/roveyayinevi.com.tr\/index.php\/wp-json\/wp\/v2\/types\/product"}],"wp:attachment":[{"href":"https:\/\/roveyayinevi.com.tr\/index.php\/wp-json\/wp\/v2\/media?parent=719372"}],"wp:term":[{"taxonomy":"product_brand","embeddable":true,"href":"https:\/\/roveyayinevi.com.tr\/index.php\/wp-json\/wp\/v2\/product_brand?post=719372"},{"taxonomy":"product_cat","embeddable":true,"href":"https:\/\/roveyayinevi.com.tr\/index.php\/wp-json\/wp\/v2\/product_cat?post=719372"},{"taxonomy":"product_tag","embeddable":true,"href":"https:\/\/roveyayinevi.com.tr\/index.php\/wp-json\/wp\/v2\/product_tag?post=719372"}],"curies":[{"name":"wp","href":"https:\/\/api.w.org\/{rel}","templated":true}]}}