{"id":719371,"date":"2025-08-27T18:21:11","date_gmt":"2025-08-27T15:21:11","guid":{"rendered":"https:\/\/roveyayinevi.com.tr\/index.php\/urun\/otekinin-otekisi\/"},"modified":"2026-04-16T02:27:33","modified_gmt":"2026-04-15T23:27:33","slug":"otekinin-otekisi","status":"publish","type":"product","link":"https:\/\/roveyayinevi.com.tr\/index.php\/urun\/otekinin-otekisi\/","title":{"rendered":"\u00d6tekinin \u00d6tekisi"},"content":{"rendered":"<p>\u2018S\u00fcnni T\u00fcrkl\u00fck\u2019\u00fcn yan\u0131nda, \u2018Alevi T\u00fcrkl\u00fck\u2019 ve \u2018S\u00fcnni K\u00fcrtl\u00fck\u2019 de art\u0131k toplumsal ve siyasal d\u00fczeyde tart\u0131\u015fmas\u0131z kabul edilen etno-dinsel kimlikler iken, \u2018Alevi K\u00fcrtl\u00fck\u2019 gerek bu \u00e7o\u011funluk kimlikler taraf\u0131ndan gerekse resm\u00ee d\u00fczeyde \u00e7o\u011fu zaman reddedilmekte, birinin kabul\u00fc di\u011ferinin reddi \u015feklinde bir kodlamaya tabi tutulmaktad\u0131r. S\u00fcnni T\u00fcrk ve Alevi T\u00fcrk taraf\u0131 \u2018Alevinin K\u00fcrd\u00fc m\u00fc olur?\u2019, S\u00fcnni K\u00fcrt taraf\u0131 ise \u2018K\u00fcrd\u00fcn Alevisi mi olur?\u2019 s\u00f6ylemi ile bunu hayata ge\u00e7irmektedir.(\u2026) Bu durum, Alevi K\u00fcrtler i\u00e7erisinde de yans\u0131mas\u0131n\u0131 bulmakta ve T\u00fcrk cephesinin bak\u0131\u015f a\u00e7\u0131s\u0131na yak\u0131n bir \u015fekilde \u2018Alevilikte yetmi\u015f iki millete bir bak\u0131l\u0131r\u2019, \u2018Alevinin K\u00fcrd\u00fc m\u00fc olur?\u2019, \u2018Ben Aleviyim, K\u00fcrt de\u011filim\u2019 \u015feklindeki s\u00f6ylemlerle kendisini g\u00f6stermektedir.\u201d Etno-dinsel ger\u00e7ekli\u011fin \u00f6tesinde, bir siyasi varl\u0131k olarak Alevi K\u00fcrt kimli\u011finin in\u015fas\u0131n\u0131 inceleyen bir kitap: Sel\u00e7uklu, Osmanl\u0131 ve zaman\u0131m\u0131za uzanan s\u00fcre\u00e7te hem etno-dinsel ve etno-politik geli\u015fimin tarihine bak\u0131yor, hem bu tarihin nas\u0131l yeniden ke\u015ffedildi\u011fini sorguluyor. 1980\u2019lerdeki yenidenuyan\u0131\u015fa, Sivas ve Gazi Mahallesi katliamlar\u0131n\u0131n ve K\u00fcrt hareketinin etkisine \u00f6zel bir a\u011f\u0131rl\u0131k vererek\u2026 Sab\u0131r G\u00fcler Sevli, zihin a\u00e7\u0131c\u0131  bir d\u00f6rtl\u00fc mukayese ekseni de kuruyor kitab\u0131nda: Alevi K\u00fcrtleri Heryerdekiler\u2019le (M\u00fcsl\u00fcmanlar), Uzaktakiler\u2019le (Ezidiler), G\u00fcneydekiler\u2019le (\u0130ran ve Irak\u2019taki \u201cEhl-i Haklar\u201d), Buradakiler\u2019le (Zaza Alevilerin ayr\u0131ks\u0131l\u0131\u011f\u0131) ili\u015fkileri i\u00e7inde ele al\u0131yor. \u201cTabunun tabusu\u201d diyebilece\u011fimiz bir konuda, a\u00e7\u0131k zihinli ve doyurucu bir \u00e7al\u0131\u015fma.<\/p>\n","protected":false},"excerpt":{"rendered":"<p>\u2018S\u00fcnni T\u00fcrkl\u00fck\u2019\u00fcn yan\u0131nda, \u2018Alevi T\u00fcrkl\u00fck\u2019 ve \u2018S\u00fcnni K\u00fcrtl\u00fck\u2019 de art\u0131k toplumsal ve siyasal d\u00fczeyde tart\u0131\u015fmas\u0131z kabul edilen etno-dinsel kimlikler iken, \u2018Alevi K\u00fcrtl\u00fck\u2019 gerek bu \u00e7o\u011funluk kimlikler<span class=\"excerpt-hellip\"> [\u2026]<\/span><\/p>\n","protected":false},"featured_media":0,"template":"","meta":{"_monsterinsights_skip_tracking":false,"_monsterinsights_sitenote_active":false,"_monsterinsights_sitenote_note":"","_monsterinsights_sitenote_category":0},"product_brand":[],"product_cat":[13575,12718,12719],"product_tag":[],"class_list":{"0":"post-719371","1":"product","2":"type-product","3":"status-publish","5":"product_cat-alevilik-bektasilik","6":"product_cat-din","7":"product_cat-islam","8":"pa_cilt-ciltsiz","9":"pa_tur-kitap","10":"pa_yayinevi-iletisim-yayinlari","11":"pa_yazar-sabir-guler-sevli","13":"first","14":"instock","15":"sale","16":"shipping-taxable","17":"purchasable","18":"product-type-simple"},"_links":{"self":[{"href":"https:\/\/roveyayinevi.com.tr\/index.php\/wp-json\/wp\/v2\/product\/719371","targetHints":{"allow":["GET"]}}],"collection":[{"href":"https:\/\/roveyayinevi.com.tr\/index.php\/wp-json\/wp\/v2\/product"}],"about":[{"href":"https:\/\/roveyayinevi.com.tr\/index.php\/wp-json\/wp\/v2\/types\/product"}],"wp:attachment":[{"href":"https:\/\/roveyayinevi.com.tr\/index.php\/wp-json\/wp\/v2\/media?parent=719371"}],"wp:term":[{"taxonomy":"product_brand","embeddable":true,"href":"https:\/\/roveyayinevi.com.tr\/index.php\/wp-json\/wp\/v2\/product_brand?post=719371"},{"taxonomy":"product_cat","embeddable":true,"href":"https:\/\/roveyayinevi.com.tr\/index.php\/wp-json\/wp\/v2\/product_cat?post=719371"},{"taxonomy":"product_tag","embeddable":true,"href":"https:\/\/roveyayinevi.com.tr\/index.php\/wp-json\/wp\/v2\/product_tag?post=719371"}],"curies":[{"name":"wp","href":"https:\/\/api.w.org\/{rel}","templated":true}]}}