{"id":719366,"date":"2025-08-27T18:21:08","date_gmt":"2025-08-27T15:21:08","guid":{"rendered":"https:\/\/roveyayinevi.com.tr\/index.php\/urun\/boylesi-daha-guzel\/"},"modified":"2026-04-16T02:27:32","modified_gmt":"2026-04-15T23:27:32","slug":"boylesi-daha-guzel","status":"publish","type":"product","link":"https:\/\/roveyayinevi.com.tr\/index.php\/urun\/boylesi-daha-guzel\/","title":{"rendered":"B\u00f6ylesi Daha G\u00fczel"},"content":{"rendered":"<p>Deniz yeni boya kalemleriyle hevesle boyama yapmaya ba\u015flar, ancak \u00e7izgilerin d\u0131\u015f\u0131na ta\u015f\u0131rd\u0131\u011f\u0131 i\u00e7in \u00fcz\u00fcl\u00fcr. Boyamay\u0131 beceremedi\u011fini d\u00fc\u015f\u00fcn\u00fcr ve yapmaktan vazge\u00e7er. Sonra, ablas\u0131n\u0131n kendince dans\u0131n\u0131, annesinin birbirinden farkl\u0131 \u015fekildeki kurabiyelerini, babas\u0131n\u0131n u\u00e7urtma yapmak i\u00e7in \u00e7e\u015fitli denemeler yapmas\u0131n\u0131 izler. Ve sonunda boyamay\u0131 nas\u0131l yapaca\u011f\u0131na karar verir. \u00c7\u00fcnk\u00fc herkesin kendi tarz\u0131 vard\u0131r!\u00c7ocuklara s\u0131n\u0131rlara ba\u011fl\u0131 kalmamay\u0131, denemekten korkmamalar\u0131n\u0131, yapt\u0131klar\u0131ndan keyif almalar\u0131n\u0131n \u00f6nemini anlatan s\u0131cac\u0131k bir hikaye.<\/p>\n","protected":false},"excerpt":{"rendered":"<p>Deniz yeni boya kalemleriyle hevesle boyama yapmaya ba\u015flar, ancak \u00e7izgilerin d\u0131\u015f\u0131na ta\u015f\u0131rd\u0131\u011f\u0131 i\u00e7in \u00fcz\u00fcl\u00fcr. Boyamay\u0131 beceremedi\u011fini d\u00fc\u015f\u00fcn\u00fcr ve yapmaktan vazge\u00e7er. Sonra, ablas\u0131n\u0131n kendince dans\u0131n\u0131, annesinin birbirinden<span class=\"excerpt-hellip\"> [\u2026]<\/span><\/p>\n","protected":false},"featured_media":0,"template":"","meta":{"_monsterinsights_skip_tracking":false,"_monsterinsights_sitenote_active":false,"_monsterinsights_sitenote_note":"","_monsterinsights_sitenote_category":0},"product_brand":[],"product_cat":[12913,12274],"product_tag":[],"class_list":{"0":"post-719366","1":"product","2":"type-product","3":"status-publish","5":"product_cat-3-6-yas-kitaplari","6":"product_cat-cocuk-ve-genclik-kitaplari","7":"pa_cilt-ciltsiz","8":"pa_tur-kitap","9":"pa_yayinevi-timas-cocuk","10":"pa_yazar-esin-bacaci-taner","12":"first","13":"instock","14":"sale","15":"shipping-taxable","16":"purchasable","17":"product-type-simple"},"_links":{"self":[{"href":"https:\/\/roveyayinevi.com.tr\/index.php\/wp-json\/wp\/v2\/product\/719366","targetHints":{"allow":["GET"]}}],"collection":[{"href":"https:\/\/roveyayinevi.com.tr\/index.php\/wp-json\/wp\/v2\/product"}],"about":[{"href":"https:\/\/roveyayinevi.com.tr\/index.php\/wp-json\/wp\/v2\/types\/product"}],"wp:attachment":[{"href":"https:\/\/roveyayinevi.com.tr\/index.php\/wp-json\/wp\/v2\/media?parent=719366"}],"wp:term":[{"taxonomy":"product_brand","embeddable":true,"href":"https:\/\/roveyayinevi.com.tr\/index.php\/wp-json\/wp\/v2\/product_brand?post=719366"},{"taxonomy":"product_cat","embeddable":true,"href":"https:\/\/roveyayinevi.com.tr\/index.php\/wp-json\/wp\/v2\/product_cat?post=719366"},{"taxonomy":"product_tag","embeddable":true,"href":"https:\/\/roveyayinevi.com.tr\/index.php\/wp-json\/wp\/v2\/product_tag?post=719366"}],"curies":[{"name":"wp","href":"https:\/\/api.w.org\/{rel}","templated":true}]}}