{"id":719365,"date":"2025-08-27T18:21:07","date_gmt":"2025-08-27T15:21:07","guid":{"rendered":"https:\/\/roveyayinevi.com.tr\/index.php\/urun\/dasenkanin-hayati\/"},"modified":"2026-04-16T02:27:32","modified_gmt":"2026-04-15T23:27:32","slug":"dasenkanin-hayati","status":"publish","type":"product","link":"https:\/\/roveyayinevi.com.tr\/index.php\/urun\/dasenkanin-hayati\/","title":{"rendered":"Da\u015fenka&#8217;n\u0131n Hayat\u0131"},"content":{"rendered":"<p>D\u00fcnyaya geldi\u011finde, bir t\u00fcy yuma\u011f\u0131ndan ba\u015fka bir \u015fey de\u011fildi. Avu\u00e7 i\u00e7ini ancak dolduruyordu. Onun bir yavru k\u00f6pek oldu\u011funu, bir \u00e7ift kara kula\u011f\u0131ndan ve minicik kuyru\u011fundan anlam\u0131\u015ft\u0131k. Di\u015fi bir k\u00f6pek istedi\u011fimiz i\u00e7in de ona Minik-Da\u015fa ya da Da\u015fenkac\u0131k ad\u0131n\u0131 vermi\u015ftik. Hen\u00fcz k\u00fc\u00e7\u00fcc\u00fck beyaz bir \u015feyken g\u00f6zleri kapal\u0131yd\u0131, g\u00f6remiyordu. Bacaklar\u0131n\u0131n yerinde ise, iyice yak\u0131ndan bak\u0131ld\u0131\u011f\u0131nda bir \u00e7ift \u00e7\u00f6p bacak g\u00f6rebilirdiniz. Bacaklar\u0131 var m\u0131 vard\u0131. Ancak \u00f6ylesine zay\u0131f ve g\u00fc\u00e7s\u00fczlerdi ki, y\u00fcr\u00fcmek \u015f\u00f6yle dursun, bunlar\u0131n \u00fczerinde durulabilece\u011fine inanmak \u00e7ok g\u00fc\u00e7t\u00fc. Da\u015fenka y\u00fcr\u00fcmeye \u00e7abalad\u0131\u011f\u0131nda, asl\u0131nda y\u00fcr\u00fcmeye \u00e7abalad\u0131 da denemez, daha \u00e7ok kollar\u0131n\u0131 s\u0131vad\u0131\u011f\u0131nda denebilir, do\u011frusunu isterseniz kollar\u0131n\u0131 s\u0131vad\u0131\u011f\u0131n\u0131 da s\u00f6yleyemeyiz. <\/p>\n","protected":false},"excerpt":{"rendered":"<p>D\u00fcnyaya geldi\u011finde, bir t\u00fcy yuma\u011f\u0131ndan ba\u015fka bir \u015fey de\u011fildi. Avu\u00e7 i\u00e7ini ancak dolduruyordu. Onun bir yavru k\u00f6pek oldu\u011funu, bir \u00e7ift kara kula\u011f\u0131ndan ve minicik kuyru\u011fundan anlam\u0131\u015ft\u0131k.<span class=\"excerpt-hellip\"> [\u2026]<\/span><\/p>\n","protected":false},"featured_media":0,"template":"","meta":{"_monsterinsights_skip_tracking":false,"_monsterinsights_sitenote_active":false,"_monsterinsights_sitenote_note":"","_monsterinsights_sitenote_category":0},"product_brand":[],"product_cat":[12274,12284],"product_tag":[],"class_list":{"0":"post-719365","1":"product","2":"type-product","3":"status-publish","5":"product_cat-cocuk-ve-genclik-kitaplari","6":"product_cat-hikayeler","7":"pa_cilt-ciltsiz","8":"pa_tur-kitap","9":"pa_yayinevi-bilgesu-yayincilik","10":"pa_yazar-karel-capek","12":"first","13":"instock","14":"sale","15":"shipping-taxable","16":"purchasable","17":"product-type-simple"},"_links":{"self":[{"href":"https:\/\/roveyayinevi.com.tr\/index.php\/wp-json\/wp\/v2\/product\/719365","targetHints":{"allow":["GET"]}}],"collection":[{"href":"https:\/\/roveyayinevi.com.tr\/index.php\/wp-json\/wp\/v2\/product"}],"about":[{"href":"https:\/\/roveyayinevi.com.tr\/index.php\/wp-json\/wp\/v2\/types\/product"}],"wp:attachment":[{"href":"https:\/\/roveyayinevi.com.tr\/index.php\/wp-json\/wp\/v2\/media?parent=719365"}],"wp:term":[{"taxonomy":"product_brand","embeddable":true,"href":"https:\/\/roveyayinevi.com.tr\/index.php\/wp-json\/wp\/v2\/product_brand?post=719365"},{"taxonomy":"product_cat","embeddable":true,"href":"https:\/\/roveyayinevi.com.tr\/index.php\/wp-json\/wp\/v2\/product_cat?post=719365"},{"taxonomy":"product_tag","embeddable":true,"href":"https:\/\/roveyayinevi.com.tr\/index.php\/wp-json\/wp\/v2\/product_tag?post=719365"}],"curies":[{"name":"wp","href":"https:\/\/api.w.org\/{rel}","templated":true}]}}