{"id":719364,"date":"2025-08-27T18:21:06","date_gmt":"2025-08-27T15:21:06","guid":{"rendered":"https:\/\/roveyayinevi.com.tr\/index.php\/urun\/20-yuzyilda-koylu-savaslari\/"},"modified":"2026-02-03T02:41:33","modified_gmt":"2026-02-02T23:41:33","slug":"20-yuzyilda-koylu-savaslari","status":"publish","type":"product","link":"https:\/\/roveyayinevi.com.tr\/index.php\/urun\/20-yuzyilda-koylu-savaslari\/","title":{"rendered":"20. Y\u00fczy\u0131lda K\u00f6yl\u00fc Sava\u015flar\u0131"},"content":{"rendered":"<p>K\u00f6yl\u00fcler ve k\u00f6yl\u00fcl\u00fck devrim teorilerinin \u00f6yle veya b\u00f6yle hep meselesi olmu\u015f, zaman zaman \u201cilerici\u201d bir m\u00fcttefik, bazen de \u201cgerici\u201d bir engel olarak g\u00f6r\u00fclm\u00fc\u015ft\u00fcr. Her durumda belirli toplum tasar\u0131mlar\u0131n\u0131n nesnesi olmu\u015f, s\u0131n\u0131f olup olmad\u0131\u011f\u0131 tart\u0131\u015fmalar\u0131 yap\u0131lm\u0131\u015ft\u0131r. Eric R. Wolf, 20. Y\u00fczy\u0131lda K\u00f6yl\u00fc Sava\u015flar\u0131 adl\u0131 bu kitab\u0131nda K\u00fcba, Cezayir, Vietnam, \u00c7in, Rusya ve Meksika \u00f6rneklerine yo\u011funla\u015farak k\u00f6yl\u00fcl\u00fc\u011f\u00fc genelge\u00e7er tan\u0131mlar\u0131n ve kriterlerin \u00f6tesinde \u00fclke ba\u011flamlar\u0131nda ve farkl\u0131 toplumsal formasyonlar\u0131n i\u00e7erisinden ele alarak \u00f6nemli bir katk\u0131 sunuyor.Wolf\u2019un \u00e7al\u0131\u015fmas\u0131 k\u00f6yl\u00fcl\u00fc\u011f\u00fcn s\u0131n\u0131rlar\u0131n\u0131 ve imk\u00e2nlar\u0131n\u0131 kar\u015f\u0131la\u015ft\u0131rmal\u0131 olarak takip etmek isteyen ve kitle hareketleriyle ili\u015fkisini merak eden okurun fazlas\u0131yla ilgisini \u00e7ekecek nadide bir eser.\u201cBinlerce y\u0131l i\u00e7inde insanl\u0131k \u00e7ok eskiden beri devam eden a\u00e7l\u0131k ve hastal\u0131k sorunlar\u0131n\u0131 ilk defa \u00e7\u00f6zmekte yol al\u0131yor; her yerde insanlar\u0131n kat\u0131l\u0131m\u0131 ve bilgiyi yayma \u00e7abalar\u0131 kar\u015f\u0131s\u0131nda kadim iktidar tekelleri ve genelge\u00e7er hikmetler geriliyor. Ne kadar belirsiz de olsa, nice zorluklar da olsa, ne kadar yanl\u0131\u015f da anla\u015f\u0131lsa, hayat\u0131 bereketlendirme, insaniyeti y\u00fckseltme \u00fcmidi bu \u00e7abalardad\u0131r. Asi k\u00f6yl\u00fcler elemden nasibini alsa da, \u00fcmitten de nasibi vard\u0131r; bu a\u00e7\u0131dan onlar insaniyetten yanad\u0131r.\u201dERIC R. WOLF<\/p>\n","protected":false},"excerpt":{"rendered":"<p>K\u00f6yl\u00fcler ve k\u00f6yl\u00fcl\u00fck devrim teorilerinin \u00f6yle veya b\u00f6yle hep meselesi olmu\u015f, zaman zaman \u201cilerici\u201d bir m\u00fcttefik, bazen de \u201cgerici\u201d bir engel olarak g\u00f6r\u00fclm\u00fc\u015ft\u00fcr. Her durumda belirli<span class=\"excerpt-hellip\"> [\u2026]<\/span><\/p>\n","protected":false},"featured_media":0,"template":"","meta":{"_monsterinsights_skip_tracking":false,"_monsterinsights_sitenote_active":false,"_monsterinsights_sitenote_note":"","_monsterinsights_sitenote_category":0},"product_brand":[],"product_cat":[12370,12304],"product_tag":[],"class_list":{"0":"post-719364","1":"product","2":"type-product","3":"status-publish","5":"product_cat-arastirma-inceleme","6":"product_cat-tarih","7":"pa_cilt-ciltsiz","8":"pa_tur-kitap","9":"pa_yayinevi-iletisim-yayinlari","10":"pa_yazar-eric-r-wolf","12":"first","13":"instock","14":"sale","15":"shipping-taxable","16":"purchasable","17":"product-type-simple"},"_links":{"self":[{"href":"https:\/\/roveyayinevi.com.tr\/index.php\/wp-json\/wp\/v2\/product\/719364","targetHints":{"allow":["GET"]}}],"collection":[{"href":"https:\/\/roveyayinevi.com.tr\/index.php\/wp-json\/wp\/v2\/product"}],"about":[{"href":"https:\/\/roveyayinevi.com.tr\/index.php\/wp-json\/wp\/v2\/types\/product"}],"wp:attachment":[{"href":"https:\/\/roveyayinevi.com.tr\/index.php\/wp-json\/wp\/v2\/media?parent=719364"}],"wp:term":[{"taxonomy":"product_brand","embeddable":true,"href":"https:\/\/roveyayinevi.com.tr\/index.php\/wp-json\/wp\/v2\/product_brand?post=719364"},{"taxonomy":"product_cat","embeddable":true,"href":"https:\/\/roveyayinevi.com.tr\/index.php\/wp-json\/wp\/v2\/product_cat?post=719364"},{"taxonomy":"product_tag","embeddable":true,"href":"https:\/\/roveyayinevi.com.tr\/index.php\/wp-json\/wp\/v2\/product_tag?post=719364"}],"curies":[{"name":"wp","href":"https:\/\/api.w.org\/{rel}","templated":true}]}}