{"id":719363,"date":"2025-08-27T18:21:06","date_gmt":"2025-08-27T15:21:06","guid":{"rendered":"https:\/\/roveyayinevi.com.tr\/index.php\/urun\/erken-osmanli-1300-1453-yapilarinda-cini-susleme\/"},"modified":"2026-04-16T02:27:32","modified_gmt":"2026-04-15T23:27:32","slug":"erken-osmanli-1300-1453-yapilarinda-cini-susleme","status":"publish","type":"product","link":"https:\/\/roveyayinevi.com.tr\/index.php\/urun\/erken-osmanli-1300-1453-yapilarinda-cini-susleme\/","title":{"rendered":"Erken Osmanl\u0131 (1300-1453) Yap\u0131lar\u0131nda \u00c7ini S\u00fcsleme"},"content":{"rendered":"<p>Bu \u00e7al\u0131\u015fmada, Osmanl\u0131 Beyli\u011fi\u2019nin kurulu\u015fundan, \u0130stanbul\u2019un fethine kadarki d\u00f6nemde in\u015fa edilmi\u015f mimari eserlerin \u00e7ini s\u00fcslemeleri malzeme, teknik, motif ve kompozisyon \u00f6zellikleriyle ayr\u0131nt\u0131l\u0131 bi\u00e7imde ele al\u0131nmakta  ve T\u00fcrk \u00e7ini sanat\u0131ndaki yeri ortaya konmaktad\u0131r. Ara\u015ft\u0131rma konumuzun katalo\u011funa ald\u0131\u011f\u0131m\u0131z eserler,1453 tarihiyle s\u0131n\u0131rlanmakla birlikte, \u00e7ini sanat\u0131nda Erken Osmanl\u0131 \u00fcsl\u00fbbunu devam ettirdi\u011fi anla\u015f\u0131lan 15. y\u00fczy\u0131l\u0131n ikinci yar\u0131s\u0131 ve 16. y\u00fczy\u0131ldaki baz\u0131 eserler kar\u015f\u0131la\u015ft\u0131rma ve de\u011ferlendirme b\u00f6l\u00fcm\u00fcnde ayr\u0131nt\u0131l\u0131 bi\u00e7imde incelenmi\u015ftir. \u00c7al\u0131\u015fmam\u0131za konu yap\u0131lar, Bursa, \u0130znik, Edirne, Ankara, Tire ve bug\u00fcnk\u00fc Makedonya s\u0131n\u0131rlar\u0131 i\u00e7erisindeki \u00dcsk\u00fcp\u2019te yer almaktad\u0131r. 14. y\u00fczy\u0131lda mimari eserlerde s\u0131n\u0131rl\u0131 bir bi\u00e7imde kullan\u0131lan \u00e7ini bu d\u00f6nemde esas geli\u015fimini, 15. y\u00fczy\u0131ldan itibaren ger\u00e7ekle\u015ftirerek de\u011fi\u015fik teknik ve kompozisyonlarla s\u00fcslemede \u00f6nemli yer tutmu\u015ftur. G\u00fcn\u00fcm\u00fczde bak\u0131ms\u0131zl\u0131k, insan eliyle ger\u00e7ekle\u015ftirilen her t\u00fcrl\u00fc tahribat \u00e7inilere a\u011f\u0131r zararlar vermi\u015f olmakla birlikte bu d\u00f6nem, Anadolu\u2019da kendinden \u00f6nce ortaya konan gelenek ile Timurlu sanat\u0131n\u0131n etkilerini birle\u015ftirerek T\u00fcrk \u00e7ini sanat\u0131nda se\u00e7kin bir yere sahip olmu\u015ftur. <\/p>\n","protected":false},"excerpt":{"rendered":"<p>Bu \u00e7al\u0131\u015fmada, Osmanl\u0131 Beyli\u011fi\u2019nin kurulu\u015fundan, \u0130stanbul\u2019un fethine kadarki d\u00f6nemde in\u015fa edilmi\u015f mimari eserlerin \u00e7ini s\u00fcslemeleri malzeme, teknik, motif ve kompozisyon \u00f6zellikleriyle ayr\u0131nt\u0131l\u0131 bi\u00e7imde ele al\u0131nmakta ve<span class=\"excerpt-hellip\"> [\u2026]<\/span><\/p>\n","protected":false},"featured_media":0,"template":"","meta":{"_monsterinsights_skip_tracking":false,"_monsterinsights_sitenote_active":false,"_monsterinsights_sitenote_note":"","_monsterinsights_sitenote_category":0},"product_brand":[],"product_cat":[12408,14197],"product_tag":[],"class_list":{"0":"post-719363","1":"product","2":"type-product","3":"status-publish","5":"product_cat-sanat","6":"product_cat-sanat-tarihi","7":"pa_cilt-ciltsiz","8":"pa_tur-kitap","9":"pa_yayinevi-soncag-akademik-kitaplar","10":"pa_yazar-savas-yildirim","12":"first","13":"instock","14":"sale","15":"shipping-taxable","16":"purchasable","17":"product-type-simple"},"_links":{"self":[{"href":"https:\/\/roveyayinevi.com.tr\/index.php\/wp-json\/wp\/v2\/product\/719363","targetHints":{"allow":["GET"]}}],"collection":[{"href":"https:\/\/roveyayinevi.com.tr\/index.php\/wp-json\/wp\/v2\/product"}],"about":[{"href":"https:\/\/roveyayinevi.com.tr\/index.php\/wp-json\/wp\/v2\/types\/product"}],"wp:attachment":[{"href":"https:\/\/roveyayinevi.com.tr\/index.php\/wp-json\/wp\/v2\/media?parent=719363"}],"wp:term":[{"taxonomy":"product_brand","embeddable":true,"href":"https:\/\/roveyayinevi.com.tr\/index.php\/wp-json\/wp\/v2\/product_brand?post=719363"},{"taxonomy":"product_cat","embeddable":true,"href":"https:\/\/roveyayinevi.com.tr\/index.php\/wp-json\/wp\/v2\/product_cat?post=719363"},{"taxonomy":"product_tag","embeddable":true,"href":"https:\/\/roveyayinevi.com.tr\/index.php\/wp-json\/wp\/v2\/product_tag?post=719363"}],"curies":[{"name":"wp","href":"https:\/\/api.w.org\/{rel}","templated":true}]}}