{"id":719359,"date":"2025-08-27T18:21:03","date_gmt":"2025-08-27T15:21:03","guid":{"rendered":"https:\/\/roveyayinevi.com.tr\/index.php\/urun\/kadin-haklarinin-gerekcelendirilmesi-2\/"},"modified":"2026-04-16T02:27:32","modified_gmt":"2026-04-15T23:27:32","slug":"kadin-haklarinin-gerekcelendirilmesi-2","status":"publish","type":"product","link":"https:\/\/roveyayinevi.com.tr\/index.php\/urun\/kadin-haklarinin-gerekcelendirilmesi-2\/","title":{"rendered":"Kad\u0131n Haklar\u0131n\u0131n Gerek\u00e7elendirilmesi"},"content":{"rendered":"<p>&#8220;Kad\u0131nlar\u0131n davran\u0131\u015flar\u0131nda bir devrim yapman\u0131n, kaybettikleri haysiyeti yeniden kazanmalar\u0131n\u0131n ve insan t\u00fcr\u00fcn\u00fcn bir par\u00e7as\u0131 olarak kabul g\u00f6rmelerinin vakti gelmi\u015ftir.&#8221;Mary Wollstonecraft\u2019\u0131n kad\u0131nlar\u0131n \u00f6zg\u00fcrl\u00fc\u011f\u00fcne dair tutkulu bildirgesi, basmakal\u0131p uysal ve g\u00f6steri\u015fli kad\u0131nl\u0131k alg\u0131s\u0131n\u0131 y\u0131k\u0131p yepyeni bir e\u015fitlik \u00e7a\u011f\u0131n\u0131n kap\u0131lar\u0131n\u0131 aralarken Wollstonecraft\u2019\u0131 da modern feminizmin kurucusu olarak tarihe ge\u00e7irmi\u015ftir.Kafka Kitap: \u201cB\u00fcy\u00fck Fikirler\u201dTarih boyunca baz\u0131 kitaplar d\u00fcnyay\u0131 de\u011fi\u015ftirdi. Bununla kalmay\u0131p; bizleri ve birbirimizi g\u00f6rme bi\u00e7imimizi etkiledi. O kitaplar ki tart\u0131\u015fmalara, muhalif fikirlere, sava\u015f ve devrimlere esin kayna\u011f\u0131 oldular. Ayd\u0131nlatt\u0131lar, harekete ge\u00e7irdiler, k\u0131\u015fk\u0131rtt\u0131lar, teselli ettiler. Ya\u015fam\u0131m\u0131z\u0131 zenginle\u015ftirdiler ve bizleri ayr\u0131 ayr\u0131 kendi ya\u015famlar\u0131m\u0131z\u0131 sorgulamaya y\u00f6nelttiler. \u015eimdi Kafka Kitap sizlere uygarl\u0131\u011f\u0131 sarsan, insanl\u0131k tarihine y\u00f6n veren ve kendimizi ke\u015ffetmemize yard\u0131m eden fikirleriyle; b\u00fcy\u00fck d\u00fc\u015f\u00fcn\u00fcrlerin, \u00e7\u0131\u011f\u0131r a\u00e7anlar\u0131n, radikallerin ve ileriyi g\u00f6renlerin eserlerini sunuyor.<\/p>\n","protected":false},"excerpt":{"rendered":"<p>&#8220;Kad\u0131nlar\u0131n davran\u0131\u015flar\u0131nda bir devrim yapman\u0131n, kaybettikleri haysiyeti yeniden kazanmalar\u0131n\u0131n ve insan t\u00fcr\u00fcn\u00fcn bir par\u00e7as\u0131 olarak kabul g\u00f6rmelerinin vakti gelmi\u015ftir.&#8221;Mary Wollstonecraft\u2019\u0131n kad\u0131nlar\u0131n \u00f6zg\u00fcrl\u00fc\u011f\u00fcne dair tutkulu bildirgesi, basmakal\u0131p<span class=\"excerpt-hellip\"> [\u2026]<\/span><\/p>\n","protected":false},"featured_media":0,"template":"","meta":{"_monsterinsights_skip_tracking":false,"_monsterinsights_sitenote_active":false,"_monsterinsights_sitenote_note":"","_monsterinsights_sitenote_category":0},"product_brand":[],"product_cat":[12370,12304],"product_tag":[],"class_list":{"0":"post-719359","1":"product","2":"type-product","3":"status-publish","5":"product_cat-arastirma-inceleme","6":"product_cat-tarih","7":"pa_cilt-ciltsiz","8":"pa_tur-kitap","9":"pa_yayinevi-kafka-yayinevi","10":"pa_yazar-mary-wollstonecraft","12":"first","13":"instock","14":"sale","15":"shipping-taxable","16":"purchasable","17":"product-type-simple"},"_links":{"self":[{"href":"https:\/\/roveyayinevi.com.tr\/index.php\/wp-json\/wp\/v2\/product\/719359","targetHints":{"allow":["GET"]}}],"collection":[{"href":"https:\/\/roveyayinevi.com.tr\/index.php\/wp-json\/wp\/v2\/product"}],"about":[{"href":"https:\/\/roveyayinevi.com.tr\/index.php\/wp-json\/wp\/v2\/types\/product"}],"wp:attachment":[{"href":"https:\/\/roveyayinevi.com.tr\/index.php\/wp-json\/wp\/v2\/media?parent=719359"}],"wp:term":[{"taxonomy":"product_brand","embeddable":true,"href":"https:\/\/roveyayinevi.com.tr\/index.php\/wp-json\/wp\/v2\/product_brand?post=719359"},{"taxonomy":"product_cat","embeddable":true,"href":"https:\/\/roveyayinevi.com.tr\/index.php\/wp-json\/wp\/v2\/product_cat?post=719359"},{"taxonomy":"product_tag","embeddable":true,"href":"https:\/\/roveyayinevi.com.tr\/index.php\/wp-json\/wp\/v2\/product_tag?post=719359"}],"curies":[{"name":"wp","href":"https:\/\/api.w.org\/{rel}","templated":true}]}}