{"id":719355,"date":"2025-08-27T18:21:00","date_gmt":"2025-08-27T15:21:00","guid":{"rendered":"https:\/\/roveyayinevi.com.tr\/index.php\/urun\/pooh-kosesindeki-ev\/"},"modified":"2026-04-16T02:27:32","modified_gmt":"2026-04-15T23:27:32","slug":"pooh-kosesindeki-ev","status":"publish","type":"product","link":"https:\/\/roveyayinevi.com.tr\/index.php\/urun\/pooh-kosesindeki-ev\/","title":{"rendered":"Pooh K\u00f6\u015fesindeki Ev"},"content":{"rendered":"<p>Orman\u2019\u0131n tepesindeki o b\u00fcy\u00fcl\u00fc yerde, k\u00fc\u00e7\u00fck bir \u00e7ocuk ve Ay\u0131c\u0131\u011f\u0131 hep oyun oynuyor olacak. D\u00fcnyan\u0131n en sevimli ay\u0131c\u0131\u011f\u0131n\u0131n maceralar\u0131 devam ediyor! Y\u00fcz D\u00f6n\u00fcm Orman\u0131\u2019nda Pooh, Piglet ve arkada\u015flar\u0131na kat\u0131l\u0131n. Bu kitaptaki \u00f6yk\u00fclerde Tigger, Tigger\u2019lar\u0131n ne yemeyi sevdi\u011fini ke\u015ffediyor, Piglet \u00c7ok M\u00fcthi\u015f Bir \u015eey yap\u0131yor ve Pooh yeni bir oyun icat ediyor. <\/p>\n","protected":false},"excerpt":{"rendered":"<p>Orman\u2019\u0131n tepesindeki o b\u00fcy\u00fcl\u00fc yerde, k\u00fc\u00e7\u00fck bir \u00e7ocuk ve Ay\u0131c\u0131\u011f\u0131 hep oyun oynuyor olacak. D\u00fcnyan\u0131n en sevimli ay\u0131c\u0131\u011f\u0131n\u0131n maceralar\u0131 devam ediyor! Y\u00fcz D\u00f6n\u00fcm Orman\u0131\u2019nda Pooh, Piglet<span class=\"excerpt-hellip\"> [\u2026]<\/span><\/p>\n","protected":false},"featured_media":0,"template":"","meta":{"_monsterinsights_skip_tracking":false,"_monsterinsights_sitenote_active":false,"_monsterinsights_sitenote_note":"","_monsterinsights_sitenote_category":0},"product_brand":[],"product_cat":[12689,12274],"product_tag":[],"class_list":{"0":"post-719355","1":"product","2":"type-product","3":"status-publish","5":"product_cat-cizgi-roman-cocuk-ve-genclik-kitaplari","6":"product_cat-cocuk-ve-genclik-kitaplari","7":"pa_cilt-ciltsiz","8":"pa_tur-kitap","9":"pa_yayinevi-yapi-kredi-yayinlari","10":"pa_yazar-a-a-milne","12":"first","13":"instock","14":"sale","15":"shipping-taxable","16":"purchasable","17":"product-type-simple"},"_links":{"self":[{"href":"https:\/\/roveyayinevi.com.tr\/index.php\/wp-json\/wp\/v2\/product\/719355","targetHints":{"allow":["GET"]}}],"collection":[{"href":"https:\/\/roveyayinevi.com.tr\/index.php\/wp-json\/wp\/v2\/product"}],"about":[{"href":"https:\/\/roveyayinevi.com.tr\/index.php\/wp-json\/wp\/v2\/types\/product"}],"wp:attachment":[{"href":"https:\/\/roveyayinevi.com.tr\/index.php\/wp-json\/wp\/v2\/media?parent=719355"}],"wp:term":[{"taxonomy":"product_brand","embeddable":true,"href":"https:\/\/roveyayinevi.com.tr\/index.php\/wp-json\/wp\/v2\/product_brand?post=719355"},{"taxonomy":"product_cat","embeddable":true,"href":"https:\/\/roveyayinevi.com.tr\/index.php\/wp-json\/wp\/v2\/product_cat?post=719355"},{"taxonomy":"product_tag","embeddable":true,"href":"https:\/\/roveyayinevi.com.tr\/index.php\/wp-json\/wp\/v2\/product_tag?post=719355"}],"curies":[{"name":"wp","href":"https:\/\/api.w.org\/{rel}","templated":true}]}}