{"id":719353,"date":"2025-08-27T18:20:59","date_gmt":"2025-08-27T15:20:59","guid":{"rendered":"https:\/\/roveyayinevi.com.tr\/index.php\/urun\/dunyanin-kitaplari\/"},"modified":"2026-04-16T02:27:32","modified_gmt":"2026-04-15T23:27:32","slug":"dunyanin-kitaplari","status":"publish","type":"product","link":"https:\/\/roveyayinevi.com.tr\/index.php\/urun\/dunyanin-kitaplari\/","title":{"rendered":"D\u00fcnyan\u0131n Kitaplar\u0131"},"content":{"rendered":"<p>D\u00fcnyaca \u00fcnl\u00fc Mona Lisa tablosu nas\u0131l \u00e7al\u0131nd\u0131? Susan Sontag&#8217;\u0131n katiyen kar\u015f\u0131 oldu\u011fu d\u00f6rt \u015fey neydi?Gandhi, \u0130ngiliz egemenli\u011fini sonland\u0131rmay\u0131 nas\u0131l ba\u015fard\u0131?Picasso&#8217;nun Nazilere resmiyle verdi\u011fi cevap neydi?Sinoplu Diyojen&#8217;in \u00e7ilesi neden bug\u00fcn de devam ediyor?Orhan Veli daha uzun ya\u015fasayd\u0131 romanlar\u0131n\u0131 da okur muyduk?\u00d6mer Hayyam\u2019\u0131 neden hala \u00e7ok seviyoruz?D\u00fcnyan\u0131n Kitaplar\u0131, farkl\u0131 zamanlardan ve co\u011frafyalardan onlarca yazar\u0131, sanat\u00e7\u0131y\u0131 ve filozofu bilinmeyen y\u00f6nleriyle bir araya getiriyor. Orhan T\u00fcleylio\u011flu, unutulmaz izler b\u0131rakm\u0131\u015f bu isimleri olduklar\u0131 ki\u015fi yapm\u0131\u015f anekdotlar\u0131 anlat\u0131rken okuru durup d\u00fc\u015f\u00fcnmeye, ilham almaya, en \u00e7ok da \u201ctutkuyla okumaya\u201d devam etmeye davet ediyor.Borges\u2019ten Ya\u015far Kemal\u2019e, Susan Sontag\u2019dan Gandhi\u2019ye, Le Guin\u2019den Sabahattin Ali\u2019ye, hayat\u0131m\u0131za dokunmu\u015f t\u00fcm bu isimlerin az bilinen y\u00f6nlerini ke\u015ffetmek, ya\u015fad\u0131klar\u0131 zorluklardan, ba\u015far\u0131lar\u0131ndan ve inatlar\u0131ndan ilhamla bug\u00fcne bakmak i\u00e7in&#8230;<\/p>\n","protected":false},"excerpt":{"rendered":"<p>D\u00fcnyaca \u00fcnl\u00fc Mona Lisa tablosu nas\u0131l \u00e7al\u0131nd\u0131? Susan Sontag&#8217;\u0131n katiyen kar\u015f\u0131 oldu\u011fu d\u00f6rt \u015fey neydi?Gandhi, \u0130ngiliz egemenli\u011fini sonland\u0131rmay\u0131 nas\u0131l ba\u015fard\u0131?Picasso&#8217;nun Nazilere resmiyle verdi\u011fi cevap neydi?Sinoplu Diyojen&#8217;in<span class=\"excerpt-hellip\"> [\u2026]<\/span><\/p>\n","protected":false},"featured_media":0,"template":"","meta":{"_monsterinsights_skip_tracking":false,"_monsterinsights_sitenote_active":false,"_monsterinsights_sitenote_note":"","_monsterinsights_sitenote_category":0},"product_brand":[],"product_cat":[12777,12291],"product_tag":[],"class_list":{"0":"post-719353","1":"product","2":"type-product","3":"status-publish","5":"product_cat-deneme","6":"product_cat-edebiyat","7":"pa_cilt-ciltsiz","8":"pa_tur-kitap","9":"pa_yayinevi-kara-karga-yayinlari","10":"pa_yazar-orhan-tuleylioglu","12":"first","13":"instock","14":"sale","15":"shipping-taxable","16":"purchasable","17":"product-type-simple"},"_links":{"self":[{"href":"https:\/\/roveyayinevi.com.tr\/index.php\/wp-json\/wp\/v2\/product\/719353","targetHints":{"allow":["GET"]}}],"collection":[{"href":"https:\/\/roveyayinevi.com.tr\/index.php\/wp-json\/wp\/v2\/product"}],"about":[{"href":"https:\/\/roveyayinevi.com.tr\/index.php\/wp-json\/wp\/v2\/types\/product"}],"wp:attachment":[{"href":"https:\/\/roveyayinevi.com.tr\/index.php\/wp-json\/wp\/v2\/media?parent=719353"}],"wp:term":[{"taxonomy":"product_brand","embeddable":true,"href":"https:\/\/roveyayinevi.com.tr\/index.php\/wp-json\/wp\/v2\/product_brand?post=719353"},{"taxonomy":"product_cat","embeddable":true,"href":"https:\/\/roveyayinevi.com.tr\/index.php\/wp-json\/wp\/v2\/product_cat?post=719353"},{"taxonomy":"product_tag","embeddable":true,"href":"https:\/\/roveyayinevi.com.tr\/index.php\/wp-json\/wp\/v2\/product_tag?post=719353"}],"curies":[{"name":"wp","href":"https:\/\/api.w.org\/{rel}","templated":true}]}}