{"id":719351,"date":"2025-08-27T18:20:57","date_gmt":"2025-08-27T15:20:57","guid":{"rendered":"https:\/\/roveyayinevi.com.tr\/index.php\/urun\/evren-gibi-gorunen-kucuk-bahcemiz\/"},"modified":"2026-04-16T02:27:32","modified_gmt":"2026-04-15T23:27:32","slug":"evren-gibi-gorunen-kucuk-bahcemiz","status":"publish","type":"product","link":"https:\/\/roveyayinevi.com.tr\/index.php\/urun\/evren-gibi-gorunen-kucuk-bahcemiz\/","title":{"rendered":"Evren Gibi G\u00f6r\u00fcnen K\u00fc\u00e7\u00fck Bah\u00e7emiz"},"content":{"rendered":"<p>Her \u015fey tam burada ba\u015fl\u0131yor; evren gibi g\u00f6r\u00fcnen k\u00fc\u00e7\u00fck bah\u00e7elerimizde\u2026             \u201cBiz \u00e7ocukken bir ucundan bir ucuna yirmi ad\u0131mda gidebilece\u011finiz ama bize sonsuz bir evren gibi g\u00f6r\u00fcnen k\u00fc\u00e7\u00fck bah\u00e7emiz, hem ne\u015femizin hem de korkular\u0131m\u0131z\u0131n kayna\u011f\u0131yd\u0131.\u201d \u00dctopyalara ve hayal g\u00fcc\u00fcne yapt\u0131\u011f\u0131 vurgularla dikkat \u00e7eken Nobel \u00f6d\u00fcl\u00fc sahibi Frans\u0131z yazar Anatole France\u2019\u0131n bir \u00f6yk\u00fcs\u00fcn\u00fcn i\u00e7inden se\u00e7ildi bu isim:Evren Gibi G\u00f6r\u00fcnen K\u00fc\u00e7\u00fck Bah\u00e7emiz. Bilhassa bu \u00f6yk\u00fcde hayal g\u00fcc\u00fcn\u00fcn ve kurgunun g\u00fcndelik hayattan \u00f6ylesine ortaya at\u0131lm\u0131\u015f bir karakterarac\u0131l\u0131\u011f\u0131yla zamanla nas\u0131l bir ger\u00e7eklik kazand\u0131\u011f\u0131n\u0131, ete kemi\u011fe b\u00fcr\u00fcnd\u00fc\u011f\u00fcn\u00fc g\u00f6r\u00fcyoruz. \u0130\u015fte edebiyat\u0131n b\u00fcy\u00fcl\u00fc g\u00f6rkemi! <\/p>\n","protected":false},"excerpt":{"rendered":"<p>Her \u015fey tam burada ba\u015fl\u0131yor; evren gibi g\u00f6r\u00fcnen k\u00fc\u00e7\u00fck bah\u00e7elerimizde\u2026 \u201cBiz \u00e7ocukken bir ucundan bir ucuna yirmi ad\u0131mda gidebilece\u011finiz ama bize sonsuz bir evren gibi g\u00f6r\u00fcnen<span class=\"excerpt-hellip\"> [\u2026]<\/span><\/p>\n","protected":false},"featured_media":0,"template":"","meta":{"_monsterinsights_skip_tracking":false,"_monsterinsights_sitenote_active":false,"_monsterinsights_sitenote_note":"","_monsterinsights_sitenote_category":0},"product_brand":[],"product_cat":[12291,12711],"product_tag":[],"class_list":{"0":"post-719351","1":"product","2":"type-product","3":"status-publish","5":"product_cat-edebiyat","6":"product_cat-roman-oyku","7":"pa_cilt-ciltsiz","8":"pa_tur-kitap","9":"pa_yayinevi-profil-kitap","10":"pa_yazar-kolektif","12":"first","13":"instock","14":"sale","15":"shipping-taxable","16":"purchasable","17":"product-type-simple"},"_links":{"self":[{"href":"https:\/\/roveyayinevi.com.tr\/index.php\/wp-json\/wp\/v2\/product\/719351","targetHints":{"allow":["GET"]}}],"collection":[{"href":"https:\/\/roveyayinevi.com.tr\/index.php\/wp-json\/wp\/v2\/product"}],"about":[{"href":"https:\/\/roveyayinevi.com.tr\/index.php\/wp-json\/wp\/v2\/types\/product"}],"wp:attachment":[{"href":"https:\/\/roveyayinevi.com.tr\/index.php\/wp-json\/wp\/v2\/media?parent=719351"}],"wp:term":[{"taxonomy":"product_brand","embeddable":true,"href":"https:\/\/roveyayinevi.com.tr\/index.php\/wp-json\/wp\/v2\/product_brand?post=719351"},{"taxonomy":"product_cat","embeddable":true,"href":"https:\/\/roveyayinevi.com.tr\/index.php\/wp-json\/wp\/v2\/product_cat?post=719351"},{"taxonomy":"product_tag","embeddable":true,"href":"https:\/\/roveyayinevi.com.tr\/index.php\/wp-json\/wp\/v2\/product_tag?post=719351"}],"curies":[{"name":"wp","href":"https:\/\/api.w.org\/{rel}","templated":true}]}}