{"id":719348,"date":"2025-08-27T18:20:55","date_gmt":"2025-08-27T15:20:55","guid":{"rendered":"https:\/\/roveyayinevi.com.tr\/index.php\/urun\/gamzeli-ada\/"},"modified":"2026-04-16T02:27:32","modified_gmt":"2026-04-15T23:27:32","slug":"gamzeli-ada","status":"publish","type":"product","link":"https:\/\/roveyayinevi.com.tr\/index.php\/urun\/gamzeli-ada\/","title":{"rendered":"Gamzeli Ada"},"content":{"rendered":"<p>Ya\u015fananlardan ders almak, insanlar\u0131 k\u0131rmamak, k\u00fc\u00e7\u00fck olaylar\u0131 b\u00fcy\u00fctmemek, arkada\u015fl\u0131\u011f\u0131n ve dostlu\u011fun k\u0131ymetini bilmek ileride pi\u015fmanl\u0131k ya\u015famam\u0131za engel olur. Bir grup gencin arkada\u015fl\u0131\u011f\u0131 \u00fczerinden samimi bir dille aktar\u0131lan \u00f6yk\u00fc, insan ya\u015fam\u0131ndaki de\u011ferli anlar\u0131n ve ki\u015filerin k\u0131ymetini bilmemizin gere\u011fini aktar\u0131yor. Pelin Ertan\u2019\u0131n b\u00fcy\u00fcleyici bir dille anlatt\u0131\u011f\u0131 bu k\u0131sa \u00f6yk\u00fcs\u00fc; Ada, Damla ve Ya\u011fmur\u2019un arkada\u015fl\u0131\u011f\u0131 \u00fczerinden dostlu\u011fa dair \u00f6nemli mesajlar i\u00e7eriyor. <\/p>\n","protected":false},"excerpt":{"rendered":"<p>Ya\u015fananlardan ders almak, insanlar\u0131 k\u0131rmamak, k\u00fc\u00e7\u00fck olaylar\u0131 b\u00fcy\u00fctmemek, arkada\u015fl\u0131\u011f\u0131n ve dostlu\u011fun k\u0131ymetini bilmek ileride pi\u015fmanl\u0131k ya\u015famam\u0131za engel olur. Bir grup gencin arkada\u015fl\u0131\u011f\u0131 \u00fczerinden samimi bir dille<span class=\"excerpt-hellip\"> [\u2026]<\/span><\/p>\n","protected":false},"featured_media":0,"template":"","meta":{"_monsterinsights_skip_tracking":false,"_monsterinsights_sitenote_active":false,"_monsterinsights_sitenote_note":"","_monsterinsights_sitenote_category":0},"product_brand":[],"product_cat":[12291,12711],"product_tag":[],"class_list":{"0":"post-719348","1":"product","2":"type-product","3":"status-publish","5":"product_cat-edebiyat","6":"product_cat-roman-oyku","7":"pa_cilt-ciltsiz","8":"pa_tur-kitap","9":"pa_yayinevi-luna-yayinlari","10":"pa_yazar-pelin-ertan","12":"first","13":"instock","14":"sale","15":"shipping-taxable","16":"purchasable","17":"product-type-simple"},"_links":{"self":[{"href":"https:\/\/roveyayinevi.com.tr\/index.php\/wp-json\/wp\/v2\/product\/719348","targetHints":{"allow":["GET"]}}],"collection":[{"href":"https:\/\/roveyayinevi.com.tr\/index.php\/wp-json\/wp\/v2\/product"}],"about":[{"href":"https:\/\/roveyayinevi.com.tr\/index.php\/wp-json\/wp\/v2\/types\/product"}],"wp:attachment":[{"href":"https:\/\/roveyayinevi.com.tr\/index.php\/wp-json\/wp\/v2\/media?parent=719348"}],"wp:term":[{"taxonomy":"product_brand","embeddable":true,"href":"https:\/\/roveyayinevi.com.tr\/index.php\/wp-json\/wp\/v2\/product_brand?post=719348"},{"taxonomy":"product_cat","embeddable":true,"href":"https:\/\/roveyayinevi.com.tr\/index.php\/wp-json\/wp\/v2\/product_cat?post=719348"},{"taxonomy":"product_tag","embeddable":true,"href":"https:\/\/roveyayinevi.com.tr\/index.php\/wp-json\/wp\/v2\/product_tag?post=719348"}],"curies":[{"name":"wp","href":"https:\/\/api.w.org\/{rel}","templated":true}]}}