{"id":719347,"date":"2025-08-27T18:20:54","date_gmt":"2025-08-27T15:20:54","guid":{"rendered":"https:\/\/roveyayinevi.com.tr\/index.php\/urun\/bebegin-emzirilmesi-neden-onemlidir\/"},"modified":"2026-04-16T02:27:32","modified_gmt":"2026-04-15T23:27:32","slug":"bebegin-emzirilmesi-neden-onemlidir","status":"publish","type":"product","link":"https:\/\/roveyayinevi.com.tr\/index.php\/urun\/bebegin-emzirilmesi-neden-onemlidir\/","title":{"rendered":"Bebe\u011fin Emzirilmesi Neden \u00d6nemlidir?"},"content":{"rendered":"<p>Bebe\u011fin beslenmeye ihtiyac\u0131 vard\u0131r. Ancak modern ya\u015fam, \u00f6zellikle kad\u0131nlar\u0131n \u00e7al\u0131\u015fma hayat\u0131na girerek ev d\u0131\u015f\u0131na \u00e7\u0131kmalar\u0131 bu konuda iki farkl\u0131 se\u00e7enek g\u00fcndeme getirdi: annenin emzirmesi veya biberonla beslemek. B\u00f6ylece g\u00fcnl\u00fck ya\u015famda anneye baz\u0131 kolayl\u0131klar sa\u011flayan biberon kullan\u0131m\u0131 yayg\u0131nla\u015fmaya ba\u015flad\u0131. Asl\u0131nda bebekle anneyi birbirinden uzakla\u015ft\u0131ran bu anlay\u0131\u015f sorgulanmal\u0131d\u0131r. Annenin bebe\u011fi emzirmesi sadece bir besleme, g\u0131da sunmak de\u011fil bunun \u00e7ok \u00e7ok \u00f6tesine giden bir ili\u015fkidir. Mucizev\u00ee bir g\u0131da olan anne s\u00fct\u00fcn\u00fc memeden emen bir bebe\u011fin kazand\u0131klar\u0131 saymakla bitmez, hem de hayat\u0131 boyunca&#8230; Bu kitab\u0131n amac\u0131 emzirmenin faydalar\u0131n\u0131 s\u0131ralay\u0131p anneleri ikna etmek ve emzirmezlerse kendilerini k\u00f6t\u00fc hissetmelerine yol a\u00e7mak de\u011fil. \u00d6nemli olan \u201canne s\u00fct\u00fc en iyisidir\u201dden \u00f6teye bilgi sahibi olarak se\u00e7imlerini yapmalar\u0131d\u0131r. <\/p>\n","protected":false},"excerpt":{"rendered":"<p>Bebe\u011fin beslenmeye ihtiyac\u0131 vard\u0131r. Ancak modern ya\u015fam, \u00f6zellikle kad\u0131nlar\u0131n \u00e7al\u0131\u015fma hayat\u0131na girerek ev d\u0131\u015f\u0131na \u00e7\u0131kmalar\u0131 bu konuda iki farkl\u0131 se\u00e7enek g\u00fcndeme getirdi: annenin emzirmesi veya biberonla<span class=\"excerpt-hellip\"> [\u2026]<\/span><\/p>\n","protected":false},"featured_media":0,"template":"","meta":{"_monsterinsights_skip_tracking":false,"_monsterinsights_sitenote_active":false,"_monsterinsights_sitenote_note":"","_monsterinsights_sitenote_category":0},"product_brand":[],"product_cat":[17996,12364],"product_tag":[],"class_list":{"0":"post-719347","1":"product","2":"type-product","3":"status-publish","5":"product_cat-ebeveyn-kitaplari","6":"product_cat-genel-konular","7":"pa_cilt-ciltsiz","8":"pa_tur-kitap","9":"pa_yayinevi-kuraldisi-yayinevi","10":"pa_yazar-charlotte-young","12":"first","13":"instock","14":"sale","15":"shipping-taxable","16":"purchasable","17":"product-type-simple"},"_links":{"self":[{"href":"https:\/\/roveyayinevi.com.tr\/index.php\/wp-json\/wp\/v2\/product\/719347","targetHints":{"allow":["GET"]}}],"collection":[{"href":"https:\/\/roveyayinevi.com.tr\/index.php\/wp-json\/wp\/v2\/product"}],"about":[{"href":"https:\/\/roveyayinevi.com.tr\/index.php\/wp-json\/wp\/v2\/types\/product"}],"wp:attachment":[{"href":"https:\/\/roveyayinevi.com.tr\/index.php\/wp-json\/wp\/v2\/media?parent=719347"}],"wp:term":[{"taxonomy":"product_brand","embeddable":true,"href":"https:\/\/roveyayinevi.com.tr\/index.php\/wp-json\/wp\/v2\/product_brand?post=719347"},{"taxonomy":"product_cat","embeddable":true,"href":"https:\/\/roveyayinevi.com.tr\/index.php\/wp-json\/wp\/v2\/product_cat?post=719347"},{"taxonomy":"product_tag","embeddable":true,"href":"https:\/\/roveyayinevi.com.tr\/index.php\/wp-json\/wp\/v2\/product_tag?post=719347"}],"curies":[{"name":"wp","href":"https:\/\/api.w.org\/{rel}","templated":true}]}}