{"id":719344,"date":"2025-08-27T18:20:52","date_gmt":"2025-08-27T15:20:52","guid":{"rendered":"https:\/\/roveyayinevi.com.tr\/index.php\/urun\/gulme-makinesi\/"},"modified":"2026-04-16T02:27:32","modified_gmt":"2026-04-15T23:27:32","slug":"gulme-makinesi","status":"publish","type":"product","link":"https:\/\/roveyayinevi.com.tr\/index.php\/urun\/gulme-makinesi\/","title":{"rendered":"G\u00fclme Makinesi"},"content":{"rendered":"<p>\u201c\u00c7ocuklar\u0131n t\u0131rmanabilece\u011fi bir a\u011fa\u00e7 olmal\u0131 hayat kafiyesini kaybetmi\u015f bir \u015fiire d\u00f6nu\u0308\u015ftu\u0308\u011fu\u0308nde.\u201dDikkat! Bu kitaptaki \u015fiirler \u00e7ocuklar\u0131n k\u0131k\u0131rdamas\u0131na yol a\u00e7acak.Kalli Dakos\u2019tan ilkokul d\u00fcnyas\u0131n\u0131 anlatan komik, h\u0131nz\u0131r, yarat\u0131c\u0131 \u015fiirler\u2026 Mark Beech\u2019in  muhte\u015fem resimleriyle\u2026\u201cDakos\u2019un mizahi, ac\u0131-tatl\u0131 \u015fiirleri ve Beech\u2019in ha\u015far\u0131 desenleri, \u00e7ocuklar\u0131n s\u0131\u011f\u0131nak olarak g\u00f6rdu\u0308kleri bir okul tuvaletini merkeze al\u0131yor. Her \u00e7ocu\u011fun kendinden bir \u015fey bulaca\u011f\u0131 i\u00e7ten anlar\u0131n toplam\u0131&#8230;\u201dPublishers Weekly\u201cBu tatl\u0131, komik kitap \u00e7ocuklar\u0131n \u015fiire \u0131s\u0131nmas\u0131 i\u00e7in gu\u0308zel bir ba\u015flang\u0131\u00e7 olacak.\u201dSchool Library Journal<\/p>\n","protected":false},"excerpt":{"rendered":"<p>\u201c\u00c7ocuklar\u0131n t\u0131rmanabilece\u011fi bir a\u011fa\u00e7 olmal\u0131 hayat kafiyesini kaybetmi\u015f bir \u015fiire d\u00f6nu\u0308\u015ftu\u0308\u011fu\u0308nde.\u201dDikkat! Bu kitaptaki \u015fiirler \u00e7ocuklar\u0131n k\u0131k\u0131rdamas\u0131na yol a\u00e7acak.Kalli Dakos\u2019tan ilkokul d\u00fcnyas\u0131n\u0131 anlatan komik, h\u0131nz\u0131r, yarat\u0131c\u0131 \u015fiirler\u2026<span class=\"excerpt-hellip\"> [\u2026]<\/span><\/p>\n","protected":false},"featured_media":0,"template":"","meta":{"_monsterinsights_skip_tracking":false,"_monsterinsights_sitenote_active":false,"_monsterinsights_sitenote_note":"","_monsterinsights_sitenote_category":0},"product_brand":[],"product_cat":[12274,12284],"product_tag":[],"class_list":{"0":"post-719344","1":"product","2":"type-product","3":"status-publish","5":"product_cat-cocuk-ve-genclik-kitaplari","6":"product_cat-hikayeler","7":"pa_cilt-ciltsiz","8":"pa_tur-kitap","9":"pa_yayinevi-cinar-yayinlari","10":"pa_yazar-kalli-dakos","12":"first","13":"instock","14":"sale","15":"shipping-taxable","16":"purchasable","17":"product-type-simple"},"_links":{"self":[{"href":"https:\/\/roveyayinevi.com.tr\/index.php\/wp-json\/wp\/v2\/product\/719344","targetHints":{"allow":["GET"]}}],"collection":[{"href":"https:\/\/roveyayinevi.com.tr\/index.php\/wp-json\/wp\/v2\/product"}],"about":[{"href":"https:\/\/roveyayinevi.com.tr\/index.php\/wp-json\/wp\/v2\/types\/product"}],"wp:attachment":[{"href":"https:\/\/roveyayinevi.com.tr\/index.php\/wp-json\/wp\/v2\/media?parent=719344"}],"wp:term":[{"taxonomy":"product_brand","embeddable":true,"href":"https:\/\/roveyayinevi.com.tr\/index.php\/wp-json\/wp\/v2\/product_brand?post=719344"},{"taxonomy":"product_cat","embeddable":true,"href":"https:\/\/roveyayinevi.com.tr\/index.php\/wp-json\/wp\/v2\/product_cat?post=719344"},{"taxonomy":"product_tag","embeddable":true,"href":"https:\/\/roveyayinevi.com.tr\/index.php\/wp-json\/wp\/v2\/product_tag?post=719344"}],"curies":[{"name":"wp","href":"https:\/\/api.w.org\/{rel}","templated":true}]}}