{"id":719342,"date":"2025-08-27T18:20:51","date_gmt":"2025-08-27T15:20:51","guid":{"rendered":"https:\/\/roveyayinevi.com.tr\/index.php\/urun\/luks-ve-satin-alma-niyeti\/"},"modified":"2026-04-16T02:27:32","modified_gmt":"2026-04-15T23:27:32","slug":"luks-ve-satin-alma-niyeti","status":"publish","type":"product","link":"https:\/\/roveyayinevi.com.tr\/index.php\/urun\/luks-ve-satin-alma-niyeti\/","title":{"rendered":"L\u00fcks ve Sat\u0131n Alma Niyeti"},"content":{"rendered":"<p>B\u00d6L\u00dcM 1: L\u00dcKS KAVRAM VE KURAMLARI B\u00d6L\u00dcM 2: L\u00dcKS DE\u011eER ALGISI KAVRAMI VE BOYUTLARI B\u00d6L\u00dcM 3: L\u00dcKSE Y\u00d6NEL\u0130K SATIN ALMA N\u0130YET\u0130 KAVRAMI VE TEOR\u0130LER B\u00d6L\u00dcM 4: L\u00dcKS VE L\u00dcKS DE\u011eER ALGISININ T\u00dcRK\u0130YE STAT\u00dcS\u00dc \u00dcZER\u0130NE B\u0130R UYGULAMA <\/p>\n","protected":false},"excerpt":{"rendered":"<p>B\u00d6L\u00dcM 1: L\u00dcKS KAVRAM VE KURAMLARI B\u00d6L\u00dcM 2: L\u00dcKS DE\u011eER ALGISI KAVRAMI VE BOYUTLARI B\u00d6L\u00dcM 3: L\u00dcKSE Y\u00d6NEL\u0130K SATIN ALMA N\u0130YET\u0130 KAVRAMI VE TEOR\u0130LER B\u00d6L\u00dcM 4:<span class=\"excerpt-hellip\"> [\u2026]<\/span><\/p>\n","protected":false},"featured_media":0,"template":"","meta":{"_monsterinsights_skip_tracking":false,"_monsterinsights_sitenote_active":false,"_monsterinsights_sitenote_note":"","_monsterinsights_sitenote_category":0},"product_brand":[],"product_cat":[13043,14381],"product_tag":[],"class_list":{"0":"post-719342","1":"product","2":"type-product","3":"status-publish","5":"product_cat-ekonomi","6":"product_cat-isletme-muhasebe-maliye","7":"pa_cilt-ciltsiz","8":"pa_tur-kitap","9":"pa_yayinevi-gazi-kitabevi","10":"pa_yazar-aysel-kurnaz","12":"first","13":"instock","14":"sale","15":"shipping-taxable","16":"purchasable","17":"product-type-simple"},"_links":{"self":[{"href":"https:\/\/roveyayinevi.com.tr\/index.php\/wp-json\/wp\/v2\/product\/719342","targetHints":{"allow":["GET"]}}],"collection":[{"href":"https:\/\/roveyayinevi.com.tr\/index.php\/wp-json\/wp\/v2\/product"}],"about":[{"href":"https:\/\/roveyayinevi.com.tr\/index.php\/wp-json\/wp\/v2\/types\/product"}],"wp:attachment":[{"href":"https:\/\/roveyayinevi.com.tr\/index.php\/wp-json\/wp\/v2\/media?parent=719342"}],"wp:term":[{"taxonomy":"product_brand","embeddable":true,"href":"https:\/\/roveyayinevi.com.tr\/index.php\/wp-json\/wp\/v2\/product_brand?post=719342"},{"taxonomy":"product_cat","embeddable":true,"href":"https:\/\/roveyayinevi.com.tr\/index.php\/wp-json\/wp\/v2\/product_cat?post=719342"},{"taxonomy":"product_tag","embeddable":true,"href":"https:\/\/roveyayinevi.com.tr\/index.php\/wp-json\/wp\/v2\/product_tag?post=719342"}],"curies":[{"name":"wp","href":"https:\/\/api.w.org\/{rel}","templated":true}]}}