{"id":719341,"date":"2025-08-27T18:20:50","date_gmt":"2025-08-27T15:20:50","guid":{"rendered":"https:\/\/roveyayinevi.com.tr\/index.php\/urun\/indeks-sayilari-kurami-ve-uygulamalari\/"},"modified":"2026-04-16T02:27:32","modified_gmt":"2026-04-15T23:27:32","slug":"indeks-sayilari-kurami-ve-uygulamalari","status":"publish","type":"product","link":"https:\/\/roveyayinevi.com.tr\/index.php\/urun\/indeks-sayilari-kurami-ve-uygulamalari\/","title":{"rendered":"\u0130ndeks Say\u0131lar\u0131 Kuram\u0131 ve Uygulamalar\u0131"},"content":{"rendered":"<p>B\u0130R\u0130NC\u0130 B\u00d6L\u00dcM TOPLAM VE \u00c7ARPIM G\u00d6STER\u0130M\u0130YLE \u0130LG\u0130L\u0130 \u0130\u015eLEMLER VE MERKEZ\u0130 E\u011e\u0130L\u0130M \u00d6L\u00c7\u00dcLER\u0130  \u0130K\u0130NC\u0130 B\u00d6L\u00dcM DE\u011e\u0130\u015e\u0130M\u0130N \u00d6L\u00c7\u00dcLMES\u0130, BA\u011eIL DE\u011eER VE Y\u00dcZDE HESAPLARI \u00dc\u00c7\u00dcNC\u00dc B\u00d6L\u00dcM \u0130NDEKS\u0130N TANIMI, N\u0130TEL\u0130\u011e\u0130 VE KULLANILDI\u011eI ALANLAR D\u00d6RD\u00dcNC\u00dc B\u00d6L\u00dcM \u0130NDEKSLER\u0130N HAZIRLANMASINDA D\u0130KKAT ED\u0130LECEK KONULAR VE \u0130NDEKSLER\u0130N YORUMLANMASI BE\u015e\u0130NC\u0130 B\u00d6L\u00dcM \u0130NDEKS \u00c7E\u015e\u0130TLER\u0130 VE HESAPLAMA Y\u00d6NTEMLER\u0130 ALTINCI B\u00d6L\u00dcM LASPEYRES, PAASCHE \u0130NDEKSLER\u0130 VE BAZI \u0130\u015eLEMLER YED\u0130NC\u0130 B\u00d6L\u00dcM FISHER\u2019\u0130N \u0130DEAL \u0130NDEKS\u0130, TESTLER\u0130 VE D\u0130\u011eER \u0130NDEKS TESTLER\u0130 SEK\u0130Z\u0130NC\u0130 B\u00d6L\u00dcM A\u011eIRLIKLI F\u0130YAT \u0130NDEKSLER\u0130 DOKUZUNCU B\u00d6L\u00dcM \u0130NDEKSLERLE \u0130LG\u0130L\u0130 BAZI MATEMAT\u0130KSEL \u0130\u015eLEMLER ONUNCU B\u00d6L\u00dcM T\u00dcKET\u0130C\u0130 VE \u00dcRET\u0130C\u0130 F\u0130YATLARI \u0130NDEKSLER\u0130N\u0130N KURAMSAL \u00c7ER\u00c7EVES\u0130 ONB\u0130R\u0130NC\u0130 B\u00d6L\u00dcM ENFLASYON VE ENFLASYONUN \u00d6L\u00c7\u00dcLMES\u0130 ON\u0130K\u0130NC\u0130 B\u00d6L\u00dcM DEFLATE ETME \u0130\u015eLEM\u0130: F\u0130YAT \u0130NDEKS\u0130YLE ZAMAN SER\u0130LER\u0130N\u0130N REEL DE\u011eERLER\u0130N\u0130N HESAPLANMASI ON\u00dc\u00c7\u00dcNC\u00dc B\u00d6L\u00dcM T\u00dcRK\u0130YE\u2019DE HESAPLANAN BAZI \u00d6NEML\u0130 F\u0130YAT \u0130NDEKSLER\u0130 <\/p>\n","protected":false},"excerpt":{"rendered":"<p>B\u0130R\u0130NC\u0130 B\u00d6L\u00dcM TOPLAM VE \u00c7ARPIM G\u00d6STER\u0130M\u0130YLE \u0130LG\u0130L\u0130 \u0130\u015eLEMLER VE MERKEZ\u0130 E\u011e\u0130L\u0130M \u00d6L\u00c7\u00dcLER\u0130 \u0130K\u0130NC\u0130 B\u00d6L\u00dcM DE\u011e\u0130\u015e\u0130M\u0130N \u00d6L\u00c7\u00dcLMES\u0130, BA\u011eIL DE\u011eER VE Y\u00dcZDE HESAPLARI \u00dc\u00c7\u00dcNC\u00dc B\u00d6L\u00dcM \u0130NDEKS\u0130N TANIMI, N\u0130TEL\u0130\u011e\u0130<span class=\"excerpt-hellip\"> [\u2026]<\/span><\/p>\n","protected":false},"featured_media":0,"template":"","meta":{"_monsterinsights_skip_tracking":false,"_monsterinsights_sitenote_active":false,"_monsterinsights_sitenote_note":"","_monsterinsights_sitenote_category":0},"product_brand":[],"product_cat":[20333,13043],"product_tag":[],"class_list":{"0":"post-719341","1":"product","2":"type-product","3":"status-publish","5":"product_cat-diger-ekonomi","6":"product_cat-ekonomi","7":"pa_cilt-ciltsiz","8":"pa_tur-kitap","9":"pa_yayinevi-gazi-kitabevi","10":"pa_yazar-serdar-kilickaplan","12":"first","13":"instock","14":"sale","15":"shipping-taxable","16":"purchasable","17":"product-type-simple"},"_links":{"self":[{"href":"https:\/\/roveyayinevi.com.tr\/index.php\/wp-json\/wp\/v2\/product\/719341","targetHints":{"allow":["GET"]}}],"collection":[{"href":"https:\/\/roveyayinevi.com.tr\/index.php\/wp-json\/wp\/v2\/product"}],"about":[{"href":"https:\/\/roveyayinevi.com.tr\/index.php\/wp-json\/wp\/v2\/types\/product"}],"wp:attachment":[{"href":"https:\/\/roveyayinevi.com.tr\/index.php\/wp-json\/wp\/v2\/media?parent=719341"}],"wp:term":[{"taxonomy":"product_brand","embeddable":true,"href":"https:\/\/roveyayinevi.com.tr\/index.php\/wp-json\/wp\/v2\/product_brand?post=719341"},{"taxonomy":"product_cat","embeddable":true,"href":"https:\/\/roveyayinevi.com.tr\/index.php\/wp-json\/wp\/v2\/product_cat?post=719341"},{"taxonomy":"product_tag","embeddable":true,"href":"https:\/\/roveyayinevi.com.tr\/index.php\/wp-json\/wp\/v2\/product_tag?post=719341"}],"curies":[{"name":"wp","href":"https:\/\/api.w.org\/{rel}","templated":true}]}}