{"id":719339,"date":"2025-08-27T18:20:49","date_gmt":"2025-08-27T15:20:49","guid":{"rendered":"https:\/\/roveyayinevi.com.tr\/index.php\/urun\/her-yonuyle-satranc\/"},"modified":"2026-04-16T02:27:32","modified_gmt":"2026-04-15T23:27:32","slug":"her-yonuyle-satranc","status":"publish","type":"product","link":"https:\/\/roveyayinevi.com.tr\/index.php\/urun\/her-yonuyle-satranc\/","title":{"rendered":"Her Y\u00f6n\u00fcyle Satran\u00e7"},"content":{"rendered":"<p>Satranc\u0131n ne oldu\u011funu bilmiyorsan\u0131z veya hakk\u0131nda bildi\u011finiz tek \u015fey bir tahta oyunu oldu\u011fuysa, Her Y\u00f6n\u00fcyle Satran\u00e7, zaman\u0131nda \u201ckrallar\u0131n oyunu\u201d denilen d\u00fcnyan\u0131n kap\u0131lar\u0131n\u0131 a\u00e7arak hayat\u0131n\u0131z\u0131 zenginle\u015ftirecek. \u00d6ylesine bir oyun oynayabilecek kadar satran\u00e7 biliyorsan\u0131z; fakat dev satran\u00e7 alt k\u00fclt\u00fcr\u00fcnden haberiniz yoksa, sizi b\u00fcy\u00fck bir s\u00fcrpriz bekliyor. ABD Satran\u00e7 Federasyonu ve Chess Life dergisi edit\u00f6r\u00fc Peter Kurzdorfer taraf\u0131ndan haz\u0131rlanan Her Y\u00f6n\u00fcyle Satran\u00e7, hem yeni ba\u015flayanlar hem de sahip olduklar\u0131 becerileri geli\u015ftirmek isteyenler i\u00e7in g\u00fcvenilir bir rehber. Satran\u00e7ta kullan\u0131lan ta\u015flardan, sizi galibiyete g\u00f6t\u00fcrecek temel hamlelere kadar her t\u00fcrl\u00fc bilgiyi Her Y\u00f6n\u00fcyle Satran\u00e7 ile \u00f6\u011freneceksiniz. Y\u00fczlerce a\u00e7\u0131k ve anla\u015f\u0131l\u0131r diyagramla desteklenmi\u015f anlat\u0131m\u0131 ile Her Y\u00f6n\u00fcyle Satran\u00e7, k\u0131sa s\u00fcrede \u201c\u015eah mat!\u201d demenizi sa\u011flayacak. <\/p>\n","protected":false},"excerpt":{"rendered":"<p>Satranc\u0131n ne oldu\u011funu bilmiyorsan\u0131z veya hakk\u0131nda bildi\u011finiz tek \u015fey bir tahta oyunu oldu\u011fuysa, Her Y\u00f6n\u00fcyle Satran\u00e7, zaman\u0131nda \u201ckrallar\u0131n oyunu\u201d denilen d\u00fcnyan\u0131n kap\u0131lar\u0131n\u0131 a\u00e7arak hayat\u0131n\u0131z\u0131 zenginle\u015ftirecek. \u00d6ylesine<span class=\"excerpt-hellip\"> [\u2026]<\/span><\/p>\n","protected":false},"featured_media":0,"template":"","meta":{"_monsterinsights_skip_tracking":false,"_monsterinsights_sitenote_active":false,"_monsterinsights_sitenote_note":"","_monsterinsights_sitenote_category":0},"product_brand":[],"product_cat":[28265,15563],"product_tag":[],"class_list":{"0":"post-719339","1":"product","2":"type-product","3":"status-publish","5":"product_cat-diger-hobi","6":"product_cat-hobi","7":"pa_cilt-ciltsiz","8":"pa_tur-kitap","9":"pa_yayinevi-akil-celen-kitaplar","10":"pa_yazar-kolektif","12":"first","13":"instock","14":"sale","15":"shipping-taxable","16":"purchasable","17":"product-type-simple"},"_links":{"self":[{"href":"https:\/\/roveyayinevi.com.tr\/index.php\/wp-json\/wp\/v2\/product\/719339","targetHints":{"allow":["GET"]}}],"collection":[{"href":"https:\/\/roveyayinevi.com.tr\/index.php\/wp-json\/wp\/v2\/product"}],"about":[{"href":"https:\/\/roveyayinevi.com.tr\/index.php\/wp-json\/wp\/v2\/types\/product"}],"wp:attachment":[{"href":"https:\/\/roveyayinevi.com.tr\/index.php\/wp-json\/wp\/v2\/media?parent=719339"}],"wp:term":[{"taxonomy":"product_brand","embeddable":true,"href":"https:\/\/roveyayinevi.com.tr\/index.php\/wp-json\/wp\/v2\/product_brand?post=719339"},{"taxonomy":"product_cat","embeddable":true,"href":"https:\/\/roveyayinevi.com.tr\/index.php\/wp-json\/wp\/v2\/product_cat?post=719339"},{"taxonomy":"product_tag","embeddable":true,"href":"https:\/\/roveyayinevi.com.tr\/index.php\/wp-json\/wp\/v2\/product_tag?post=719339"}],"curies":[{"name":"wp","href":"https:\/\/api.w.org\/{rel}","templated":true}]}}