{"id":719330,"date":"2025-08-27T18:20:44","date_gmt":"2025-08-27T15:20:44","guid":{"rendered":"https:\/\/roveyayinevi.com.tr\/index.php\/urun\/more-than-reading\/"},"modified":"2026-04-16T02:27:32","modified_gmt":"2026-04-15T23:27:32","slug":"more-than-reading","status":"publish","type":"product","link":"https:\/\/roveyayinevi.com.tr\/index.php\/urun\/more-than-reading\/","title":{"rendered":"More Than Reading"},"content":{"rendered":"<p>More Than Reading\u201d kitab\u0131m\u0131z, \u00f6\u011frencilere \u201cokumaktan daha fazlas\u0131\u201dn\u0131 vermek i\u00e7in haz\u0131rlanm\u0131\u015ft\u0131r. Kitap 30 farkl\u0131, g\u00fcncel ve \u00f6zg\u00fcn metin i\u00e7ermektedir. Her okuma par\u00e7as\u0131 i\u00e7in \u201cpre-reading\u201d (okuma \u00f6ncesi), \u201cwhile-reading\u201d (okuma s\u0131ras\u0131nda) ve \u201cpost-reading\u201d (okuma sonras\u0131) \u00e7al\u0131\u015fmalar\u0131 bulunmaktad\u0131r.Pre-reading:Vocabulary Pre-view: Okuma \u00f6ncesinde, ilk olarak her metne \u00f6zel, \u00f6nemli kelimeler e\u015fanlaml\u0131lar\u0131 ile e\u015fle\u015ftirilerek \u00e7al\u0131\u015f\u0131l\u0131r. Bu kelimeler metinde KIRMIZI renkle yaz\u0131l\u0131d\u0131r.Grammar Pre-view: Ard\u0131ndan da metinde ge\u00e7ecek olan \u00f6nemli gramer noktalar\u0131 \u00f6rnek c\u00fcmleler ve gerekli olan yerlerde de T\u00fcrk\u00e7e \u00e7evirileri ile verilir. Bu dilbilgisi konular\u0131 metinde YE\u015e\u0130L renkle yaz\u0131l\u0131d\u0131r.While-Reading:True \/ False Questions: Okuma par\u00e7as\u0131 okunduktan sonra, \u00e7\u0131kar\u0131m, spesifik bilgi bulma,yazar g\u00f6r\u00fc\u015f\u00fc takip etme, yorum yapma gibi becerileri geli\u015ftirmek i\u00e7in verilen c\u00fcmlenin do\u011fru ya da yanl\u0131\u015f oldu\u011funu bulmam\u0131z\u0131 gerektiren bir \u00e7al\u0131\u015fma yap\u0131l\u0131r.Test Questions: \u00c7oktan se\u00e7meli sorulardan olu\u015fan bu b\u00f6l\u00fcmde, okudu\u011funu anlama, \u00e7\u0131kar\u0131m yapma, yorumlama, bilgileri takip etme, yazar tutumu bulma, par\u00e7aya ba\u015fl\u0131k bulma ve par\u00e7adaki bir kelimeye en yak\u0131n kelimeyi tespit etme gibi sorular yer almaktad\u0131r.Post-Reading:\u0130lk al\u0131\u015ft\u0131rmada (exercise 4) tan\u0131m\u0131 verilen kelimelerin, metinde KIRMIZI renkle verilenlerden se\u00e7ilerek bulunmas\u0131 istenir.\u0130kinci al\u0131\u015ft\u0131rmada (exercise 5) ise, ilk al\u0131\u015ft\u0131rmada (exercise 4) bulunan kelimelerden uygun olanlar\u0131n\u0131, c\u00fcmle i\u00e7inde bo\u015f b\u0131rak\u0131lan yerlere yerle\u015ftirmeleri istenir.Cevap anahtarlar\u0131:Her okuma par\u00e7as\u0131n\u0131n cevap anahtar\u0131, ilgili metnin hemen ard\u0131ndad\u0131r.<\/p>\n","protected":false},"excerpt":{"rendered":"<p>More Than Reading\u201d kitab\u0131m\u0131z, \u00f6\u011frencilere \u201cokumaktan daha fazlas\u0131\u201dn\u0131 vermek i\u00e7in haz\u0131rlanm\u0131\u015ft\u0131r. Kitap 30 farkl\u0131, g\u00fcncel ve \u00f6zg\u00fcn metin i\u00e7ermektedir. Her okuma par\u00e7as\u0131 i\u00e7in \u201cpre-reading\u201d (okuma \u00f6ncesi),<span class=\"excerpt-hellip\"> [\u2026]<\/span><\/p>\n","protected":false},"featured_media":0,"template":"","meta":{"_monsterinsights_skip_tracking":false,"_monsterinsights_sitenote_active":false,"_monsterinsights_sitenote_note":"","_monsterinsights_sitenote_category":0},"product_brand":[],"product_cat":[14597,12566,14702],"product_tag":[],"class_list":{"0":"post-719330","1":"product","2":"type-product","3":"status-publish","5":"product_cat-dil-ogrenimi","6":"product_cat-egitim","7":"product_cat-ingilizce","8":"pa_cilt-ciltsiz","9":"pa_tur-kitap","10":"pa_yayinevi-ankara-dil-akademisi","11":"pa_yazar-tijen-tan-gulse-umit-isikli","13":"first","14":"instock","15":"sale","16":"shipping-taxable","17":"purchasable","18":"product-type-simple"},"_links":{"self":[{"href":"https:\/\/roveyayinevi.com.tr\/index.php\/wp-json\/wp\/v2\/product\/719330","targetHints":{"allow":["GET"]}}],"collection":[{"href":"https:\/\/roveyayinevi.com.tr\/index.php\/wp-json\/wp\/v2\/product"}],"about":[{"href":"https:\/\/roveyayinevi.com.tr\/index.php\/wp-json\/wp\/v2\/types\/product"}],"wp:attachment":[{"href":"https:\/\/roveyayinevi.com.tr\/index.php\/wp-json\/wp\/v2\/media?parent=719330"}],"wp:term":[{"taxonomy":"product_brand","embeddable":true,"href":"https:\/\/roveyayinevi.com.tr\/index.php\/wp-json\/wp\/v2\/product_brand?post=719330"},{"taxonomy":"product_cat","embeddable":true,"href":"https:\/\/roveyayinevi.com.tr\/index.php\/wp-json\/wp\/v2\/product_cat?post=719330"},{"taxonomy":"product_tag","embeddable":true,"href":"https:\/\/roveyayinevi.com.tr\/index.php\/wp-json\/wp\/v2\/product_tag?post=719330"}],"curies":[{"name":"wp","href":"https:\/\/api.w.org\/{rel}","templated":true}]}}