{"id":719329,"date":"2025-08-27T18:20:43","date_gmt":"2025-08-27T15:20:43","guid":{"rendered":"https:\/\/roveyayinevi.com.tr\/index.php\/urun\/gecenin-pariltisi\/"},"modified":"2026-04-16T02:27:32","modified_gmt":"2026-04-15T23:27:32","slug":"gecenin-pariltisi","status":"publish","type":"product","link":"https:\/\/roveyayinevi.com.tr\/index.php\/urun\/gecenin-pariltisi\/","title":{"rendered":"Gecenin Par\u0131lt\u0131s\u0131"},"content":{"rendered":"<p>&#8220;Kalbimin at\u0131\u015flar\u0131 \u00fczerinde kendi h\u00e2kimiyetini kurdu\u011fun g\u00fcnden beri sana teslim oldum ben.&#8221;   Reng\u00e2renk yalanlar aras\u0131nda ya\u015fad\u0131\u011f\u0131 vicdan azab\u0131na ra\u011fmen ailesine, dostlar\u0131na tutunan ve d\u00fcr\u00fcstl\u00fc\u011f\u00fcne her ge\u00e7en g\u00fcn biraz daha g\u00f6lge d\u00fc\u015fmesine engel olamayan Berika G\u00fcl \u00d6zdemir&#8217;in hayat\u0131 birka\u00e7 ayl\u0131k tatilde de\u011fi\u015fir. Hi\u00e7 kimsenin d\u00fcr\u00fcstl\u00fc\u011f\u00fcnden \u015f\u00fcphe etmedi\u011fi G\u00fcl, asl\u0131nda y\u0131llard\u0131r saklad\u0131\u011f\u0131 bir su\u00e7un alt\u0131nda ezilen benli\u011finin kurban\u0131d\u0131r. Y\u0131llard\u0131r mahk\u00fbmu oldu\u011fu erkek arkada\u015f\u0131 ve kimseye s\u00f6yleyemedi\u011fi s\u0131rr\u0131yla s\u0131radan bir ya\u015fam s\u00fcren G\u00fcl&#8217;\u00fcn, hayat\u0131na yeni birini almas\u0131yla dengeler alt\u00fcst olur. Nart Hakyemez. T\u00fcrkiye ve d\u00fcnya \u00e7ap\u0131nda iki \u00fcnl\u00fc cerrah\u0131n ikinci o\u011flu. Ankara&#8217;da estirdi\u011fi r\u00fczg\u00e2rlar\u0131, Antalya&#8217;da f\u0131rt\u0131naya d\u00f6n\u00fc\u015ft\u00fcrmeye haz\u0131rd\u0131r. Onun kitab\u0131nda engellere yer yoktur. Zincirlerini k\u0131rmak \u00fczere do\u011fmu\u015ftur. <\/p>\n","protected":false},"excerpt":{"rendered":"<p>&#8220;Kalbimin at\u0131\u015flar\u0131 \u00fczerinde kendi h\u00e2kimiyetini kurdu\u011fun g\u00fcnden beri sana teslim oldum ben.&#8221; Reng\u00e2renk yalanlar aras\u0131nda ya\u015fad\u0131\u011f\u0131 vicdan azab\u0131na ra\u011fmen ailesine, dostlar\u0131na tutunan ve d\u00fcr\u00fcstl\u00fc\u011f\u00fcne her ge\u00e7en<span class=\"excerpt-hellip\"> [\u2026]<\/span><\/p>\n","protected":false},"featured_media":0,"template":"","meta":{"_monsterinsights_skip_tracking":false,"_monsterinsights_sitenote_active":false,"_monsterinsights_sitenote_note":"","_monsterinsights_sitenote_category":0},"product_brand":[],"product_cat":[14643,12291],"product_tag":[],"class_list":{"0":"post-719329","1":"product","2":"type-product","3":"status-publish","5":"product_cat-ask","6":"product_cat-edebiyat","7":"pa_cilt-ciltsiz","8":"pa_tur-kitap","9":"pa_yayinevi-muptela-yayinevi","10":"pa_yazar-leman-veli","12":"first","13":"instock","14":"sale","15":"shipping-taxable","16":"purchasable","17":"product-type-simple"},"_links":{"self":[{"href":"https:\/\/roveyayinevi.com.tr\/index.php\/wp-json\/wp\/v2\/product\/719329","targetHints":{"allow":["GET"]}}],"collection":[{"href":"https:\/\/roveyayinevi.com.tr\/index.php\/wp-json\/wp\/v2\/product"}],"about":[{"href":"https:\/\/roveyayinevi.com.tr\/index.php\/wp-json\/wp\/v2\/types\/product"}],"wp:attachment":[{"href":"https:\/\/roveyayinevi.com.tr\/index.php\/wp-json\/wp\/v2\/media?parent=719329"}],"wp:term":[{"taxonomy":"product_brand","embeddable":true,"href":"https:\/\/roveyayinevi.com.tr\/index.php\/wp-json\/wp\/v2\/product_brand?post=719329"},{"taxonomy":"product_cat","embeddable":true,"href":"https:\/\/roveyayinevi.com.tr\/index.php\/wp-json\/wp\/v2\/product_cat?post=719329"},{"taxonomy":"product_tag","embeddable":true,"href":"https:\/\/roveyayinevi.com.tr\/index.php\/wp-json\/wp\/v2\/product_tag?post=719329"}],"curies":[{"name":"wp","href":"https:\/\/api.w.org\/{rel}","templated":true}]}}