{"id":719327,"date":"2025-08-27T18:20:42","date_gmt":"2025-08-27T15:20:42","guid":{"rendered":"https:\/\/roveyayinevi.com.tr\/index.php\/urun\/mucizeler-kenti\/"},"modified":"2026-04-16T02:27:31","modified_gmt":"2026-04-15T23:27:31","slug":"mucizeler-kenti","status":"publish","type":"product","link":"https:\/\/roveyayinevi.com.tr\/index.php\/urun\/mucizeler-kenti\/","title":{"rendered":"Mucizeler Kenti"},"content":{"rendered":"<p>Sigrud je Harkvaldsson on y\u0131ld\u0131r ka\u00e7\u0131yordu. Sigrud je Harkvaldsson on y\u0131ld\u0131r saklan\u0131yordu. Sigrud je Harkvaldsson on y\u0131ld\u0131r Shara\u2019dan haber almay\u0131 bekliyordu.   Ancak yak\u0131ndan tan\u0131d\u0131\u011f\u0131 birine d\u00fczenlenen bir suikastla birlikte Sigrud\u2019un tecriti sona erecekti. \u00c7\u00fcnk\u00fc Sigrud\u2019un iyi oldu\u011fu bir \u015fey varsa o da intikam almakt\u0131.   Fakat eskiden \u0130lahlar\u0131n kontrol\u00fcnde olan K\u0131ta\u2019da hi\u00e7bir \u015fey hi\u00e7bir zaman g\u00f6r\u00fcnd\u00fc\u011f\u00fc gibi de\u011fildi. Sigrud, intikam yolunda gen\u00e7 ve \u00f6fkeli yeni bir \u0130lah\u2019la kar\u015f\u0131 kar\u015f\u0131ya gelecek, Merdivenler Kenti Bulikov\u2019un nihai s\u0131rlar\u0131n\u0131 ortaya \u00e7\u0131karacak ve kendi lanetli varl\u0131\u011f\u0131yla y\u00fczle\u015fmek zorunda kalacakt\u0131. <\/p>\n","protected":false},"excerpt":{"rendered":"<p>Sigrud je Harkvaldsson on y\u0131ld\u0131r ka\u00e7\u0131yordu. Sigrud je Harkvaldsson on y\u0131ld\u0131r saklan\u0131yordu. Sigrud je Harkvaldsson on y\u0131ld\u0131r Shara\u2019dan haber almay\u0131 bekliyordu. Ancak yak\u0131ndan tan\u0131d\u0131\u011f\u0131 birine d\u00fczenlenen<span class=\"excerpt-hellip\"> [\u2026]<\/span><\/p>\n","protected":false},"featured_media":0,"template":"","meta":{"_monsterinsights_skip_tracking":false,"_monsterinsights_sitenote_active":false,"_monsterinsights_sitenote_note":"","_monsterinsights_sitenote_category":0},"product_brand":[],"product_cat":[12291,14777],"product_tag":[],"class_list":{"0":"post-719327","1":"product","2":"type-product","3":"status-publish","5":"product_cat-edebiyat","6":"product_cat-fantastik","7":"pa_cilt-ciltsiz","8":"pa_tur-kitap","9":"pa_yayinevi-ithaki-yayinlari","10":"pa_yazar-robert-jackson-bennett","12":"first","13":"instock","14":"sale","15":"shipping-taxable","16":"purchasable","17":"product-type-simple"},"_links":{"self":[{"href":"https:\/\/roveyayinevi.com.tr\/index.php\/wp-json\/wp\/v2\/product\/719327","targetHints":{"allow":["GET"]}}],"collection":[{"href":"https:\/\/roveyayinevi.com.tr\/index.php\/wp-json\/wp\/v2\/product"}],"about":[{"href":"https:\/\/roveyayinevi.com.tr\/index.php\/wp-json\/wp\/v2\/types\/product"}],"wp:attachment":[{"href":"https:\/\/roveyayinevi.com.tr\/index.php\/wp-json\/wp\/v2\/media?parent=719327"}],"wp:term":[{"taxonomy":"product_brand","embeddable":true,"href":"https:\/\/roveyayinevi.com.tr\/index.php\/wp-json\/wp\/v2\/product_brand?post=719327"},{"taxonomy":"product_cat","embeddable":true,"href":"https:\/\/roveyayinevi.com.tr\/index.php\/wp-json\/wp\/v2\/product_cat?post=719327"},{"taxonomy":"product_tag","embeddable":true,"href":"https:\/\/roveyayinevi.com.tr\/index.php\/wp-json\/wp\/v2\/product_tag?post=719327"}],"curies":[{"name":"wp","href":"https:\/\/api.w.org\/{rel}","templated":true}]}}