{"id":719326,"date":"2025-08-27T18:20:41","date_gmt":"2025-08-27T15:20:41","guid":{"rendered":"https:\/\/roveyayinevi.com.tr\/index.php\/urun\/beren-ile-luthien\/"},"modified":"2026-04-16T02:27:31","modified_gmt":"2026-04-15T23:27:31","slug":"beren-ile-luthien","status":"publish","type":"product","link":"https:\/\/roveyayinevi.com.tr\/index.php\/urun\/beren-ile-luthien\/","title":{"rendered":"Beren ile Luthien"},"content":{"rendered":"<p>Tolkien\u2019in yay\u0131mlanmayan metinlerinden derlenerek ba\u015fl\u0131 ba\u015f\u0131na bir kitap haline getirilen Beren ile L\u00fathien\u2019in destans\u0131 hik\u00e2yesi Hobbit, Y\u00fcz\u00fcklerin Efendisi, Silmarillion ve Tolkien\u2019in yaratt\u0131\u011f\u0131 Elfler, \u0130nsanlar, Orklar ve C\u00fccelerle dolu Orta D\u00fcnya hayranlar\u0131n\u0131 bir kez daha bir araya getirecek. J.R.R. Tolkien\u2019in \u0130lk \u00c7a\u011f\u2019daki destanlar\u0131 ve mitleri anlatt\u0131\u011f\u0131 Silmarillion\u2019\u0131n geli\u015fiminde b\u00fcy\u00fck bir rol oynayan Beren ile L\u00fathien\u2019in hik\u00e2yesinin yaz\u0131m s\u00fcrecinde pek \u00e7ok detay de\u011fi\u015fse de g\u00f6lgelenen a\u015fklar\u0131 hep baki kald\u0131: Beren \u00f6l\u00fcml\u00fc bir \u0130nsand\u0131, L\u00fathien ise \u00f6l\u00fcms\u00fcz bir Elf. \u00d6nemli bir Elf beyi olan babas\u0131, k\u0131z\u0131n\u0131n Beren\u2019le olmas\u0131na kar\u015f\u0131yd\u0131 ve e\u011fer L\u00fathien\u2019le evlenmek istiyorsa Beren imk\u00e2ns\u0131z bir g\u00f6revi yerine getirmek zorundayd\u0131. Beren, L\u00fathien ile birlikte k\u00f6t\u00fclerin en k\u00f6t\u00fcs\u00fc, Kara D\u00fc\u015fman, Morgoth olarak da bilinen Melkor\u2019dan en de\u011ferli m\u00fccevher Silmarili \u00e7almaya \u00e7al\u0131\u015facakt\u0131. Bu kitapta Christopher Tolkien, Beren ile L\u00fathien\u2019in hik\u00e2yesinin ilk yaz\u0131ld\u0131\u011f\u0131 tarihten, Silmarillion\u2019daki haline kadar ge\u00e7en s\u00fcreci ad\u0131m ad\u0131m ele al\u0131p Orta D\u00fcnya\u2019n\u0131n en \u00f6nemli a\u015fk hik\u00e2yesine nas\u0131l d\u00f6n\u00fc\u015ft\u00fc\u011f\u00fcn\u00fc, bu evrende giderek nas\u0131l daha b\u00fcy\u00fck bir yer kaplad\u0131\u011f\u0131n\u0131 g\u00f6zler \u00f6n\u00fcne seriyor. Bunu yaparken de babas\u0131n\u0131n kelimelerine dokunmadan, orijinal hallerini koruyarak destan\u0131n hem manzum hem de mensur bi\u00e7imlerini ilk kez birlikte yay\u0131ml\u0131yor. <\/p>\n","protected":false},"excerpt":{"rendered":"<p>Tolkien\u2019in yay\u0131mlanmayan metinlerinden derlenerek ba\u015fl\u0131 ba\u015f\u0131na bir kitap haline getirilen Beren ile L\u00fathien\u2019in destans\u0131 hik\u00e2yesi Hobbit, Y\u00fcz\u00fcklerin Efendisi, Silmarillion ve Tolkien\u2019in yaratt\u0131\u011f\u0131 Elfler, \u0130nsanlar, Orklar ve<span class=\"excerpt-hellip\"> [\u2026]<\/span><\/p>\n","protected":false},"featured_media":0,"template":"","meta":{"_monsterinsights_skip_tracking":false,"_monsterinsights_sitenote_active":false,"_monsterinsights_sitenote_note":"","_monsterinsights_sitenote_category":0},"product_brand":[],"product_cat":[12291,14777],"product_tag":[],"class_list":{"0":"post-719326","1":"product","2":"type-product","3":"status-publish","5":"product_cat-edebiyat","6":"product_cat-fantastik","7":"pa_cilt-ciltsiz","8":"pa_tur-kitap","9":"pa_yayinevi-ithaki-yayinlari","10":"pa_yazar-j-r-r-tolkien","12":"first","13":"instock","14":"sale","15":"shipping-taxable","16":"purchasable","17":"product-type-simple"},"_links":{"self":[{"href":"https:\/\/roveyayinevi.com.tr\/index.php\/wp-json\/wp\/v2\/product\/719326","targetHints":{"allow":["GET"]}}],"collection":[{"href":"https:\/\/roveyayinevi.com.tr\/index.php\/wp-json\/wp\/v2\/product"}],"about":[{"href":"https:\/\/roveyayinevi.com.tr\/index.php\/wp-json\/wp\/v2\/types\/product"}],"wp:attachment":[{"href":"https:\/\/roveyayinevi.com.tr\/index.php\/wp-json\/wp\/v2\/media?parent=719326"}],"wp:term":[{"taxonomy":"product_brand","embeddable":true,"href":"https:\/\/roveyayinevi.com.tr\/index.php\/wp-json\/wp\/v2\/product_brand?post=719326"},{"taxonomy":"product_cat","embeddable":true,"href":"https:\/\/roveyayinevi.com.tr\/index.php\/wp-json\/wp\/v2\/product_cat?post=719326"},{"taxonomy":"product_tag","embeddable":true,"href":"https:\/\/roveyayinevi.com.tr\/index.php\/wp-json\/wp\/v2\/product_tag?post=719326"}],"curies":[{"name":"wp","href":"https:\/\/api.w.org\/{rel}","templated":true}]}}