{"id":719324,"date":"2025-08-27T18:20:39","date_gmt":"2025-08-27T15:20:39","guid":{"rendered":"https:\/\/roveyayinevi.com.tr\/index.php\/urun\/1922-1923-diplomat-inonu-lozan\/"},"modified":"2026-04-16T02:27:31","modified_gmt":"2026-04-15T23:27:31","slug":"1922-1923-diplomat-inonu-lozan","status":"publish","type":"product","link":"https:\/\/roveyayinevi.com.tr\/index.php\/urun\/1922-1923-diplomat-inonu-lozan\/","title":{"rendered":"1922-1923 Diplomat \u0130n\u00f6n\u00fc &#8211; Lozan"},"content":{"rendered":"<p>Lozan Bar\u0131\u015f Konferans\u0131\u2019n\u0131n a\u00e7\u0131l\u0131\u015f t\u00f6reni i\u00e7in program belli olmu\u015ftu. Ev sahibi \u0130svi\u00e7re Devlet Ba\u015fkan\u0131 Haab bir \u201cHo\u015f geldiniz\u201d konu\u015fmas\u0131 yapacak; konferansa kat\u0131lan t\u00fcm delegeler ad\u0131na da, \u0130ngiltere D\u0131\u015fi\u015fleri Bakan\u0131 Lord Curzon te\u015fekk\u00fcr edecekti. \u0130smet \u0130n\u00f6n\u00fc \u201cBen de konu\u015faca\u011f\u0131m\u201d dedi. \u0130n\u00f6n\u00fc\u2019ye, \u201cB\u00f6yle bir gelenek yok\u201d dediler. \u0130n\u00f6n\u00fc \u0131srarla, \u201cBen de diplomatik olarak te\u015fekk\u00fcr edece\u011fim\u201d dedi. \u0130n\u00f6n\u00fc\u2019y\u00fc ikna etmek i\u00e7in Fransa Ba\u015fbakan\u0131 Poincare dil d\u00f6kt\u00fc.T\u00f6renin ba\u015flad\u0131\u011f\u0131 g\u00fcn \u00f6nce \u0130svi\u00e7re Devlet Ba\u015fkan\u0131 Haab, ard\u0131ndan da Lord Curzon konu\u015ftu. Herkes t\u00f6renin son bulaca\u011f\u0131n\u0131 d\u00fc\u015f\u00fcn\u00fcrken, \u0130n\u00f6n\u00fc yerinden kalk\u0131p k\u00fcrs\u00fcye y\u00fcr\u00fcd\u00fc. Cebinden notlar\u0131n\u0131 \u00e7\u0131kard\u0131 ve konu\u015fmas\u0131n\u0131 okumaya ba\u015flad\u0131. Lozan\u2019a bar\u0131\u015f arzusuyla geldi\u011fini, T\u00fcrklerin \u00e7ok haks\u0131zl\u0131k g\u00f6rd\u00fc\u011f\u00fcn\u00fc, i\u015fgale u\u011frad\u0131klar\u0131n\u0131 a\u00e7\u0131k\u00e7a belirtti. Bar\u0131\u015f d\u00fc\u015f\u00fcncesinin b\u00fct\u00fcn konferansa egemen olmas\u0131 ve adaletli bir bar\u0131\u015f yap\u0131lmas\u0131 dile\u011fiyle s\u00f6z\u00fcn\u00fc tamamlad\u0131, yerine ge\u00e7ti, oturdu.\u201cAmat\u00f6r diplomat\u201d dedikleri \u0130n\u00f6n\u00fc, bu yurtsever ve ustaca tavr\u0131yla T\u00fcrkiye\u2019nin konferansa kat\u0131lan t\u00fcm devletlerle e\u015fit oldu\u011funu g\u00f6stermi\u015f oldu. Lozan ba\u015far\u0131s\u0131 da i\u015fte bu hareketle ba\u015flayan 8 ayl\u0131k \u201cdiplomasi sava\u015f\u0131\u201dn\u0131n ard\u0131ndan geldi.<\/p>\n","protected":false},"excerpt":{"rendered":"<p>Lozan Bar\u0131\u015f Konferans\u0131\u2019n\u0131n a\u00e7\u0131l\u0131\u015f t\u00f6reni i\u00e7in program belli olmu\u015ftu. Ev sahibi \u0130svi\u00e7re Devlet Ba\u015fkan\u0131 Haab bir \u201cHo\u015f geldiniz\u201d konu\u015fmas\u0131 yapacak; konferansa kat\u0131lan t\u00fcm delegeler ad\u0131na da,<span class=\"excerpt-hellip\"> [\u2026]<\/span><\/p>\n","protected":false},"featured_media":0,"template":"","meta":{"_monsterinsights_skip_tracking":false,"_monsterinsights_sitenote_active":false,"_monsterinsights_sitenote_note":"","_monsterinsights_sitenote_category":0},"product_brand":[],"product_cat":[12370,12304],"product_tag":[],"class_list":{"0":"post-719324","1":"product","2":"type-product","3":"status-publish","5":"product_cat-arastirma-inceleme","6":"product_cat-tarih","7":"pa_cilt-ciltsiz","8":"pa_tur-kitap","9":"pa_yayinevi-kirmizi-kedi-yayinevi","10":"pa_yazar-alev-coskun","12":"first","13":"instock","14":"sale","15":"shipping-taxable","16":"purchasable","17":"product-type-simple"},"_links":{"self":[{"href":"https:\/\/roveyayinevi.com.tr\/index.php\/wp-json\/wp\/v2\/product\/719324","targetHints":{"allow":["GET"]}}],"collection":[{"href":"https:\/\/roveyayinevi.com.tr\/index.php\/wp-json\/wp\/v2\/product"}],"about":[{"href":"https:\/\/roveyayinevi.com.tr\/index.php\/wp-json\/wp\/v2\/types\/product"}],"wp:attachment":[{"href":"https:\/\/roveyayinevi.com.tr\/index.php\/wp-json\/wp\/v2\/media?parent=719324"}],"wp:term":[{"taxonomy":"product_brand","embeddable":true,"href":"https:\/\/roveyayinevi.com.tr\/index.php\/wp-json\/wp\/v2\/product_brand?post=719324"},{"taxonomy":"product_cat","embeddable":true,"href":"https:\/\/roveyayinevi.com.tr\/index.php\/wp-json\/wp\/v2\/product_cat?post=719324"},{"taxonomy":"product_tag","embeddable":true,"href":"https:\/\/roveyayinevi.com.tr\/index.php\/wp-json\/wp\/v2\/product_tag?post=719324"}],"curies":[{"name":"wp","href":"https:\/\/api.w.org\/{rel}","templated":true}]}}