{"id":719323,"date":"2025-08-27T18:20:39","date_gmt":"2025-08-27T15:20:39","guid":{"rendered":"https:\/\/roveyayinevi.com.tr\/index.php\/urun\/dede-korkut-destani-ciltli\/"},"modified":"2026-04-16T02:27:31","modified_gmt":"2026-04-15T23:27:31","slug":"dede-korkut-destani-ciltli","status":"publish","type":"product","link":"https:\/\/roveyayinevi.com.tr\/index.php\/urun\/dede-korkut-destani-ciltli\/","title":{"rendered":"Dede Korkut Destan\u0131 (Ciltli)"},"content":{"rendered":"<p>Prof. Dr. Necati Demir\u2019in haz\u0131rlad\u0131\u011f\u0131 Dede Korkut Destan\u0131 isimli bu \u00e7al\u0131\u015fma, pek \u00e7ok yeni bilgi i\u00e7ermektedir. K\u00f6kt\u00fcrk Yaz\u0131tlar\u0131\u2019ndan \u00f6nce yaz\u0131lan Ulu Han Ata Biti\u011fi,  Berlin Kraliyet K\u00fct\u00fcphanesi\u2019nde bulunan Kitab-\u0131 O\u011fuzname-i T\u00fcrk\u00ee,  Re\u015fideddin O\u011fuznamesi, Cem Sultan\u2019a sunulmak \u00fczere Bayat\u00ee taraf\u0131ndan yaz\u0131lm\u0131\u015f C\u00e2m-\u0131 Cem-\u00e2yin adl\u0131 eserde yer alan Dede Korkut\u2019la ilgili b\u00f6l\u00fcmler ve  O\u011fuzname\u2019nin Kazan n\u00fcshas\u0131nda yer alan Dede Korkut\u2019la ilgili \u00fc\u00e7 b\u00f6l\u00fcm ilk kez bu \u00e7al\u0131\u015fmada bir araya getirilmi\u015ftir. Ayr\u0131ca tek yazma n\u00fcshas\u0131 Topkap\u0131 Saray\u0131\u2019nda bulunan Dede Korkut Kitab\u0131\u2019n\u0131n bir n\u00fcshas\u0131 kabul edebilece\u011fimiz b\u00f6l\u00fcm ile Dresden ve Vatikan n\u00fcshalar\u0131ndaki boylara da bu \u00e7al\u0131\u015fmada yer verilmi\u015ftir.   Bilim d\u00fcnyas\u0131n\u0131n yeni tan\u0131d\u0131\u011f\u0131 T\u00fcrkistan\/T\u00fcrkmen Sahra n\u00fcshas\u0131nda yer alan \u201cSalur Kazan\u2019\u0131n Yedi Ba\u015fl\u0131 Ejderhay\u0131 \u00d6ld\u00fcrmesi\u201d ba\u015fl\u0131kl\u0131 b\u00f6l\u00fcm, Yaz\u0131c\u0131o\u011flu Ali ve Ali \u015eir Nevay\u00ee\u2019nin Dede Korkut ile ilgili verdi\u011fi bilgiler, Dede Korkut Destan\u0131\u2019n\u0131n Kazakistan ve T\u00fcrkmen varyantlar\u0131n\u0131n bir b\u00f6l\u00fcm\u00fc yine bu \u00e7al\u0131\u015fmaya dahil edilmi\u015ftir. B\u00fct\u00fcn bunlara ek olarak, Prof. Dr. Necati Demir\u2019in Dede Korkut\u2019la ilgili derledi\u011fi efsane ve hik\u00e2yeler de, Dede Korkut\u2019un bin y\u0131ll\u0131k ser\u00fcveni daha iyi idrak edilebilsin diye \u00e7al\u0131\u015fmaya eklenmi\u015ftir.   Haliyle bu \u00e7al\u0131\u015fma, \u015fimdiye kadar Dede Korkut\u2019la ilgili tespit edilmi\u015f hemen hemen b\u00fct\u00fcn metinleri ihtiva etmesi bak\u0131m\u0131ndan da m\u00fchimdir.   O\u011fuz T\u00fcrkl\u00fc\u011f\u00fcn\u00fcn en \u00f6nemli destanlar\u0131ndan birisi olan Dede Korkut Destan\u0131, T\u00fcrkl\u00fc\u011f\u00fcn derin haf\u0131zas\u0131n\u0131n ortak k\u00fclt\u00fcr de\u011ferlerindendir. Dede Korkut ya da Korkut Ata\u2019n\u0131n anlatt\u0131\u011f\u0131 O\u011fuznameler, s\u00f6yledi\u011fi \u00f6zl\u00fc s\u00f6zler ve atas\u00f6zleri, hakk\u0131nda s\u00f6ylenen manzumelerin hepsi, i\u015fte bu T\u00fcrkl\u00fc\u011f\u00fcn derin haf\u0131zas\u0131n\u0131n \u00fcr\u00fcn\u00fcd\u00fcr. <\/p>\n","protected":false},"excerpt":{"rendered":"<p>Prof. Dr. Necati Demir\u2019in haz\u0131rlad\u0131\u011f\u0131 Dede Korkut Destan\u0131 isimli bu \u00e7al\u0131\u015fma, pek \u00e7ok yeni bilgi i\u00e7ermektedir. K\u00f6kt\u00fcrk Yaz\u0131tlar\u0131\u2019ndan \u00f6nce yaz\u0131lan Ulu Han Ata Biti\u011fi, Berlin Kraliyet<span class=\"excerpt-hellip\"> [\u2026]<\/span><\/p>\n","protected":false},"featured_media":0,"template":"","meta":{"_monsterinsights_skip_tracking":false,"_monsterinsights_sitenote_active":false,"_monsterinsights_sitenote_note":"","_monsterinsights_sitenote_category":0},"product_brand":[],"product_cat":[12291,13872],"product_tag":[],"class_list":{"0":"post-719323","1":"product","2":"type-product","3":"status-publish","5":"product_cat-edebiyat","6":"product_cat-klasikler","7":"pa_cilt-ciltli","8":"pa_tur-kitap","9":"pa_yayinevi-otuken-nesriyat","10":"pa_yazar-necati-demir","12":"first","13":"instock","14":"sale","15":"shipping-taxable","16":"purchasable","17":"product-type-simple"},"_links":{"self":[{"href":"https:\/\/roveyayinevi.com.tr\/index.php\/wp-json\/wp\/v2\/product\/719323","targetHints":{"allow":["GET"]}}],"collection":[{"href":"https:\/\/roveyayinevi.com.tr\/index.php\/wp-json\/wp\/v2\/product"}],"about":[{"href":"https:\/\/roveyayinevi.com.tr\/index.php\/wp-json\/wp\/v2\/types\/product"}],"wp:attachment":[{"href":"https:\/\/roveyayinevi.com.tr\/index.php\/wp-json\/wp\/v2\/media?parent=719323"}],"wp:term":[{"taxonomy":"product_brand","embeddable":true,"href":"https:\/\/roveyayinevi.com.tr\/index.php\/wp-json\/wp\/v2\/product_brand?post=719323"},{"taxonomy":"product_cat","embeddable":true,"href":"https:\/\/roveyayinevi.com.tr\/index.php\/wp-json\/wp\/v2\/product_cat?post=719323"},{"taxonomy":"product_tag","embeddable":true,"href":"https:\/\/roveyayinevi.com.tr\/index.php\/wp-json\/wp\/v2\/product_tag?post=719323"}],"curies":[{"name":"wp","href":"https:\/\/api.w.org\/{rel}","templated":true}]}}