{"id":719322,"date":"2025-08-27T18:20:38","date_gmt":"2025-08-27T15:20:38","guid":{"rendered":"https:\/\/roveyayinevi.com.tr\/index.php\/urun\/sinemada-tembellik-hakki\/"},"modified":"2026-01-29T02:50:02","modified_gmt":"2026-01-28T23:50:02","slug":"sinemada-tembellik-hakki","status":"publish","type":"product","link":"https:\/\/roveyayinevi.com.tr\/index.php\/urun\/sinemada-tembellik-hakki\/","title":{"rendered":"Sinemada Tembellik Hakk\u0131"},"content":{"rendered":"<p>Filmleri kitle e\u011flencesinin bir par\u00e7as\u0131 olarak kabul eden k\u00fc\u00e7\u00fcmseyici bak\u0131\u015f, onlar\u0131n ard\u0131ndaki zihinsel evreni kavrama konusunda entelekt\u00fcel eksiklik i\u00e7indedir. Oysa filmler tarihin bir an\u0131ndaki t\u00fcm bili\u015fsel e\u011filimleri i\u00e7eren yarat\u0131c\u0131 anlat\u0131lard\u0131r. Her film g\u00f6sterdikleri ya da gizledikleriyle bir anlam \u00fcretir. Baz\u0131 filmler ise sadece anlam \u00fcretmekle kalmaz, zaman ve hareket imajlardan olu\u015fmu\u015f bir kuram olu\u015ftururlar. Bu kitap modern uygarl\u0131\u011f\u0131n en \u00f6nemli olgusu olan \u00e7al\u0131\u015fma etkinli\u011fi ile modern uygarl\u0131\u011f\u0131n en yarat\u0131c\u0131 ve etkili sanatsal bi\u00e7imi olan sinemay\u0131, \u00e7a\u011fda\u015f uygarl\u0131\u011fa yeni bir felsefi bak\u0131\u015f a\u00e7\u0131s\u0131yla bakabilmek i\u00e7in bir araya getiriyor. Zorunlu \u00e7al\u0131\u015fma ve yarat\u0131c\u0131 emek aras\u0131ndaki ili\u015fki Avrupa sinemas\u0131n\u0131 kapsayan ama \u00e7o\u011funlukla Amerikan sinemas\u0131na odaklanan y\u00fczlerce filmin analizi ve felsefi bir perspektifle inceleniyor. \u0130\u00e7inde Nietzsche de var, Charlie Chaplin de&#8230; Marx da var Jim Jarmush da&#8230; Pop\u00fcler filmler de var, sanat filmleri de\u2026 Hem sinema tarihini \u00f6\u011frenmek isteyen okurlar i\u00e7in hem de sineman\u0131n entelekt\u00fcel keyfini arayan okurlar i\u00e7in \u00f6zg\u00fcn bir eser&#8230; <\/p>\n","protected":false},"excerpt":{"rendered":"<p>Filmleri kitle e\u011flencesinin bir par\u00e7as\u0131 olarak kabul eden k\u00fc\u00e7\u00fcmseyici bak\u0131\u015f, onlar\u0131n ard\u0131ndaki zihinsel evreni kavrama konusunda entelekt\u00fcel eksiklik i\u00e7indedir. Oysa filmler tarihin bir an\u0131ndaki t\u00fcm bili\u015fsel<span class=\"excerpt-hellip\"> [\u2026]<\/span><\/p>\n","protected":false},"featured_media":0,"template":"","meta":{"_monsterinsights_skip_tracking":false,"_monsterinsights_sitenote_active":false,"_monsterinsights_sitenote_note":"","_monsterinsights_sitenote_category":0},"product_brand":[],"product_cat":[15983,13488],"product_tag":[],"class_list":{"0":"post-719322","1":"product","2":"type-product","3":"status-publish","5":"product_cat-iletisim-ve-medya","6":"product_cat-toplum-ve-insan","7":"pa_cilt-ciltsiz","8":"pa_tur-kitap","9":"pa_yayinevi-utopya-yayinevi","10":"pa_yazar-o-nilay-erbalaban-gurbuz","12":"first","13":"instock","14":"sale","15":"shipping-taxable","16":"purchasable","17":"product-type-simple"},"_links":{"self":[{"href":"https:\/\/roveyayinevi.com.tr\/index.php\/wp-json\/wp\/v2\/product\/719322","targetHints":{"allow":["GET"]}}],"collection":[{"href":"https:\/\/roveyayinevi.com.tr\/index.php\/wp-json\/wp\/v2\/product"}],"about":[{"href":"https:\/\/roveyayinevi.com.tr\/index.php\/wp-json\/wp\/v2\/types\/product"}],"wp:attachment":[{"href":"https:\/\/roveyayinevi.com.tr\/index.php\/wp-json\/wp\/v2\/media?parent=719322"}],"wp:term":[{"taxonomy":"product_brand","embeddable":true,"href":"https:\/\/roveyayinevi.com.tr\/index.php\/wp-json\/wp\/v2\/product_brand?post=719322"},{"taxonomy":"product_cat","embeddable":true,"href":"https:\/\/roveyayinevi.com.tr\/index.php\/wp-json\/wp\/v2\/product_cat?post=719322"},{"taxonomy":"product_tag","embeddable":true,"href":"https:\/\/roveyayinevi.com.tr\/index.php\/wp-json\/wp\/v2\/product_tag?post=719322"}],"curies":[{"name":"wp","href":"https:\/\/api.w.org\/{rel}","templated":true}]}}