{"id":719321,"date":"2025-08-27T18:20:38","date_gmt":"2025-08-27T15:20:38","guid":{"rendered":"https:\/\/roveyayinevi.com.tr\/index.php\/urun\/gunumuzde-ta-transaksiyonel-analize-yeni-bir-giris\/"},"modified":"2026-04-07T02:35:53","modified_gmt":"2026-04-06T23:35:53","slug":"gunumuzde-ta-transaksiyonel-analize-yeni-bir-giris","status":"publish","type":"product","link":"https:\/\/roveyayinevi.com.tr\/index.php\/urun\/gunumuzde-ta-transaksiyonel-analize-yeni-bir-giris\/","title":{"rendered":"G\u00fcn\u00fcm\u00fczde TA &#8211; Transaksiyonel Analiz&#8217;e Yeni Bir Giri\u015f"},"content":{"rendered":"<p>\u201c\u2026 g\u00fcncel, etkileyici \u00f6rnekler \u2026 ki\u015fisel, samim\u00ee bir yaz\u0131m stili \u2026 rahatl\u0131kla tavsiye ediyorum.\u201d Muriel James Transaksiyonel Analiz (TA) insan ili\u015fkilerini, ki\u015filiklerini ve ileti\u015fimini anlamak i\u00e7in bir modeldir. \u0130lk olarak Dr. Eric Berne taraf\u0131ndan geli\u015ftirilmi\u015ftir.  TA, \u00e7ok-satan Games People Play ve Born to Win adl\u0131 kitaplarla 1960\u2019larda ve 1970\u2019lerde d\u00fcnya \u00e7ap\u0131nda \u00fcne kavu\u015ftu. O zamandan bu yana TA b\u00fcy\u00fcmeye devam etti. Teori geni\u015fletildi, yeniden de\u011ferlendirildi ve g\u00f6zlem yoluyla test edildi. Berne\u2019in 1970\u2019deki \u00f6l\u00fcm\u00fcnden sonra TA pratisyenleri g\u00fcn\u00fcm\u00fczde disiplinin merkezi haline gelmi\u015f yeni kavramlar ve teknikler ortaya att\u0131lar. G\u00fcn\u00fcm\u00fczde TA psikoterapi, dan\u0131\u015fma, e\u011fitim, ileti\u015fim ve y\u00f6netici yeti\u015ftirme gibi \u00e7ok \u00e7e\u015fitli alanlarda profesyonel bir yakla\u015f\u0131m olarak uluslararas\u0131 alanda tan\u0131nm\u0131\u015ft\u0131r. Bu t\u00fcm\u00fcyle g\u00f6zden ge\u00e7irilmi\u015f \u00e7ok-satan kitaplar\u0131n\u0131n ikinci edisyonunda Ian Stewart ve Vann Joines sizi G\u00dcN\u00dcM\u00dcZ\u00dcN Transaksiyonel Analiz g\u00fcc\u00fcyle tan\u0131\u015ft\u0131r\u0131yor. TA\u2019n\u0131n g\u00fcncel fikirlerini bir\u00e7ok resimli \u00f6rnekle, anla\u015f\u0131labilir ve kolay okunan bir dilde sunuyorlar. G\u00fcn\u00fcm\u00fczde TA, kendi kendine \u00f6\u011frenim veya \u00fcniversite derslerinde kaynak olarak kullan\u0131m i\u00e7in uygundur. ITAA\u2019in resm\u00ee \u201c101\u201d temel s\u0131nav\u0131 i\u00e7in g\u00fcncel m\u00fcfredat\u0131n tamam\u0131n\u0131 da i\u00e7ermektedir. Ki\u015filer ve gruplar\u0131n kullan\u0131m\u0131 i\u00e7in EGZERS\u0130ZLER kitap boyunca bulunabilir. Yazarlar \u015f\u00f6yle der: \u201cBu egzersizleri tamamlad\u0131\u011f\u0131n\u0131zda kendiniz hakk\u0131nda, okumaya ba\u015flad\u0131\u011f\u0131n\u0131z ilk andan daha fazla \u015fey bildi\u011finizi fark edeceksiniz. Ve TA\u2019y\u0131 kendiniz i\u00e7in kullanarak onu olabilecek en etkili bi\u00e7imde \u00f6\u011freneceksiniz<\/p>\n","protected":false},"excerpt":{"rendered":"<p>\u201c\u2026 g\u00fcncel, etkileyici \u00f6rnekler \u2026 ki\u015fisel, samim\u00ee bir yaz\u0131m stili \u2026 rahatl\u0131kla tavsiye ediyorum.\u201d Muriel James Transaksiyonel Analiz (TA) insan ili\u015fkilerini, ki\u015filiklerini ve ileti\u015fimini anlamak i\u00e7in<span class=\"excerpt-hellip\"> [\u2026]<\/span><\/p>\n","protected":false},"featured_media":0,"template":"","meta":{"_monsterinsights_skip_tracking":false,"_monsterinsights_sitenote_active":false,"_monsterinsights_sitenote_note":"","_monsterinsights_sitenote_category":0},"product_brand":[],"product_cat":[12364,12376],"product_tag":[],"class_list":{"0":"post-719321","1":"product","2":"type-product","3":"status-publish","5":"product_cat-genel-konular","6":"product_cat-kisisel-gelisim","7":"pa_cilt-ciltsiz","8":"pa_tur-kitap","9":"pa_yayinevi-serbest-kitaplar","10":"pa_yazar-ian-stewart-vann-joines","12":"first","13":"instock","14":"sale","15":"shipping-taxable","16":"purchasable","17":"product-type-simple"},"_links":{"self":[{"href":"https:\/\/roveyayinevi.com.tr\/index.php\/wp-json\/wp\/v2\/product\/719321","targetHints":{"allow":["GET"]}}],"collection":[{"href":"https:\/\/roveyayinevi.com.tr\/index.php\/wp-json\/wp\/v2\/product"}],"about":[{"href":"https:\/\/roveyayinevi.com.tr\/index.php\/wp-json\/wp\/v2\/types\/product"}],"wp:attachment":[{"href":"https:\/\/roveyayinevi.com.tr\/index.php\/wp-json\/wp\/v2\/media?parent=719321"}],"wp:term":[{"taxonomy":"product_brand","embeddable":true,"href":"https:\/\/roveyayinevi.com.tr\/index.php\/wp-json\/wp\/v2\/product_brand?post=719321"},{"taxonomy":"product_cat","embeddable":true,"href":"https:\/\/roveyayinevi.com.tr\/index.php\/wp-json\/wp\/v2\/product_cat?post=719321"},{"taxonomy":"product_tag","embeddable":true,"href":"https:\/\/roveyayinevi.com.tr\/index.php\/wp-json\/wp\/v2\/product_tag?post=719321"}],"curies":[{"name":"wp","href":"https:\/\/api.w.org\/{rel}","templated":true}]}}