{"id":719319,"date":"2025-08-27T18:20:36","date_gmt":"2025-08-27T15:20:36","guid":{"rendered":"https:\/\/roveyayinevi.com.tr\/index.php\/urun\/bak-nasil-da-konusuyor\/"},"modified":"2026-04-16T02:27:31","modified_gmt":"2026-04-15T23:27:31","slug":"bak-nasil-da-konusuyor","status":"publish","type":"product","link":"https:\/\/roveyayinevi.com.tr\/index.php\/urun\/bak-nasil-da-konusuyor\/","title":{"rendered":"Bak Nas\u0131l da Konu\u015fuyor!"},"content":{"rendered":"<p>Anne karn\u0131nda bile bo\u015f durmuyor minik yaramazlar. Daha d\u00fcnyaya gelmeden, konu\u015facaklar\u0131 dile ait bilgileri toplamaya ba\u015fl\u0131yorlar. \u0130\u00e7ine do\u011fduklar\u0131 dili dinlemeyi ba\u015fka dillere tercih ediyor, birka\u00e7 g\u00fcn sonra melodik farkl\u0131l\u0131klar\u0131n\u0131n ay\u0131rd\u0131na varabiliyor ve hen\u00fcz be\u015f ya\u015f\u0131nda bile de\u011filken upuzun, son derece karma\u015f\u0131k c\u00fcmleler kurabiliyorlar. Peki, soyut d\u00fc\u015f\u00fcnme becerileri geli\u015fmeden bunu nas\u0131l ba\u015far\u0131yorlar?   Anadillerinin kurallar\u0131n\u0131 \u00f6\u011frenirken ne gibi stratejilere ba\u015fvuruyorlar?   Do\u011far do\u011fmaz iki ya da daha fazla dil \u00f6\u011frenmek durumunda kalan \u00e7ocuklar\u0131n dil geli\u015fimleri nas\u0131l ger\u00e7ekle\u015fiyor?   Zeki \u00e7ocuklar daha m\u0131 erken konu\u015fuyor?   Kintudan muntuya nas\u0131l ge\u00e7iliyor?   \u0130kizlerin kendi aralar\u0131nda konu\u015ftuklar\u0131 dil tehlikeli midir?   \u00c7ocu\u011funuz \u201cboku suyu\u201d diyorsa ne yapmal\u0131s\u0131n\u0131z?   \u0130\u015fte her sat\u0131r\u0131nda sorular\u0131n\u0131za yan\u0131t bulabilece\u011finiz Bak Nas\u0131l da Konu\u015fuyor! hem anne-babalar\u0131 hem de bebeklerin dil edinim s\u00fcrecini merak edenleri bu mucizevi s\u00fcrece tan\u0131kl\u0131k etmeye \u00e7a\u011f\u0131r\u0131yor. <\/p>\n","protected":false},"excerpt":{"rendered":"<p>Anne karn\u0131nda bile bo\u015f durmuyor minik yaramazlar. Daha d\u00fcnyaya gelmeden, konu\u015facaklar\u0131 dile ait bilgileri toplamaya ba\u015fl\u0131yorlar. \u0130\u00e7ine do\u011fduklar\u0131 dili dinlemeyi ba\u015fka dillere tercih ediyor, birka\u00e7 g\u00fcn<span class=\"excerpt-hellip\"> [\u2026]<\/span><\/p>\n","protected":false},"featured_media":0,"template":"","meta":{"_monsterinsights_skip_tracking":false,"_monsterinsights_sitenote_active":false,"_monsterinsights_sitenote_note":"","_monsterinsights_sitenote_category":0},"product_brand":[],"product_cat":[13005,13006],"product_tag":[],"class_list":{"0":"post-719319","1":"product","2":"type-product","3":"status-publish","5":"product_cat-bilim-muhendislik","6":"product_cat-populer-bilim","7":"pa_cilt-ciltsiz","8":"pa_tur-kitap","9":"pa_yayinevi-elma-yayinevi","10":"pa_yazar-ahmet-r-ulusan","12":"first","13":"instock","14":"sale","15":"shipping-taxable","16":"purchasable","17":"product-type-simple"},"_links":{"self":[{"href":"https:\/\/roveyayinevi.com.tr\/index.php\/wp-json\/wp\/v2\/product\/719319","targetHints":{"allow":["GET"]}}],"collection":[{"href":"https:\/\/roveyayinevi.com.tr\/index.php\/wp-json\/wp\/v2\/product"}],"about":[{"href":"https:\/\/roveyayinevi.com.tr\/index.php\/wp-json\/wp\/v2\/types\/product"}],"wp:attachment":[{"href":"https:\/\/roveyayinevi.com.tr\/index.php\/wp-json\/wp\/v2\/media?parent=719319"}],"wp:term":[{"taxonomy":"product_brand","embeddable":true,"href":"https:\/\/roveyayinevi.com.tr\/index.php\/wp-json\/wp\/v2\/product_brand?post=719319"},{"taxonomy":"product_cat","embeddable":true,"href":"https:\/\/roveyayinevi.com.tr\/index.php\/wp-json\/wp\/v2\/product_cat?post=719319"},{"taxonomy":"product_tag","embeddable":true,"href":"https:\/\/roveyayinevi.com.tr\/index.php\/wp-json\/wp\/v2\/product_tag?post=719319"}],"curies":[{"name":"wp","href":"https:\/\/api.w.org\/{rel}","templated":true}]}}