{"id":719309,"date":"2025-08-27T18:20:29","date_gmt":"2025-08-27T15:20:29","guid":{"rendered":"https:\/\/roveyayinevi.com.tr\/index.php\/urun\/bu-yuzyilin-dersi\/"},"modified":"2026-04-16T02:27:31","modified_gmt":"2026-04-15T23:27:31","slug":"bu-yuzyilin-dersi","status":"publish","type":"product","link":"https:\/\/roveyayinevi.com.tr\/index.php\/urun\/bu-yuzyilin-dersi\/","title":{"rendered":"Bu Y\u00fczy\u0131l\u0131n Dersi"},"content":{"rendered":"<p>20. Y\u00fczy\u0131l\u2019\u0131n en etkileyici d\u00fc\u015f\u00fcn\u00fcrlerinden Karl Popper, sahip oldu\u011fumuz demokratik sistemi muhafaza etmede \u00fczerimize d\u00fc\u015fen sorumluluklar\u0131n fark\u0131nda olmam\u0131z gerekti\u011fini hat\u0131rlat\u0131yor. Yar\u0131n\u0131n d\u00fcnyas\u0131n\u0131 yaratacak olan \u015fey bizim eylemlerimiz olacakt\u0131r.   Gazeteci GiancarloBosetti\u2019nin yapt\u0131\u011f\u0131 bu s\u00f6yle\u015filerde Popper geni\u015f bir yelpazede \u00e7a\u011fda\u015f siyasal ve toplumsal meseleler \u00fczerine konu\u015fuyor. Sovyetler Birli\u011fi\u2019nin \u00e7\u00f6k\u00fc\u015f\u00fcnden \u00fc\u00e7\u00fcnc\u00fc bir d\u00fcnya sava\u015f\u0131 tehlikesine, \u00e7ocuklar\u0131m\u0131za kar\u015f\u0131 y\u00fck\u00fcml\u00fcl\u00fcklerimizden televizyonun potansiyel zararl\u0131 etkilerine kadar bir\u00e7ok konudan bahsediyor. Toplumumuzdaki y\u00fckselen \u015fiddet ve bencilli\u011fin, e\u011fer \u00f6nlem almazsak medeniyetimizi tehlikeye ataca\u011f\u0131 konusunda uyar\u0131yor. Kitap ayn\u0131 zamanda demokrasi teorisi \u00fczerine iki konu\u015fma da i\u00e7eriyor; demokrasinin hi\u00e7bir zaman halk\u0131n y\u00f6netimi olmad\u0131\u011f\u0131n\u0131 (olamayaca\u011f\u0131n\u0131 ve olmamas\u0131 gerekti\u011fini) ama tiranl\u0131\u011f\u0131 \u00f6nleyebilmek i\u00e7in elimizdeki en iyi y\u00f6ntem oldu\u011funu ikna edici bir \u015fekilde savunuyor. <\/p>\n","protected":false},"excerpt":{"rendered":"<p>20. Y\u00fczy\u0131l\u2019\u0131n en etkileyici d\u00fc\u015f\u00fcn\u00fcrlerinden Karl Popper, sahip oldu\u011fumuz demokratik sistemi muhafaza etmede \u00fczerimize d\u00fc\u015fen sorumluluklar\u0131n fark\u0131nda olmam\u0131z gerekti\u011fini hat\u0131rlat\u0131yor. Yar\u0131n\u0131n d\u00fcnyas\u0131n\u0131 yaratacak olan \u015fey bizim<span class=\"excerpt-hellip\"> [\u2026]<\/span><\/p>\n","protected":false},"featured_media":0,"template":"","meta":{"_monsterinsights_skip_tracking":false,"_monsterinsights_sitenote_active":false,"_monsterinsights_sitenote_note":"","_monsterinsights_sitenote_category":0},"product_brand":[],"product_cat":[12388,15536],"product_tag":[],"class_list":{"0":"post-719309","1":"product","2":"type-product","3":"status-publish","5":"product_cat-felsefe","6":"product_cat-siyaset-felsefesi","7":"pa_cilt-ciltsiz","8":"pa_tur-kitap","9":"pa_yayinevi-serbest-kitaplar","10":"pa_yazar-karl-r-popper","12":"first","13":"instock","14":"sale","15":"shipping-taxable","16":"purchasable","17":"product-type-simple"},"_links":{"self":[{"href":"https:\/\/roveyayinevi.com.tr\/index.php\/wp-json\/wp\/v2\/product\/719309","targetHints":{"allow":["GET"]}}],"collection":[{"href":"https:\/\/roveyayinevi.com.tr\/index.php\/wp-json\/wp\/v2\/product"}],"about":[{"href":"https:\/\/roveyayinevi.com.tr\/index.php\/wp-json\/wp\/v2\/types\/product"}],"wp:attachment":[{"href":"https:\/\/roveyayinevi.com.tr\/index.php\/wp-json\/wp\/v2\/media?parent=719309"}],"wp:term":[{"taxonomy":"product_brand","embeddable":true,"href":"https:\/\/roveyayinevi.com.tr\/index.php\/wp-json\/wp\/v2\/product_brand?post=719309"},{"taxonomy":"product_cat","embeddable":true,"href":"https:\/\/roveyayinevi.com.tr\/index.php\/wp-json\/wp\/v2\/product_cat?post=719309"},{"taxonomy":"product_tag","embeddable":true,"href":"https:\/\/roveyayinevi.com.tr\/index.php\/wp-json\/wp\/v2\/product_tag?post=719309"}],"curies":[{"name":"wp","href":"https:\/\/api.w.org\/{rel}","templated":true}]}}