{"id":719308,"date":"2025-08-27T18:20:28","date_gmt":"2025-08-27T15:20:28","guid":{"rendered":"https:\/\/roveyayinevi.com.tr\/index.php\/urun\/bitmeyen-arayis\/"},"modified":"2026-04-16T02:27:31","modified_gmt":"2026-04-15T23:27:31","slug":"bitmeyen-arayis","status":"publish","type":"product","link":"https:\/\/roveyayinevi.com.tr\/index.php\/urun\/bitmeyen-arayis\/","title":{"rendered":"Bitmeyen Aray\u0131\u015f"},"content":{"rendered":"<p>\u201c\u00c7al\u0131\u015fma alan\u0131 yelpazesinde veya kalitesinde Karl Popper\u2019a rakip ba\u015fka bir felsefeci yok\u2026 Siyaset, bilim, sanat\u2026 Popper\u2019\u0131n \u00e7al\u0131\u015fmalar\u0131yla ayd\u0131nlat\u0131lmam\u0131\u015f \u00e7ok az d\u00fc\u015f\u00fcnce alan\u0131 kalm\u0131\u015ft\u0131r.\u201d BryanMagee   Bu kitap, sekiz ya\u015f\u0131ndayken  sonsuzluk fikrine kafas\u0131 tak\u0131lan, on be\u015fine geldi\u011finde babas\u0131n\u0131n k\u00fct\u00fcphanesine dadanm\u0131\u015f  bir zihnin bitmeyen aray\u0131\u015f\u0131n\u0131n hikayesi. \u0130ki b\u00fcy\u00fck d\u00fcnya sava\u015f\u0131na, So\u011fuk Sava\u015f d\u00f6nemine ve sonras\u0131nda Do\u011fu Bloku\u2019nun \u00e7\u00f6k\u00fc\u015f\u00fcne tan\u0131kl\u0131k eden, 20. Y\u00fczy\u0131l\u2019\u0131n en etkileyici d\u00fc\u015f\u00fcn\u00fcrlerinden Karl Popper, bu otobiyografik eserinde kendisini en \u00e7ok etkileyen fikirleri bilhassa erken ya\u015flarda kendisini b\u00fcy\u00fcleyen bilim ve felsefeyi anlat\u0131yor.   Popper bu kitapta, hayat\u0131yla ilgili pek fazla bilinmeyen y\u00f6nlerini; m\u00fczik a\u015fk\u0131n\u0131, Yahudi k\u00f6keniyle ilgili kar\u0131\u015f\u0131k duygular\u0131n\u0131 ve Wittgenstein\u2019la tart\u0131\u015fmas\u0131n\u0131 ve ondan sonra bir efsane haline gelmi\u015f \u201cpoker\u201d olay\u0131n\u0131 anlat\u0131yor. D\u00f6neminin bir\u00e7ok \u00f6nde gelen bilim insan\u0131 ve filozofuyla etkile\u015fimi olan Popper\u2019\u0131n Bitmeyen Aray\u0131\u015f\u2019\u0131, felsefesine bir giri\u015f kayna\u011f\u0131 olarak da \u00f6ne \u00e7\u0131kmaktad\u0131r. Popper, \u00e7al\u0131\u015fmalar\u0131ndaki merkez\u00ee fikirleri a\u00e7\u0131klayarak bu kitab\u0131 kendisiyle ilk kez tan\u0131\u015facaklar i\u00e7in ideal hale getiriyor. <\/p>\n","protected":false},"excerpt":{"rendered":"<p>\u201c\u00c7al\u0131\u015fma alan\u0131 yelpazesinde veya kalitesinde Karl Popper\u2019a rakip ba\u015fka bir felsefeci yok\u2026 Siyaset, bilim, sanat\u2026 Popper\u2019\u0131n \u00e7al\u0131\u015fmalar\u0131yla ayd\u0131nlat\u0131lmam\u0131\u015f \u00e7ok az d\u00fc\u015f\u00fcnce alan\u0131 kalm\u0131\u015ft\u0131r.\u201d BryanMagee Bu kitap,<span class=\"excerpt-hellip\"> [\u2026]<\/span><\/p>\n","protected":false},"featured_media":0,"template":"","meta":{"_monsterinsights_skip_tracking":false,"_monsterinsights_sitenote_active":false,"_monsterinsights_sitenote_note":"","_monsterinsights_sitenote_category":0},"product_brand":[],"product_cat":[12388,15536],"product_tag":[],"class_list":{"0":"post-719308","1":"product","2":"type-product","3":"status-publish","5":"product_cat-felsefe","6":"product_cat-siyaset-felsefesi","7":"pa_cilt-ciltsiz","8":"pa_tur-kitap","9":"pa_yayinevi-serbest-kitaplar","10":"pa_yazar-karl-r-popper","12":"first","13":"instock","14":"sale","15":"shipping-taxable","16":"purchasable","17":"product-type-simple"},"_links":{"self":[{"href":"https:\/\/roveyayinevi.com.tr\/index.php\/wp-json\/wp\/v2\/product\/719308","targetHints":{"allow":["GET"]}}],"collection":[{"href":"https:\/\/roveyayinevi.com.tr\/index.php\/wp-json\/wp\/v2\/product"}],"about":[{"href":"https:\/\/roveyayinevi.com.tr\/index.php\/wp-json\/wp\/v2\/types\/product"}],"wp:attachment":[{"href":"https:\/\/roveyayinevi.com.tr\/index.php\/wp-json\/wp\/v2\/media?parent=719308"}],"wp:term":[{"taxonomy":"product_brand","embeddable":true,"href":"https:\/\/roveyayinevi.com.tr\/index.php\/wp-json\/wp\/v2\/product_brand?post=719308"},{"taxonomy":"product_cat","embeddable":true,"href":"https:\/\/roveyayinevi.com.tr\/index.php\/wp-json\/wp\/v2\/product_cat?post=719308"},{"taxonomy":"product_tag","embeddable":true,"href":"https:\/\/roveyayinevi.com.tr\/index.php\/wp-json\/wp\/v2\/product_tag?post=719308"}],"curies":[{"name":"wp","href":"https:\/\/api.w.org\/{rel}","templated":true}]}}