{"id":719303,"date":"2025-08-27T18:20:25","date_gmt":"2025-08-27T15:20:25","guid":{"rendered":"https:\/\/roveyayinevi.com.tr\/index.php\/urun\/stratejik-bilinc-ve-orgutsel-degisim\/"},"modified":"2026-04-16T02:27:31","modified_gmt":"2026-04-15T23:27:31","slug":"stratejik-bilinc-ve-orgutsel-degisim","status":"publish","type":"product","link":"https:\/\/roveyayinevi.com.tr\/index.php\/urun\/stratejik-bilinc-ve-orgutsel-degisim\/","title":{"rendered":"Stratejik Bilin\u00e7 ve \u00d6rg\u00fctsel De\u011fi\u015fim"},"content":{"rendered":"<p>\u0130\u00e7indekiler;B\u00f6l\u00fcm 1Stratejik Bilin\u00e7B\u00f6l\u00fcm 2\u00d6rg\u00fctsel De\u011fi\u015fimB\u00f6l\u00fcm 3Stratejik Bilin\u00e7 ve \u00f6rg\u00fctsel de\u011fi\u015fim aras\u0131ndaki ili\u015fki<\/p>\n","protected":false},"excerpt":{"rendered":"<p>\u0130\u00e7indekiler;B\u00f6l\u00fcm 1Stratejik Bilin\u00e7B\u00f6l\u00fcm 2\u00d6rg\u00fctsel De\u011fi\u015fimB\u00f6l\u00fcm 3Stratejik Bilin\u00e7 ve \u00f6rg\u00fctsel de\u011fi\u015fim aras\u0131ndaki ili\u015fki<\/p>\n","protected":false},"featured_media":0,"template":"","meta":{"_monsterinsights_skip_tracking":false,"_monsterinsights_sitenote_active":false,"_monsterinsights_sitenote_note":"","_monsterinsights_sitenote_category":0},"product_brand":[],"product_cat":[13043,14381],"product_tag":[],"class_list":{"0":"post-719303","1":"product","2":"type-product","3":"status-publish","5":"product_cat-ekonomi","6":"product_cat-isletme-muhasebe-maliye","7":"pa_cilt-ciltsiz","8":"pa_tur-kitap","9":"pa_yayinevi-gazi-kitabevi","10":"pa_yazar-yunus-zengin-dr-serkan-naktiyok","12":"first","13":"instock","14":"sale","15":"shipping-taxable","16":"purchasable","17":"product-type-simple"},"_links":{"self":[{"href":"https:\/\/roveyayinevi.com.tr\/index.php\/wp-json\/wp\/v2\/product\/719303","targetHints":{"allow":["GET"]}}],"collection":[{"href":"https:\/\/roveyayinevi.com.tr\/index.php\/wp-json\/wp\/v2\/product"}],"about":[{"href":"https:\/\/roveyayinevi.com.tr\/index.php\/wp-json\/wp\/v2\/types\/product"}],"wp:attachment":[{"href":"https:\/\/roveyayinevi.com.tr\/index.php\/wp-json\/wp\/v2\/media?parent=719303"}],"wp:term":[{"taxonomy":"product_brand","embeddable":true,"href":"https:\/\/roveyayinevi.com.tr\/index.php\/wp-json\/wp\/v2\/product_brand?post=719303"},{"taxonomy":"product_cat","embeddable":true,"href":"https:\/\/roveyayinevi.com.tr\/index.php\/wp-json\/wp\/v2\/product_cat?post=719303"},{"taxonomy":"product_tag","embeddable":true,"href":"https:\/\/roveyayinevi.com.tr\/index.php\/wp-json\/wp\/v2\/product_tag?post=719303"}],"curies":[{"name":"wp","href":"https:\/\/api.w.org\/{rel}","templated":true}]}}