{"id":719291,"date":"2025-08-27T18:20:19","date_gmt":"2025-08-27T15:20:19","guid":{"rendered":"https:\/\/roveyayinevi.com.tr\/index.php\/urun\/derdimize-care-bir-cicek\/"},"modified":"2026-04-08T02:34:40","modified_gmt":"2026-04-07T23:34:40","slug":"derdimize-care-bir-cicek","status":"publish","type":"product","link":"https:\/\/roveyayinevi.com.tr\/index.php\/urun\/derdimize-care-bir-cicek\/","title":{"rendered":"Derdimize \u00c7are Bir \u00c7i\u00e7ek"},"content":{"rendered":"<p>Fetih diyar\u0131n\u0131n s\u00fcrg\u00fcn \u00e7ocu\u011fu Sinan Terzi, \u015famatayla h\u00fcz\u00fcn, hasretle isti\u011fna aras\u0131nda sal\u0131nan k\u0131sa \u00f6yk\u00fclerinde, ironik dilini ister e\u011flendirmek ister g\u00f6y\u00fcnd\u00fcrmek i\u00e7in kullans\u0131n, her \u015feyi tek bir \u015feyde, her meserreti tek bir kahkahada, her derdi tek bir \u00e7arede d\u00fc\u011f\u00fcml\u00fcyor ve kitab\u0131n sonunda bizi buruk bir tebess\u00fcmle ba\u015f ba\u015fa b\u0131rak\u0131yor.Yaz geceleri \u0130stanbul\u2019da bah\u00e7eli ev b\u00fcy\u00fck nimettir, bilen bilir. Hele kuzeye bak\u0131p biraz da yel al\u0131yorsa.Semaverin alt\u0131 kaynad\u0131 kaynayacak.D\u00fcn gibi kula\u011f\u0131mda fokurtusu.Beyyy! deyiverdi yine dedem. Deliorman a\u011fz\u0131na yatk\u0131n olan herkes bilir ki bu \u201cBeyyy\u201d beyli\u011fin beyi de\u011fil, \u201cBe hey!\u201d nidas\u0131n\u0131n k\u0131sa kesilmi\u015fi\u2026 Kafas\u0131n\u0131 hay\u0131flan\u0131r gibi sallad\u0131:Beyyy! Beyyy! \u0130\u015fkodra memleket!Ne oldu dede? \u0130\u015fkodra neresi?\u00c7ok \u00e7abuk ge\u00e7iyor \u00f6m\u00fcr be \u00e7ocu\u011fum, \u00e7ok \u00e7abuk. Hasmahalle\u2019de Kocababa\u2019mlaKocap\u0131nar\u2019\u0131n ba\u015f\u0131nda atlar\u0131 sulad\u0131\u011f\u0131m\u0131z d\u00fcn gibi. Bug\u00fcn sana da d\u00fcn olsun hele, anlars\u0131n Hanya\u2019y\u0131 da Konya\u2019y\u0131 da \u0130\u015fkodra\u2019y\u0131 da\u2026O g\u00fcn\u00fcn \u00fczerinden otuz sene ge\u00e7ti neredeyse. Dedem yok, bah\u00e7e sessiz, \u0130stanbul gayya kuyusu. Radyoda bir Reyhan\u00ee t\u00fcrk\u00fcs\u00fc: \u201cBelki derdimize \u00e7are bir \u00e7i\u00e7ek\u2026\u201d Memleket, \u0130\u015fkodra memleket!<\/p>\n","protected":false},"excerpt":{"rendered":"<p>Fetih diyar\u0131n\u0131n s\u00fcrg\u00fcn \u00e7ocu\u011fu Sinan Terzi, \u015famatayla h\u00fcz\u00fcn, hasretle isti\u011fna aras\u0131nda sal\u0131nan k\u0131sa \u00f6yk\u00fclerinde, ironik dilini ister e\u011flendirmek ister g\u00f6y\u00fcnd\u00fcrmek i\u00e7in kullans\u0131n, her \u015feyi tek bir<span class=\"excerpt-hellip\"> [\u2026]<\/span><\/p>\n","protected":false},"featured_media":0,"template":"","meta":{"_monsterinsights_skip_tracking":false,"_monsterinsights_sitenote_active":false,"_monsterinsights_sitenote_note":"","_monsterinsights_sitenote_category":0},"product_brand":[],"product_cat":[12291,12711],"product_tag":[],"class_list":{"0":"post-719291","1":"product","2":"type-product","3":"status-publish","5":"product_cat-edebiyat","6":"product_cat-roman-oyku","7":"pa_cilt-ciltsiz","8":"pa_tur-kitap","9":"pa_yayinevi-otuken-nesriyat","10":"pa_yazar-sinan-terzi","12":"first","13":"instock","14":"sale","15":"shipping-taxable","16":"purchasable","17":"product-type-simple"},"_links":{"self":[{"href":"https:\/\/roveyayinevi.com.tr\/index.php\/wp-json\/wp\/v2\/product\/719291","targetHints":{"allow":["GET"]}}],"collection":[{"href":"https:\/\/roveyayinevi.com.tr\/index.php\/wp-json\/wp\/v2\/product"}],"about":[{"href":"https:\/\/roveyayinevi.com.tr\/index.php\/wp-json\/wp\/v2\/types\/product"}],"wp:attachment":[{"href":"https:\/\/roveyayinevi.com.tr\/index.php\/wp-json\/wp\/v2\/media?parent=719291"}],"wp:term":[{"taxonomy":"product_brand","embeddable":true,"href":"https:\/\/roveyayinevi.com.tr\/index.php\/wp-json\/wp\/v2\/product_brand?post=719291"},{"taxonomy":"product_cat","embeddable":true,"href":"https:\/\/roveyayinevi.com.tr\/index.php\/wp-json\/wp\/v2\/product_cat?post=719291"},{"taxonomy":"product_tag","embeddable":true,"href":"https:\/\/roveyayinevi.com.tr\/index.php\/wp-json\/wp\/v2\/product_tag?post=719291"}],"curies":[{"name":"wp","href":"https:\/\/api.w.org\/{rel}","templated":true}]}}