{"id":719289,"date":"2025-08-27T18:20:18","date_gmt":"2025-08-27T15:20:18","guid":{"rendered":"https:\/\/roveyayinevi.com.tr\/index.php\/urun\/astrolojinin-bilimle-imtihani\/"},"modified":"2026-04-16T02:27:31","modified_gmt":"2026-04-15T23:27:31","slug":"astrolojinin-bilimle-imtihani","status":"publish","type":"product","link":"https:\/\/roveyayinevi.com.tr\/index.php\/urun\/astrolojinin-bilimle-imtihani\/","title":{"rendered":"Astrolojinin Bilimle \u0130mtihan\u0131"},"content":{"rendered":"<p>Diyelim ki anneniz Aslan burcu ve astrolojiye y\u00fcrekten inan\u0131yor&#8230; Ve bu hafta \u00e7ok kritik bir kalp ameliyat\u0131 ge\u00e7irecek. Ne var ki takip etti\u011fi dergide \u201cy\u0131ld\u0131z\u0131\u201d ona bu hafta kesinlikle ameliyata girmemesini s\u00f6yl\u00fcyor! Kalp ameliyatlar\u0131 zaten zor ve riskli ameliyatlar. Annenizin bu yaz\u0131 y\u00fcz\u00fcnden stresi iyice arts\u0131n ister miydiniz? Peki diyelim ki kalp cerrah\u0131 astrolojiye inan\u0131yor ve ayn\u0131 dergiyi o da takip ediyorsa? Ba\u015fka bir soru daha: \u00c7ok istedi\u011finiz o \u015firketin tam size uygun bir i\u015f ilan\u0131 var. \u00d6zge\u00e7mi\u015finiz m\u00fckemmel! Siz tam da bu i\u015fe g\u00f6re birisiniz&#8230; Ne var ki O\u011flak burcusunuz ve insan kaynaklar\u0131 y\u00f6neticisi O\u011flak bur\u00e7lar\u0131n\u0131n bu i\u015fe uygun olmad\u0131\u011f\u0131na inan\u0131yor.  S\u0131rf bu sebeple elenmi\u015f olmay\u0131 kabul eder miydiniz? \u015e\u00fcphesiz astroloji en pop\u00fcler s\u00f6zdebilimdir. Yani, uzaktan bak\u0131nca bir bilim dal\u0131 gibi g\u00f6r\u00fcn\u00fcr, uygulay\u0131c\u0131lar\u0131 da onun bir bilim dal\u0131 oldu\u011fu iddias\u0131ndad\u0131r. Ancak bilimin standartlar\u0131n\u0131 ta\u015f\u0131mayan, insanlar\u0131n do\u011fa ve evrene ait bilgilerinin \u00e7ok s\u0131n\u0131rl\u0131 oldu\u011fu ge\u00e7mi\u015ften kalma bir kehanet k\u00fclt\u00fcr\u00fcnden ba\u015fka bir \u015fey de\u011fildir. Kimisine g\u00f6re bir e\u011flence kayna\u011f\u0131 olsa da, t\u00fcm s\u00f6zdebilimler gibi, toplumlar\u0131n h\u0131zla geri kalmas\u0131n\u0131n ba\u015fl\u0131ca sebebi oldu\u011fundan dolay\u0131 \u00e7a\u011f\u0131m\u0131zda hem bireyler hem de toplumlar i\u00e7in bir tehdittir. A\u00e7\u0131k Bilim\u2019in kurucusu ve Yalansavar yazar\u0131 Tevfik Uyar bu kitapta astrolojinin nas\u0131l ortaya \u00e7\u0131kt\u0131\u011f\u0131n\u0131, neden bir s\u00f6zdebilim oldu\u011funu ve ni\u00e7in bu kadar pop\u00fclerle\u015fti\u011fini, yani \u201cy\u0131ld\u0131z\u0131m\u0131z\u0131n bize neyi s\u00f6yleyemeyece\u011fini\u201d olduk\u00e7a anla\u015f\u0131l\u0131r ve a\u00e7\u0131k bir dille anlat\u0131yor. \u201cNe zarar\u0131 var?\u201d diye soranlara da tatmink\u00e2r yan\u0131tlar veriyor. \u00c7a\u011flar \u00f6ncesi ile gelecek aras\u0131nda mekik dokuyan bu ayd\u0131nlat\u0131c\u0131 kitab\u0131 bir solukta okumaya haz\u0131r olun.   352<\/p>\n","protected":false},"excerpt":{"rendered":"<p>Diyelim ki anneniz Aslan burcu ve astrolojiye y\u00fcrekten inan\u0131yor&#8230; Ve bu hafta \u00e7ok kritik bir kalp ameliyat\u0131 ge\u00e7irecek. Ne var ki takip etti\u011fi dergide \u201cy\u0131ld\u0131z\u0131\u201d ona<span class=\"excerpt-hellip\"> [\u2026]<\/span><\/p>\n","protected":false},"featured_media":0,"template":"","meta":{"_monsterinsights_skip_tracking":false,"_monsterinsights_sitenote_active":false,"_monsterinsights_sitenote_note":"","_monsterinsights_sitenote_category":0},"product_brand":[],"product_cat":[13005,37328],"product_tag":[],"class_list":{"0":"post-719289","1":"product","2":"type-product","3":"status-publish","5":"product_cat-bilim-muhendislik","6":"product_cat-diger-bilim-muhendislik","7":"pa_cilt-ciltsiz","8":"pa_tur-kitap","9":"pa_yayinevi-destek-yayinlari","10":"pa_yazar-tevfik-uyar","12":"first","13":"instock","14":"sale","15":"shipping-taxable","16":"purchasable","17":"product-type-simple"},"_links":{"self":[{"href":"https:\/\/roveyayinevi.com.tr\/index.php\/wp-json\/wp\/v2\/product\/719289","targetHints":{"allow":["GET"]}}],"collection":[{"href":"https:\/\/roveyayinevi.com.tr\/index.php\/wp-json\/wp\/v2\/product"}],"about":[{"href":"https:\/\/roveyayinevi.com.tr\/index.php\/wp-json\/wp\/v2\/types\/product"}],"wp:attachment":[{"href":"https:\/\/roveyayinevi.com.tr\/index.php\/wp-json\/wp\/v2\/media?parent=719289"}],"wp:term":[{"taxonomy":"product_brand","embeddable":true,"href":"https:\/\/roveyayinevi.com.tr\/index.php\/wp-json\/wp\/v2\/product_brand?post=719289"},{"taxonomy":"product_cat","embeddable":true,"href":"https:\/\/roveyayinevi.com.tr\/index.php\/wp-json\/wp\/v2\/product_cat?post=719289"},{"taxonomy":"product_tag","embeddable":true,"href":"https:\/\/roveyayinevi.com.tr\/index.php\/wp-json\/wp\/v2\/product_tag?post=719289"}],"curies":[{"name":"wp","href":"https:\/\/api.w.org\/{rel}","templated":true}]}}