{"id":719284,"date":"2025-08-27T18:20:14","date_gmt":"2025-08-27T15:20:14","guid":{"rendered":"https:\/\/roveyayinevi.com.tr\/index.php\/urun\/gizli-bahce-9\/"},"modified":"2025-08-31T16:03:30","modified_gmt":"2025-08-31T13:03:30","slug":"gizli-bahce-9","status":"publish","type":"product","link":"https:\/\/roveyayinevi.com.tr\/index.php\/urun\/gizli-bahce-9\/","title":{"rendered":"Gizli Bah\u00e7e"},"content":{"rendered":"<p>Hi\u00e7 tan\u0131mad\u0131\u011f\u0131 amcas\u0131n\u0131n \u0130ngiltere\u2019deki malik\u00e2nesine yerle\u015fmek zorunda kalan Mary\u2019yi yeni bir hayat bekliyor. K\u00fc\u00e7\u00fck k\u0131z, amcas\u0131n\u0131n kasvetli evinde yaln\u0131z ge\u00e7en g\u00fcnlerini doldurmak i\u00e7in heyecan dolu ke\u015fiflere \u00e7\u0131kacak. Mary yeni evin karanl\u0131k koridorlar\u0131n\u0131n s\u0131rr\u0131n\u0131 \u00e7\u00f6zebilecek mi? Civarda insanlar\u0131n hakk\u0131nda konu\u015fmaktan \u00e7ekindi\u011fi ve girmelerinin yasak oldu\u011fu gizli bir bah\u00e7e oldu\u011fu do\u011fru mu? Mary\u2019nin maceralar\u0131n\u0131 merakla okuyacak, adaletin, dostlu\u011fun ve empati kurman\u0131n \u00f6nemini kavrayacaks\u0131n\u0131z.    352<\/p>\n","protected":false},"excerpt":{"rendered":"<p>Hi\u00e7 tan\u0131mad\u0131\u011f\u0131 amcas\u0131n\u0131n \u0130ngiltere\u2019deki malik\u00e2nesine yerle\u015fmek zorunda kalan Mary\u2019yi yeni bir hayat bekliyor. K\u00fc\u00e7\u00fck k\u0131z, amcas\u0131n\u0131n kasvetli evinde yaln\u0131z ge\u00e7en g\u00fcnlerini doldurmak i\u00e7in heyecan dolu ke\u015fiflere<span class=\"excerpt-hellip\"> [\u2026]<\/span><\/p>\n","protected":false},"featured_media":0,"template":"","meta":{"_monsterinsights_skip_tracking":false,"_monsterinsights_sitenote_active":false,"_monsterinsights_sitenote_note":"","_monsterinsights_sitenote_category":0},"product_brand":[],"product_cat":[12274,12284],"product_tag":[],"class_list":{"0":"post-719284","1":"product","2":"type-product","3":"status-publish","5":"product_cat-cocuk-ve-genclik-kitaplari","6":"product_cat-hikayeler","7":"pa_cilt-ciltsiz","8":"pa_tur-kitap","9":"pa_yayinevi-dogan-egmont-yayincilik","10":"pa_yazar-frances-hodgson-burnett","12":"first","13":"instock","14":"sale","15":"shipping-taxable","16":"purchasable","17":"product-type-simple"},"_links":{"self":[{"href":"https:\/\/roveyayinevi.com.tr\/index.php\/wp-json\/wp\/v2\/product\/719284","targetHints":{"allow":["GET"]}}],"collection":[{"href":"https:\/\/roveyayinevi.com.tr\/index.php\/wp-json\/wp\/v2\/product"}],"about":[{"href":"https:\/\/roveyayinevi.com.tr\/index.php\/wp-json\/wp\/v2\/types\/product"}],"wp:attachment":[{"href":"https:\/\/roveyayinevi.com.tr\/index.php\/wp-json\/wp\/v2\/media?parent=719284"}],"wp:term":[{"taxonomy":"product_brand","embeddable":true,"href":"https:\/\/roveyayinevi.com.tr\/index.php\/wp-json\/wp\/v2\/product_brand?post=719284"},{"taxonomy":"product_cat","embeddable":true,"href":"https:\/\/roveyayinevi.com.tr\/index.php\/wp-json\/wp\/v2\/product_cat?post=719284"},{"taxonomy":"product_tag","embeddable":true,"href":"https:\/\/roveyayinevi.com.tr\/index.php\/wp-json\/wp\/v2\/product_tag?post=719284"}],"curies":[{"name":"wp","href":"https:\/\/api.w.org\/{rel}","templated":true}]}}