{"id":719283,"date":"2025-08-27T18:20:13","date_gmt":"2025-08-27T15:20:13","guid":{"rendered":"https:\/\/roveyayinevi.com.tr\/index.php\/urun\/kabuk\/"},"modified":"2026-04-16T02:27:30","modified_gmt":"2026-04-15T23:27:30","slug":"kabuk","status":"publish","type":"product","link":"https:\/\/roveyayinevi.com.tr\/index.php\/urun\/kabuk\/","title":{"rendered":"Kabuk"},"content":{"rendered":"<p>Sabiha, Sezin, F\u00fcsun&#8230; Anneanne, anne, evlat&#8230;  Zeynep Ka\u00e7ar, \u00fc\u00e7 kad\u0131n\u0131n ve onlar\u0131n etraf\u0131n\u0131 saran kad\u0131nlar\u0131n hayatlar\u0131n\u0131 Kabuk\u2019ta resmedip b\u00fcy\u00fck insanl\u0131k panoramas\u0131n\u0131 olu\u015fturuyor. Ac\u0131n\u0131n yo\u011furdu\u011fu kad\u0131nlar\u0131 koruyan da s\u0131k\u0131\u015ft\u0131r\u0131p ezen de aile kabu\u011fuyken,her \u015feye ra\u011fmen var olmaya \u00e7al\u0131\u015fanlar bize sesleniyor: asla vazge\u00e7me kendin olmaktan!   Terzi Saliha\u2019n\u0131n kuma\u015flara ve uykuya s\u0131\u011f\u0131narak ka\u00e7\u0131p unutmaya \u00e7al\u0131\u015ft\u0131\u011f\u0131 hayat, k\u0131z\u0131 Sezin i\u00e7in  m\u00fccadele ve yoku\u015flarla dolu bir yola d\u00f6n\u00fc\u015f\u00fcyor. F\u00fcsun ise aile miras\u0131 gibi birbirlerine kalan ac\u0131 ve delilikten ka\u00e7maya u\u011fra\u015f\u0131yor. Kad\u0131nl\u0131\u011f\u0131n b\u00fct\u00fcn tan\u0131mlar\u0131 ve gizli odalar\u0131 anlat\u0131l\u0131yor Kabuk\u2019ta.    Zeynep Ka\u00e7ar\u2019\u0131n yay\u0131mland\u0131\u011f\u0131 ilk g\u00fcnden beri \u00e7ok konu\u015fulan ve ses getiren kitab\u0131 Kabuk yeni bask\u0131s\u0131yla Do\u011fan Kitap\u2019ta.   Aile denilen sahtek\u00e2r kurumda kad\u0131n olmak. Farkl\u0131 ku\u015faklar ve farkl\u0131 d\u00fcnya alg\u0131lar\u0131nda. Erkeklerin kurdu\u011fu tiyatro dekorunda, belirleyici oyuncu olman\u0131n c\u00fcmlelerini aramak. K\u0131r\u0131lan her sert kabu\u011fun alt\u0131nda yumu\u015fak bir i\u00e7 olaca\u011f\u0131n\u0131 hayal eden okura, yeni bir kabuk sunmak. Bu zorlu i\u00e7eri\u011fi, ak\u0131\u015fkan bir \u00fcslupla okurun damar\u0131na zerk edebilmek. Yekta Kopan   Zeynep Ka\u00e7ar s\u0131radan say\u0131labilecek herhangi bir aileyi, ailelerin hal\u0131n\u0131n alt\u0131na s\u00fcp\u00fcr\u00fclm\u00fc\u015f, konu\u015fulmayan, yok say\u0131lan s\u0131rlar\u0131n\u0131 a\u00e7\u0131yor bize, toplumsal bir\u00e7ok \u00f6nyarg\u0131ya dokunuyor, kimlikleri sorguluyor. Banu Y\u0131ld\u0131ran Gen\u00e7, Agos Kitap   Zeynep Ka\u00e7ar\u2019\u0131n Kabuk adl\u0131 kitab\u0131 derinlikli bir alt metin ile sesleniyor okura. \u00c7ok bilindik gibi olan\u0131n ba\u015fka bir \u015fekilde ifade edilmesi anlat\u0131n\u0131n ba\u015far\u0131s\u0131 belki de. Kitaplar bir kar\u015f\u0131la\u015fma alan\u0131 yarat\u0131yor ve bu kar\u015f\u0131la\u015fmalar bizde bazen uzun s\u00fcren bir etki b\u0131rak\u0131yor diye d\u00fc\u015f\u00fcn\u00fcyorum, Ka\u00e7ar\u2019\u0131n metninin etkisi kitab\u0131 okuyanlar \u00fczerinde epey s\u00fcrecek gibi g\u00f6r\u00fcn\u00fcyor. Emek Erez 352<\/p>\n","protected":false},"excerpt":{"rendered":"<p>Sabiha, Sezin, F\u00fcsun&#8230; Anneanne, anne, evlat&#8230; Zeynep Ka\u00e7ar, \u00fc\u00e7 kad\u0131n\u0131n ve onlar\u0131n etraf\u0131n\u0131 saran kad\u0131nlar\u0131n hayatlar\u0131n\u0131 Kabuk\u2019ta resmedip b\u00fcy\u00fck insanl\u0131k panoramas\u0131n\u0131 olu\u015fturuyor. Ac\u0131n\u0131n yo\u011furdu\u011fu kad\u0131nlar\u0131 koruyan<span class=\"excerpt-hellip\"> [\u2026]<\/span><\/p>\n","protected":false},"featured_media":0,"template":"","meta":{"_monsterinsights_skip_tracking":false,"_monsterinsights_sitenote_active":false,"_monsterinsights_sitenote_note":"","_monsterinsights_sitenote_category":0},"product_brand":[],"product_cat":[12291,12711],"product_tag":[],"class_list":{"0":"post-719283","1":"product","2":"type-product","3":"status-publish","5":"product_cat-edebiyat","6":"product_cat-roman-oyku","7":"pa_cilt-ciltsiz","8":"pa_tur-kitap","9":"pa_yayinevi-dogan-kitap","10":"pa_yazar-zeynep-kacar","12":"first","13":"instock","14":"sale","15":"shipping-taxable","16":"purchasable","17":"product-type-simple"},"_links":{"self":[{"href":"https:\/\/roveyayinevi.com.tr\/index.php\/wp-json\/wp\/v2\/product\/719283","targetHints":{"allow":["GET"]}}],"collection":[{"href":"https:\/\/roveyayinevi.com.tr\/index.php\/wp-json\/wp\/v2\/product"}],"about":[{"href":"https:\/\/roveyayinevi.com.tr\/index.php\/wp-json\/wp\/v2\/types\/product"}],"wp:attachment":[{"href":"https:\/\/roveyayinevi.com.tr\/index.php\/wp-json\/wp\/v2\/media?parent=719283"}],"wp:term":[{"taxonomy":"product_brand","embeddable":true,"href":"https:\/\/roveyayinevi.com.tr\/index.php\/wp-json\/wp\/v2\/product_brand?post=719283"},{"taxonomy":"product_cat","embeddable":true,"href":"https:\/\/roveyayinevi.com.tr\/index.php\/wp-json\/wp\/v2\/product_cat?post=719283"},{"taxonomy":"product_tag","embeddable":true,"href":"https:\/\/roveyayinevi.com.tr\/index.php\/wp-json\/wp\/v2\/product_tag?post=719283"}],"curies":[{"name":"wp","href":"https:\/\/api.w.org\/{rel}","templated":true}]}}