{"id":719282,"date":"2025-08-27T18:20:12","date_gmt":"2025-08-27T15:20:12","guid":{"rendered":"https:\/\/roveyayinevi.com.tr\/index.php\/urun\/gurur-ve-onyargi-3\/"},"modified":"2025-11-21T05:27:33","modified_gmt":"2025-11-21T02:27:33","slug":"gurur-ve-onyargi-3","status":"publish","type":"product","link":"https:\/\/roveyayinevi.com.tr\/index.php\/urun\/gurur-ve-onyargi-3\/","title":{"rendered":"Gurur ve \u00d6nyarg\u0131"},"content":{"rendered":"<p>&#8220;Gurur ve \u00d6nyarg\u0131&#8217;y\u0131 ilk kez okuyacak olanlar\u0131n yerinde olmay\u0131 \u00e7ok isterdim.&#8221; \u2014 \u015eebnem \u0130\u015fig\u00fczel    Evlilik \u00e7a\u011f\u0131nda be\u015f gen\u00e7 k\u0131z\u2026 Evlenmekten ba\u015fka \u00e7aresi olmayan k\u0131zlar g\u00fcnlerini nak\u0131\u015f yaparak, dans ederek, a\u015fk\u0131n hangi g\u00f6rkemli malik\u00e2nede ya\u015fad\u0131\u011f\u0131n\u0131 bulmak i\u00e7in kara kara d\u00fc\u015f\u00fcnerek ge\u00e7irmektedirler. G\u00f6r\u00fcc\u00fc usul\u00fc art\u0131k tarihe kar\u0131\u015fm\u0131\u015f, her \u015fey biraz daha zorla\u015fm\u0131\u015ft\u0131r. Darcy ve Elizabeth&#8217;in muratlar\u0131na ermek i\u00e7in Gurur&#8217;u ve \u00d6nyarg\u0131&#8217;y\u0131 bir kenara b\u0131rakmalar\u0131n\u0131n zaman\u0131 gelmi\u015ftir. <\/p>\n","protected":false},"excerpt":{"rendered":"<p>&#8220;Gurur ve \u00d6nyarg\u0131&#8217;y\u0131 ilk kez okuyacak olanlar\u0131n yerinde olmay\u0131 \u00e7ok isterdim.&#8221; \u2014 \u015eebnem \u0130\u015fig\u00fczel Evlilik \u00e7a\u011f\u0131nda be\u015f gen\u00e7 k\u0131z\u2026 Evlenmekten ba\u015fka \u00e7aresi olmayan k\u0131zlar g\u00fcnlerini nak\u0131\u015f<span class=\"excerpt-hellip\"> [\u2026]<\/span><\/p>\n","protected":false},"featured_media":0,"template":"","meta":{"_monsterinsights_skip_tracking":false,"_monsterinsights_sitenote_active":false,"_monsterinsights_sitenote_note":"","_monsterinsights_sitenote_category":0},"product_brand":[],"product_cat":[12291,12711],"product_tag":[],"class_list":{"0":"post-719282","1":"product","2":"type-product","3":"status-publish","5":"product_cat-edebiyat","6":"product_cat-roman-oyku","7":"pa_cilt-ciltsiz","8":"pa_tur-kitap","9":"pa_yayinevi-dogan-kitap","10":"pa_yazar-jane-austen","12":"first","13":"instock","14":"sale","15":"shipping-taxable","16":"purchasable","17":"product-type-simple"},"_links":{"self":[{"href":"https:\/\/roveyayinevi.com.tr\/index.php\/wp-json\/wp\/v2\/product\/719282","targetHints":{"allow":["GET"]}}],"collection":[{"href":"https:\/\/roveyayinevi.com.tr\/index.php\/wp-json\/wp\/v2\/product"}],"about":[{"href":"https:\/\/roveyayinevi.com.tr\/index.php\/wp-json\/wp\/v2\/types\/product"}],"wp:attachment":[{"href":"https:\/\/roveyayinevi.com.tr\/index.php\/wp-json\/wp\/v2\/media?parent=719282"}],"wp:term":[{"taxonomy":"product_brand","embeddable":true,"href":"https:\/\/roveyayinevi.com.tr\/index.php\/wp-json\/wp\/v2\/product_brand?post=719282"},{"taxonomy":"product_cat","embeddable":true,"href":"https:\/\/roveyayinevi.com.tr\/index.php\/wp-json\/wp\/v2\/product_cat?post=719282"},{"taxonomy":"product_tag","embeddable":true,"href":"https:\/\/roveyayinevi.com.tr\/index.php\/wp-json\/wp\/v2\/product_tag?post=719282"}],"curies":[{"name":"wp","href":"https:\/\/api.w.org\/{rel}","templated":true}]}}