{"id":719281,"date":"2025-08-27T18:20:11","date_gmt":"2025-08-27T15:20:11","guid":{"rendered":"https:\/\/roveyayinevi.com.tr\/index.php\/urun\/diri-ask\/"},"modified":"2026-04-11T02:34:22","modified_gmt":"2026-04-10T23:34:22","slug":"diri-ask","status":"publish","type":"product","link":"https:\/\/roveyayinevi.com.tr\/index.php\/urun\/diri-ask\/","title":{"rendered":"Diri A\u015fk"},"content":{"rendered":"<p>A\u015fk \u00f6l\u00fcmden en uzak nokta   \u0130nsanlar a\u015fk\u0131 yaratm\u0131yordu, Diri A\u015fk canl\u0131 bir hayvan gibi kendili\u011finden vard\u0131 ve ya\u015famak i\u00e7in iki insan\u0131 bir araya getirip onlar\u0131n kan\u0131na giriyor, o kanda beslenip kendini var ediyordu. Nas\u0131l bebek anne ve babay\u0131 bir araya getirerek kendini do\u011furuyor, sonra da b\u00fcy\u00fct\u00fcyordu, Diri A\u015fk da \u00f6yleydi. Kendi hayat\u0131 vard\u0131 a\u015fk\u0131n, bencil, \u00f6ld\u00fcr\u00fcc\u00fc, bir \u00f6m\u00fcr bekletici ve sonunda yok edici bir hayat\u0131. Hayat\u0131n\u0131 s\u00fcrd\u00fcrebilmek i\u00e7in ne \u00f6l\u00fcy\u00fc ne diriyi b\u0131rak\u0131yordu, ne \u00f6lenle \u00f6l\u00fcyor ne bay\u0131lanla bay\u0131l\u0131yordu.  Herkesi u\u00e7 uca ekliyor, bir g\u00fcn bile cans\u0131z kalm\u0131yordu. Adli T\u0131p\u2019ta daire ba\u015fkan\u0131 olan K\u00e2mil, kurum \u00e7al\u0131\u015fan\u0131 Agop\u2019un tutkulu a\u015fk\u0131na, insanlar\u0131n sevda pe\u015finde i\u015fledi\u011fi cinayetlere, \u015fehvet su\u00e7lar\u0131na \u015fahit olduk\u00e7a kendinde bir \u015feylerin eksik oldu\u011funa karar verir. \u00c2\u015f\u0131k olma, hissetme \u00f6z\u00fcrl\u00fcd\u00fcr K\u00e2mil. Ama bunu de\u011fi\u015ftirmenin bir yolu da olabilir. Beyinde a\u015fk\u0131n yaratt\u0131\u011f\u0131 kimyay\u0131 yeniden yaratabilirse a\u015fk\u0131 da yaratm\u0131\u015f olacakt\u0131r.  Tahir Musa Ceylan\u2019dan kal\u0131pla\u015fm\u0131\u015f edebiyat form\u00fcllerine ba\u015fkald\u0131ran, kendi ak\u0131\u015f\u0131n\u0131 ve kendine has edebiyat\u0131 yaratmak konusunda \u0131srarl\u0131 bir kitap Diri A\u015fk\u2026 Edebi, felsefi bir derinli\u011fi, dilin s\u0131n\u0131rlar\u0131n\u0131 geni\u015fleterek ortaya koyan bir yazar var kar\u015f\u0131m\u0131zda.  <\/p>\n","protected":false},"excerpt":{"rendered":"<p>A\u015fk \u00f6l\u00fcmden en uzak nokta \u0130nsanlar a\u015fk\u0131 yaratm\u0131yordu, Diri A\u015fk canl\u0131 bir hayvan gibi kendili\u011finden vard\u0131 ve ya\u015famak i\u00e7in iki insan\u0131 bir araya getirip onlar\u0131n kan\u0131na<span class=\"excerpt-hellip\"> [\u2026]<\/span><\/p>\n","protected":false},"featured_media":0,"template":"","meta":{"_monsterinsights_skip_tracking":false,"_monsterinsights_sitenote_active":false,"_monsterinsights_sitenote_note":"","_monsterinsights_sitenote_category":0},"product_brand":[],"product_cat":[12291,12711],"product_tag":[],"class_list":{"0":"post-719281","1":"product","2":"type-product","3":"status-publish","5":"product_cat-edebiyat","6":"product_cat-roman-oyku","7":"pa_cilt-ciltsiz","8":"pa_tur-kitap","9":"pa_yayinevi-dogan-kitap","10":"pa_yazar-tahir-musa-ceylan","12":"first","13":"instock","14":"sale","15":"shipping-taxable","16":"purchasable","17":"product-type-simple"},"_links":{"self":[{"href":"https:\/\/roveyayinevi.com.tr\/index.php\/wp-json\/wp\/v2\/product\/719281","targetHints":{"allow":["GET"]}}],"collection":[{"href":"https:\/\/roveyayinevi.com.tr\/index.php\/wp-json\/wp\/v2\/product"}],"about":[{"href":"https:\/\/roveyayinevi.com.tr\/index.php\/wp-json\/wp\/v2\/types\/product"}],"wp:attachment":[{"href":"https:\/\/roveyayinevi.com.tr\/index.php\/wp-json\/wp\/v2\/media?parent=719281"}],"wp:term":[{"taxonomy":"product_brand","embeddable":true,"href":"https:\/\/roveyayinevi.com.tr\/index.php\/wp-json\/wp\/v2\/product_brand?post=719281"},{"taxonomy":"product_cat","embeddable":true,"href":"https:\/\/roveyayinevi.com.tr\/index.php\/wp-json\/wp\/v2\/product_cat?post=719281"},{"taxonomy":"product_tag","embeddable":true,"href":"https:\/\/roveyayinevi.com.tr\/index.php\/wp-json\/wp\/v2\/product_tag?post=719281"}],"curies":[{"name":"wp","href":"https:\/\/api.w.org\/{rel}","templated":true}]}}